{"id":76833,"date":"2025-07-14T14:57:12","date_gmt":"2025-07-14T11:57:12","guid":{"rendered":"https:\/\/demo8.ecube.lv\/sezona.lv\/products\/cilpa-leduscirtnim-grivel-double-spring\/"},"modified":"2025-07-14T14:57:12","modified_gmt":"2025-07-14T11:57:12","slug":"cilpa-leduscirtnim-grivel-double-spring","status":"publish","type":"product","link":"https:\/\/sezona.lv\/en\/products\/cilpa-leduscirtnim-grivel-double-spring\/","title":{"rendered":"Cilpa leduscirtnim Grivel Double Spring"},"content":{"rendered":"<p><span>Elast\u012bgas cilpas tehniskajiem leduscirt\u0146iem. Pasarg\u0101s leduscirt\u0146us no pazu&scaron;anas. Grivel Double Spring elast\u012bg\u0101s cilpas ir apr\u012bkotas ar rot\u0113jo&scaron;u karab\u012bni, kas nov\u0113rs\u012bs sap\u012b&scaron;anos. Mazo karab\u012b\u0146u iztur\u012bba ir 750kg. Maksim\u0101li ieteicam\u0101 lieto&scaron;anas slodze ir 200kg. Grivel Double Spring nav lietojama cilv\u0113ku dro&scaron;in\u0101&scaron;anai, vai k\u0101 pa&scaron;dro&scaron;in\u0101&scaron;ana.<\/span><\/p>\n","protected":false},"excerpt":{"rendered":"<p>Elast\u012bgas cilpas tehniskajiem leduscirt\u0146iem. Pasarg\u0101s leduscirt\u0146us no pazu&scaron;anas. Grivel Double Spring elast\u012bg\u0101s cilpas ir apr\u012bkotas ar rot\u0113jo&scaron;u karab\u012bni, kas nov\u0113rs\u012bs sap\u012b&scaron;anos. Mazo karab\u012b\u0146u iztur\u012bba ir 750kg. Maksim\u0101li ieteicam\u0101 lieto&scaron;anas slodze ir 200kg. Grivel Double Spring nav lietojama cilv\u0113ku dro&scaron;in\u0101&scaron;anai, vai k\u0101 pa&scaron;dro&scaron;in\u0101&scaron;ana.<\/p>\n","protected":false},"featured_media":0,"template":"","meta":[],"product_brand":[966],"product_cat":[4851,4859,4868],"product_tag":[],"class_list":{"0":"post-76833","1":"product","2":"type-product","3":"status-publish","5":"product_brand-grivel","6":"product_cat-mountaineering-equipment-recreation","7":"product_cat-for-rock-climbing-mountaineering-mountaineering-equipment-recreation","8":"product_cat-ice-axes-for-rock-climbing-mountaineering-mountaineering-equipment-recreation","10":"first","11":"instock","12":"shipping-taxable","13":"purchasable","14":"product-type-simple"},"_links":{"self":[{"href":"https:\/\/sezona.lv\/en\/wp-json\/wp\/v2\/product\/76833","targetHints":{"allow":["GET"]}}],"collection":[{"href":"https:\/\/sezona.lv\/en\/wp-json\/wp\/v2\/product"}],"about":[{"href":"https:\/\/sezona.lv\/en\/wp-json\/wp\/v2\/types\/product"}],"wp:attachment":[{"href":"https:\/\/sezona.lv\/en\/wp-json\/wp\/v2\/media?parent=76833"}],"wp:term":[{"taxonomy":"product_brand","embeddable":true,"href":"https:\/\/sezona.lv\/en\/wp-json\/wp\/v2\/product_brand?post=76833"},{"taxonomy":"product_cat","embeddable":true,"href":"https:\/\/sezona.lv\/en\/wp-json\/wp\/v2\/product_cat?post=76833"},{"taxonomy":"product_tag","embeddable":true,"href":"https:\/\/sezona.lv\/en\/wp-json\/wp\/v2\/product_tag?post=76833"}],"curies":[{"name":"wp","href":"https:\/\/api.w.org\/{rel}","templated":true}]}}