{"id":76834,"date":"2025-07-14T14:57:13","date_gmt":"2025-07-14T11:57:13","guid":{"rendered":"https:\/\/demo8.ecube.lv\/sezona.lv\/products\/kivere-climbing-technology-stark-dzeltena\/"},"modified":"2025-07-14T14:57:13","modified_gmt":"2025-07-14T11:57:13","slug":"kivere-climbing-technology-stark-dzeltena","status":"publish","type":"product","link":"https:\/\/sezona.lv\/en\/products\/kivere-climbing-technology-stark-dzeltena\/","title":{"rendered":"\u0136ivere Climbing Technology Stark dzeltena"},"content":{"rendered":"<p align=\"justify\"><span style=\"font-size: x-small\">Profesion\u0101la aizsarg\u0137ivere alp\u012bnismam, klin&scaron;u k\u0101p&scaron;anai, speleolo\u0123ijai un kanjoningam. \u013boti viegla un komfortabla. Ventil\u0101cijas caurumi ir aizsarg\u0101ti ar met\u0101la sietu.<\/span><\/p>\n<p align=\"justify\"><strong><span style=\"font-size: x-small\">Specifik\u0101cija:<\/span><\/strong><\/p>\n<div><\/div>\n<p align=\"justify\"><span style=\"font-size: x-small\">Svars: 380g<\/span><\/p>\n<div><\/div>\n<p align=\"justify\"><span style=\"font-size: x-small\">Izm\u0113rs: cm 53 &divide; 62<\/span><\/p>\n<div><\/div>\n<p align=\"justify\"><span style=\"font-size: x-small\">Sertifik\u0101cija: CE\/UIAA EN 12492:2000<\/span><\/p>\n","protected":false},"excerpt":{"rendered":"<p>Profesion\u0101la aizsarg\u0137ivere alp\u012bnismam, klin&scaron;u k\u0101p&scaron;anai, speleolo\u0123ijai un kanjoningam. \u013boti viegla un komfortabla. Ventil\u0101cijas caurumi ir aizsarg\u0101ti ar met\u0101la sietu. Specifik\u0101cija: Svars: 380g Izm\u0113rs: cm 53 &divide; 62 Sertifik\u0101cija: CE\/UIAA EN 12492:2000<\/p>\n","protected":false},"featured_media":0,"template":"","meta":[],"product_brand":[928],"product_cat":[4851,4859,4869],"product_tag":[],"class_list":{"0":"post-76834","1":"product","2":"type-product","3":"status-publish","5":"product_brand-climbing-technology","6":"product_cat-mountaineering-equipment-recreation","7":"product_cat-for-rock-climbing-mountaineering-mountaineering-equipment-recreation","8":"product_cat---for-rock-climbing-mountaineering-mountaineering-equipment-recreation","10":"first","11":"instock","12":"shipping-taxable","13":"purchasable","14":"product-type-simple"},"_links":{"self":[{"href":"https:\/\/sezona.lv\/en\/wp-json\/wp\/v2\/product\/76834","targetHints":{"allow":["GET"]}}],"collection":[{"href":"https:\/\/sezona.lv\/en\/wp-json\/wp\/v2\/product"}],"about":[{"href":"https:\/\/sezona.lv\/en\/wp-json\/wp\/v2\/types\/product"}],"wp:attachment":[{"href":"https:\/\/sezona.lv\/en\/wp-json\/wp\/v2\/media?parent=76834"}],"wp:term":[{"taxonomy":"product_brand","embeddable":true,"href":"https:\/\/sezona.lv\/en\/wp-json\/wp\/v2\/product_brand?post=76834"},{"taxonomy":"product_cat","embeddable":true,"href":"https:\/\/sezona.lv\/en\/wp-json\/wp\/v2\/product_cat?post=76834"},{"taxonomy":"product_tag","embeddable":true,"href":"https:\/\/sezona.lv\/en\/wp-json\/wp\/v2\/product_tag?post=76834"}],"curies":[{"name":"wp","href":"https:\/\/api.w.org\/{rel}","templated":true}]}}