{"id":76841,"date":"2025-07-14T14:57:18","date_gmt":"2025-07-14T11:57:18","guid":{"rendered":"https:\/\/demo8.ecube.lv\/sezona.lv\/products\/kivere-climbing-technology-galaxy-sarkana\/"},"modified":"2025-07-14T14:57:18","modified_gmt":"2025-07-14T11:57:18","slug":"kivere-climbing-technology-galaxy-sarkana","status":"publish","type":"product","link":"https:\/\/sezona.lv\/en\/products\/kivere-climbing-technology-galaxy-sarkana\/","title":{"rendered":"\u0136ivere Climbing Technology Galaxy sarkana"},"content":{"rendered":"<p align=\"justify\"><span style=\"font-size: x-small\">Univers\u0101la ciet\u0101 apvalka \u0137ivere ledusk\u0101p&scaron;anai, klin&scaron;u k\u0101p&scaron;anai vai VIA Ferrata tak\u0101m.<\/span><\/p>\n<p align=\"justify\">&nbsp;<\/p>\n<p align=\"justify\"><strong><span style=\"font-size: x-small\">Specifik\u0101cija:<\/span><\/strong><\/p>\n<p align=\"justify\">&nbsp;<\/p>\n<div>\n<ul>\n<li><span style=\"font-size: x-small\">ergonomisks dizains<\/span><\/li>\n<li><span style=\"font-size: x-small\">Viegla un \u0113rta ar labu ventil\u0101ciju<\/span><\/li>\n<li><span style=\"font-size: x-small\">4 pieres luktura stiprin\u0101jumi<\/span><\/li>\n<li><span style=\"font-size: x-small\">piln\u012bb\u0101 regul\u0113jama, lai der\u0113tu v\u012brie&scaron;iem, sieviet\u0113m un b\u0113rniem<\/span><\/li>\n<li><span style=\"font-size: x-small\">iek&scaron;\u0113jie polster\u0113jumi ir \u0101tri \u017e\u016bsto&scaron;i un mazg\u0101jami<\/span><\/li>\n<li><span style=\"font-size: x-small\">saveitojama ar VISOR G aizsargstiklu<\/span><\/li>\n<li><span style=\"font-size: x-small\">350g<\/span><\/li>\n<li><span style=\"font-size: x-small\">Izm\u0113rs: 50 &#8211; 61cm<\/span><\/li>\n<\/ul>\n<\/div>\n<p align=\"justify\">&nbsp;<\/p>\n<p align=\"justify\"><span style=\"font-size: x-small\">Sertifik\u0101cija: EN 12492:2003, CE, UIAA<\/span><\/p>\n","protected":false},"excerpt":{"rendered":"<p>Univers\u0101la ciet\u0101 apvalka \u0137ivere ledusk\u0101p&scaron;anai, klin&scaron;u k\u0101p&scaron;anai vai VIA Ferrata tak\u0101m. &nbsp; Specifik\u0101cija: &nbsp; ergonomisks dizains Viegla un \u0113rta ar labu ventil\u0101ciju 4 pieres luktura stiprin\u0101jumi piln\u012bb\u0101 regul\u0113jama, lai der\u0113tu v\u012brie&scaron;iem, sieviet\u0113m un b\u0113rniem iek&scaron;\u0113jie polster\u0113jumi ir \u0101tri \u017e\u016bsto&scaron;i un mazg\u0101jami saveitojama ar VISOR G aizsargstiklu 350g Izm\u0113rs: 50 &#8211; 61cm &nbsp; Sertifik\u0101cija: EN 12492:2003, [&hellip;]<\/p>\n","protected":false},"featured_media":0,"template":"","meta":[],"product_brand":[928],"product_cat":[4851,4859,4869],"product_tag":[],"class_list":{"0":"post-76841","1":"product","2":"type-product","3":"status-publish","5":"product_brand-climbing-technology","6":"product_cat-mountaineering-equipment-recreation","7":"product_cat-for-rock-climbing-mountaineering-mountaineering-equipment-recreation","8":"product_cat---for-rock-climbing-mountaineering-mountaineering-equipment-recreation","10":"first","11":"instock","12":"shipping-taxable","13":"purchasable","14":"product-type-simple"},"_links":{"self":[{"href":"https:\/\/sezona.lv\/en\/wp-json\/wp\/v2\/product\/76841","targetHints":{"allow":["GET"]}}],"collection":[{"href":"https:\/\/sezona.lv\/en\/wp-json\/wp\/v2\/product"}],"about":[{"href":"https:\/\/sezona.lv\/en\/wp-json\/wp\/v2\/types\/product"}],"wp:attachment":[{"href":"https:\/\/sezona.lv\/en\/wp-json\/wp\/v2\/media?parent=76841"}],"wp:term":[{"taxonomy":"product_brand","embeddable":true,"href":"https:\/\/sezona.lv\/en\/wp-json\/wp\/v2\/product_brand?post=76841"},{"taxonomy":"product_cat","embeddable":true,"href":"https:\/\/sezona.lv\/en\/wp-json\/wp\/v2\/product_cat?post=76841"},{"taxonomy":"product_tag","embeddable":true,"href":"https:\/\/sezona.lv\/en\/wp-json\/wp\/v2\/product_tag?post=76841"}],"curies":[{"name":"wp","href":"https:\/\/api.w.org\/{rel}","templated":true}]}}