{"id":76843,"date":"2025-07-14T14:57:20","date_gmt":"2025-07-14T11:57:20","guid":{"rendered":"https:\/\/demo8.ecube.lv\/sezona.lv\/products\/kivere-petzl-sirocco\/"},"modified":"2025-07-14T14:57:20","modified_gmt":"2025-07-14T11:57:20","slug":"kivere-petzl-sirocco","status":"publish","type":"product","link":"https:\/\/sezona.lv\/en\/products\/kivere-petzl-sirocco\/","title":{"rendered":"\u0136ivere Petzl Sirocco"},"content":{"rendered":"<p align=\"justify\"><span style=\"font-size: x-small\">\u013boti viegla aizsarg\u0137ivere klin&scaron;u k\u0101p&scaron;anai un alp\u012bnismam. Inovat\u012bv\u0101 viengabala konstrukcija ar papla&scaron;in\u0101ta polipropil\u0113na \u0101r\u0113jo da\u013cu un tekstila regul\u0101cijas sist\u0113mu maksim\u0101li samazina \u0137iveres svaru, vienlaic\u012bgi saglab\u0101jot izcilu triecieniztur\u012bbu, pateicoties papla&scaron;in\u0101t\u0101 polipropil\u0113na (EPP) materi\u0101la meh\u0101niskaj\u0101m \u012bpa&scaron;\u012bb\u0101m.&nbsp;<br \/>&Scaron;\u012b \u0137ivere apr\u012bkota ar jauno magn\u0113tisko aizdares spr\u0101dzi, kas \u013cauj zoda spr\u0101dzes piestiprin\u0101t tikai ar vienas rokas pal\u012bdz\u012bbu. T\u0101 ir piln\u012bb\u0101 regul\u0113jama un piel\u0101gojas galvas formai, k\u0101 ar\u012b nodro&scaron;ina lielisku ventil\u0101ciju. Iz\u0146emamais komforta putu polster\u0113jums ir step\u0113ts un oder\u0113ts ar absorb\u0113jo&scaron;u audumu, tas ir mazg\u0101jams. \u0136iverei s\u0101nos iestr\u0101d\u0101tas atveres Vizion aizsargstikla stiprin\u0101&scaron;anai, k\u0101 ar\u012b tai ir divi \u0101\u0137i un elast\u012bgs elements aizmugur\u0113 pieres luktura stiprin\u0101&scaron;anai. Materi\u0101li: \u0100r\u0113j\u0101 da\u013ca &#8211; papla&scaron;in\u0101ts polipropil\u0113ns (EPP), siksnas &#8211; poliesteris.<\/span><\/p>\n<p>&nbsp;<\/p>\n<p align=\"justify\"><span style=\"font-size: x-small\">Sertifik\u0101cija: CE EN 12492, UIAA.<\/span><\/p>\n<p>&nbsp;<\/p>\n<p align=\"justify\"><span style=\"font-size: x-small\">Specifik\u0101cija:&nbsp;<br \/>izm\u0113rs: 1<br \/>Galvas apk\u0101rtm\u0113rs: 48 &#8211; 56&nbsp;cm<br \/>Svars: 145&nbsp;g<\/span><\/p>\n<p>&nbsp;<\/p>\n<p align=\"justify\"><span style=\"font-size: x-small\">Izm\u0113rs<strong>:<\/strong>&nbsp;2<br \/>Galvas apk\u0101rtm\u0113rs: 53 &#8211; 61&nbsp;cm<br \/>Svars: 165&nbsp;g<\/span><\/p>\n","protected":false},"excerpt":{"rendered":"<p>\u013boti viegla aizsarg\u0137ivere klin&scaron;u k\u0101p&scaron;anai un alp\u012bnismam. Inovat\u012bv\u0101 viengabala konstrukcija ar papla&scaron;in\u0101ta polipropil\u0113na \u0101r\u0113jo da\u013cu un tekstila regul\u0101cijas sist\u0113mu maksim\u0101li samazina \u0137iveres svaru, vienlaic\u012bgi saglab\u0101jot izcilu triecieniztur\u012bbu, pateicoties papla&scaron;in\u0101t\u0101 polipropil\u0113na (EPP) materi\u0101la meh\u0101niskaj\u0101m \u012bpa&scaron;\u012bb\u0101m.&nbsp;&Scaron;\u012b \u0137ivere apr\u012bkota ar jauno magn\u0113tisko aizdares spr\u0101dzi, kas \u013cauj zoda spr\u0101dzes piestiprin\u0101t tikai ar vienas rokas pal\u012bdz\u012bbu. T\u0101 ir piln\u012bb\u0101 regul\u0113jama [&hellip;]<\/p>\n","protected":false},"featured_media":0,"template":"","meta":[],"product_brand":[957],"product_cat":[4851,4859,4869],"product_tag":[],"class_list":{"0":"post-76843","1":"product","2":"type-product","3":"status-publish","5":"product_brand-petzl","6":"product_cat-mountaineering-equipment-recreation","7":"product_cat-for-rock-climbing-mountaineering-mountaineering-equipment-recreation","8":"product_cat---for-rock-climbing-mountaineering-mountaineering-equipment-recreation","10":"first","11":"instock","12":"shipping-taxable","13":"purchasable","14":"product-type-simple"},"_links":{"self":[{"href":"https:\/\/sezona.lv\/en\/wp-json\/wp\/v2\/product\/76843","targetHints":{"allow":["GET"]}}],"collection":[{"href":"https:\/\/sezona.lv\/en\/wp-json\/wp\/v2\/product"}],"about":[{"href":"https:\/\/sezona.lv\/en\/wp-json\/wp\/v2\/types\/product"}],"wp:attachment":[{"href":"https:\/\/sezona.lv\/en\/wp-json\/wp\/v2\/media?parent=76843"}],"wp:term":[{"taxonomy":"product_brand","embeddable":true,"href":"https:\/\/sezona.lv\/en\/wp-json\/wp\/v2\/product_brand?post=76843"},{"taxonomy":"product_cat","embeddable":true,"href":"https:\/\/sezona.lv\/en\/wp-json\/wp\/v2\/product_cat?post=76843"},{"taxonomy":"product_tag","embeddable":true,"href":"https:\/\/sezona.lv\/en\/wp-json\/wp\/v2\/product_tag?post=76843"}],"curies":[{"name":"wp","href":"https:\/\/api.w.org\/{rel}","templated":true}]}}