{"id":76846,"date":"2025-07-14T14:57:22","date_gmt":"2025-07-14T11:57:22","guid":{"rendered":"https:\/\/demo8.ecube.lv\/sezona.lv\/products\/kivere-grivel-salamander-dzeltena-54-62\/"},"modified":"2025-07-14T14:57:22","modified_gmt":"2025-07-14T11:57:22","slug":"kivere-grivel-salamander-dzeltena-54-62","status":"publish","type":"product","link":"https:\/\/sezona.lv\/en\/products\/kivere-grivel-salamander-dzeltena-54-62\/","title":{"rendered":"\u0136ivere Grivel Salamander dzeltena 54-62"},"content":{"rendered":"<p align=\"justify\"><span style=\"font-size: x-small\">Alp\u012bnisma \u0137ivere paredz\u0113ta gan klin&scaron;u, gan ledus, gan gariem ziemas mix kalnu mar&scaron;rutiem. \u0100r\u0113j\u0101s apvalks izgatavots no iztur\u012bga ABS materi\u0101la, savuk\u0101rt iek&scaron;\u0113jais amortiz\u0101cijas sl\u0101nis no polistir\u0113na put\u0101m. Lieliska gaisa cirkul\u0101cija. Regul\u0113jama. Savietojama ar aizsargstiklu &#8211; VISOR.<\/span><\/p>\n<div><\/div>\n<p align=\"justify\"><span style=\"font-size: x-small\"><strong>Specifik\u0101cija:<\/strong><br \/>Svars: 385g<br \/>Izm\u0113rs: 54 &#8211; 62 cm<\/span><\/p>\n","protected":false},"excerpt":{"rendered":"<p>Alp\u012bnisma \u0137ivere paredz\u0113ta gan klin&scaron;u, gan ledus, gan gariem ziemas mix kalnu mar&scaron;rutiem. \u0100r\u0113j\u0101s apvalks izgatavots no iztur\u012bga ABS materi\u0101la, savuk\u0101rt iek&scaron;\u0113jais amortiz\u0101cijas sl\u0101nis no polistir\u0113na put\u0101m. Lieliska gaisa cirkul\u0101cija. Regul\u0113jama. Savietojama ar aizsargstiklu &#8211; VISOR. Specifik\u0101cija:Svars: 385gIzm\u0113rs: 54 &#8211; 62 cm<\/p>\n","protected":false},"featured_media":0,"template":"","meta":[],"product_brand":[966],"product_cat":[4851,4859,4869],"product_tag":[],"class_list":{"0":"post-76846","1":"product","2":"type-product","3":"status-publish","5":"product_brand-grivel","6":"product_cat-mountaineering-equipment-recreation","7":"product_cat-for-rock-climbing-mountaineering-mountaineering-equipment-recreation","8":"product_cat---for-rock-climbing-mountaineering-mountaineering-equipment-recreation","10":"first","11":"instock","12":"shipping-taxable","13":"purchasable","14":"product-type-simple"},"_links":{"self":[{"href":"https:\/\/sezona.lv\/en\/wp-json\/wp\/v2\/product\/76846","targetHints":{"allow":["GET"]}}],"collection":[{"href":"https:\/\/sezona.lv\/en\/wp-json\/wp\/v2\/product"}],"about":[{"href":"https:\/\/sezona.lv\/en\/wp-json\/wp\/v2\/types\/product"}],"wp:attachment":[{"href":"https:\/\/sezona.lv\/en\/wp-json\/wp\/v2\/media?parent=76846"}],"wp:term":[{"taxonomy":"product_brand","embeddable":true,"href":"https:\/\/sezona.lv\/en\/wp-json\/wp\/v2\/product_brand?post=76846"},{"taxonomy":"product_cat","embeddable":true,"href":"https:\/\/sezona.lv\/en\/wp-json\/wp\/v2\/product_cat?post=76846"},{"taxonomy":"product_tag","embeddable":true,"href":"https:\/\/sezona.lv\/en\/wp-json\/wp\/v2\/product_tag?post=76846"}],"curies":[{"name":"wp","href":"https:\/\/api.w.org\/{rel}","templated":true}]}}