{"id":76849,"date":"2025-07-14T14:57:24","date_gmt":"2025-07-14T11:57:24","guid":{"rendered":"https:\/\/demo8.ecube.lv\/sezona.lv\/products\/vizieris-grivel-visor\/"},"modified":"2025-07-14T14:57:24","modified_gmt":"2025-07-14T11:57:24","slug":"vizieris-grivel-visor","status":"publish","type":"product","link":"https:\/\/sezona.lv\/en\/products\/vizieris-grivel-visor\/","title":{"rendered":"Vizieris Grivel Visor"},"content":{"rendered":"<p><span>Aizsargstikls Grivel \u0137iver\u0113m. Lieliski noder ziemas alp\u012bnism\u0101 un ledusk\u0101p&scaron;an\u0101.<\/span><\/p>\n","protected":false},"excerpt":{"rendered":"<p>Aizsargstikls Grivel \u0137iver\u0113m. Lieliski noder ziemas alp\u012bnism\u0101 un ledusk\u0101p&scaron;an\u0101.<\/p>\n","protected":false},"featured_media":0,"template":"","meta":[],"product_brand":[966],"product_cat":[4851,4859,4869],"product_tag":[],"class_list":{"0":"post-76849","1":"product","2":"type-product","3":"status-publish","5":"product_brand-grivel","6":"product_cat-mountaineering-equipment-recreation","7":"product_cat-for-rock-climbing-mountaineering-mountaineering-equipment-recreation","8":"product_cat---for-rock-climbing-mountaineering-mountaineering-equipment-recreation","10":"first","11":"instock","12":"shipping-taxable","13":"purchasable","14":"product-type-simple"},"_links":{"self":[{"href":"https:\/\/sezona.lv\/en\/wp-json\/wp\/v2\/product\/76849","targetHints":{"allow":["GET"]}}],"collection":[{"href":"https:\/\/sezona.lv\/en\/wp-json\/wp\/v2\/product"}],"about":[{"href":"https:\/\/sezona.lv\/en\/wp-json\/wp\/v2\/types\/product"}],"wp:attachment":[{"href":"https:\/\/sezona.lv\/en\/wp-json\/wp\/v2\/media?parent=76849"}],"wp:term":[{"taxonomy":"product_brand","embeddable":true,"href":"https:\/\/sezona.lv\/en\/wp-json\/wp\/v2\/product_brand?post=76849"},{"taxonomy":"product_cat","embeddable":true,"href":"https:\/\/sezona.lv\/en\/wp-json\/wp\/v2\/product_cat?post=76849"},{"taxonomy":"product_tag","embeddable":true,"href":"https:\/\/sezona.lv\/en\/wp-json\/wp\/v2\/product_tag?post=76849"}],"curies":[{"name":"wp","href":"https:\/\/api.w.org\/{rel}","templated":true}]}}