{"id":76850,"date":"2025-07-14T14:57:25","date_gmt":"2025-07-14T11:57:25","guid":{"rendered":"https:\/\/demo8.ecube.lv\/sezona.lv\/products\/vizieris-climbing-technology-visor-large\/"},"modified":"2025-07-14T14:57:25","modified_gmt":"2025-07-14T11:57:25","slug":"vizieris-climbing-technology-visor-large","status":"publish","type":"product","link":"https:\/\/sezona.lv\/en\/products\/vizieris-climbing-technology-visor-large\/","title":{"rendered":"Vizieris Climbing Technology Visor Large"},"content":{"rendered":"<p><span>Vizieris alp\u012bnisma \u0137iver\u0113m. Pasarg\u0101s seju k\u0101p&scaron;anas laik\u0101. Ir iesp\u0113jams pievienot da\u017e\u0101d\u0101m \u0137iver\u0113m. Noder\u012bgs gan alp\u012bnismam, gan darbam augstum\u0101, gan ar\u012b arborismam.<\/span><\/p>\n","protected":false},"excerpt":{"rendered":"<p>Vizieris alp\u012bnisma \u0137iver\u0113m. Pasarg\u0101s seju k\u0101p&scaron;anas laik\u0101. Ir iesp\u0113jams pievienot da\u017e\u0101d\u0101m \u0137iver\u0113m. Noder\u012bgs gan alp\u012bnismam, gan darbam augstum\u0101, gan ar\u012b arborismam.<\/p>\n","protected":false},"featured_media":0,"template":"","meta":[],"product_brand":[928],"product_cat":[4851,4859,4869],"product_tag":[],"class_list":{"0":"post-76850","1":"product","2":"type-product","3":"status-publish","5":"product_brand-climbing-technology","6":"product_cat-mountaineering-equipment-recreation","7":"product_cat-for-rock-climbing-mountaineering-mountaineering-equipment-recreation","8":"product_cat---for-rock-climbing-mountaineering-mountaineering-equipment-recreation","10":"first","11":"instock","12":"shipping-taxable","13":"purchasable","14":"product-type-simple"},"_links":{"self":[{"href":"https:\/\/sezona.lv\/en\/wp-json\/wp\/v2\/product\/76850","targetHints":{"allow":["GET"]}}],"collection":[{"href":"https:\/\/sezona.lv\/en\/wp-json\/wp\/v2\/product"}],"about":[{"href":"https:\/\/sezona.lv\/en\/wp-json\/wp\/v2\/types\/product"}],"wp:attachment":[{"href":"https:\/\/sezona.lv\/en\/wp-json\/wp\/v2\/media?parent=76850"}],"wp:term":[{"taxonomy":"product_brand","embeddable":true,"href":"https:\/\/sezona.lv\/en\/wp-json\/wp\/v2\/product_brand?post=76850"},{"taxonomy":"product_cat","embeddable":true,"href":"https:\/\/sezona.lv\/en\/wp-json\/wp\/v2\/product_cat?post=76850"},{"taxonomy":"product_tag","embeddable":true,"href":"https:\/\/sezona.lv\/en\/wp-json\/wp\/v2\/product_tag?post=76850"}],"curies":[{"name":"wp","href":"https:\/\/api.w.org\/{rel}","templated":true}]}}