{"id":76851,"date":"2025-07-14T14:57:25","date_gmt":"2025-07-14T11:57:25","guid":{"rendered":"https:\/\/demo8.ecube.lv\/sezona.lv\/products\/trisis-climbing-technology-orbiter-m\/"},"modified":"2025-07-14T14:57:25","modified_gmt":"2025-07-14T11:57:25","slug":"trisis-climbing-technology-orbiter-m","status":"publish","type":"product","link":"https:\/\/sezona.lv\/en\/products\/trisis-climbing-technology-orbiter-m\/","title":{"rendered":"Tr\u012bsis Climbing Technology ORBITER M"},"content":{"rendered":"<p>Vienk\u0101r&scaron;s alum\u012bnija kust\u012bg\u0101m ar fiks\u0113t\u0101m s\u0101nu mal\u0101m.<\/p>\n<h4>SPECIFIK\u0100CIJA:<\/h4>\n<p><strong>Iztur\u012bba<\/strong>: 2 x 15kN = 30kN<br \/><strong>Svars<\/strong>: 104g.<br \/><strong>Virves diametr<\/strong>: &le; &Oslash; 13 mm<br \/><strong>Sertifik\u0101cija<\/strong>: CE\/UIAA, CE0333, EN 12278:2007, UIAA<\/p>\n","protected":false},"excerpt":{"rendered":"<p>Vienk\u0101r&scaron;s alum\u012bnija kust\u012bg\u0101m ar fiks\u0113t\u0101m s\u0101nu mal\u0101m. SPECIFIK\u0100CIJA: Iztur\u012bba: 2 x 15kN = 30kNSvars: 104g.Virves diametr: &le; &Oslash; 13 mmSertifik\u0101cija: CE\/UIAA, CE0333, EN 12278:2007, UIAA<\/p>\n","protected":false},"featured_media":0,"template":"","meta":[],"product_brand":[928],"product_cat":[4640,4851,4859,4870],"product_tag":[],"class_list":{"0":"post-76851","1":"product","2":"type-product","3":"status-publish","5":"product_brand-climbing-technology","6":"product_cat-recreation","7":"product_cat-mountaineering-equipment-recreation","8":"product_cat-for-rock-climbing-mountaineering-mountaineering-equipment-recreation","9":"product_cat-pulleys-for-rock-climbing-mountaineering-mountaineering-equipment-recreation","11":"first","12":"instock","13":"shipping-taxable","14":"purchasable","15":"product-type-simple"},"_links":{"self":[{"href":"https:\/\/sezona.lv\/en\/wp-json\/wp\/v2\/product\/76851","targetHints":{"allow":["GET"]}}],"collection":[{"href":"https:\/\/sezona.lv\/en\/wp-json\/wp\/v2\/product"}],"about":[{"href":"https:\/\/sezona.lv\/en\/wp-json\/wp\/v2\/types\/product"}],"wp:attachment":[{"href":"https:\/\/sezona.lv\/en\/wp-json\/wp\/v2\/media?parent=76851"}],"wp:term":[{"taxonomy":"product_brand","embeddable":true,"href":"https:\/\/sezona.lv\/en\/wp-json\/wp\/v2\/product_brand?post=76851"},{"taxonomy":"product_cat","embeddable":true,"href":"https:\/\/sezona.lv\/en\/wp-json\/wp\/v2\/product_cat?post=76851"},{"taxonomy":"product_tag","embeddable":true,"href":"https:\/\/sezona.lv\/en\/wp-json\/wp\/v2\/product_tag?post=76851"}],"curies":[{"name":"wp","href":"https:\/\/api.w.org\/{rel}","templated":true}]}}