{"id":76852,"date":"2025-07-14T14:57:26","date_gmt":"2025-07-14T11:57:26","guid":{"rendered":"https:\/\/demo8.ecube.lv\/sezona.lv\/products\/trisis-climbing-technology-duetto\/"},"modified":"2025-07-14T14:57:26","modified_gmt":"2025-07-14T11:57:26","slug":"trisis-climbing-technology-duetto","status":"publish","type":"product","link":"https:\/\/sezona.lv\/en\/products\/trisis-climbing-technology-duetto\/","title":{"rendered":"Tr\u012bsis Climbing Technology Duetto"},"content":{"rendered":"<p align=\"justify\"><span style=\"font-size: x-small\">Viegls, iztur\u012bgs un univers\u0101ls dubultais transporta tr\u012bsis ar augstu efektivit\u0101ti. Paredz\u0113ts p\u0101rceltuvju organiz\u0113&scaron;anai, tirolie&scaron;u traversiem un cit\u0101m oper\u0101cij\u0101m ar virv\u0113m un transportu. Uz gult\u0146iem. Paredz\u0113ts virv\u0113m l\u012bdz 13mm diametr\u0101 un met\u0101la tros\u0113m l\u012bdz 12mm diamer\u0101.<\/span><\/p>\n<p align=\"justify\">&nbsp;<\/p>\n<p align=\"justify\"><span style=\"font-size: x-small\"><strong><span style=\"color: #800000\">Specifik\u0101cija:<\/span><\/strong><\/span><\/p>\n<p align=\"justify\"><span style=\"font-size: x-small\"><strong>Svars:&nbsp;<\/strong>290g.<br \/><strong>Iztur\u012bba:&nbsp;<\/strong>25kN<\/span><\/p>\n","protected":false},"excerpt":{"rendered":"<p>Viegls, iztur\u012bgs un univers\u0101ls dubultais transporta tr\u012bsis ar augstu efektivit\u0101ti. Paredz\u0113ts p\u0101rceltuvju organiz\u0113&scaron;anai, tirolie&scaron;u traversiem un cit\u0101m oper\u0101cij\u0101m ar virv\u0113m un transportu. Uz gult\u0146iem. Paredz\u0113ts virv\u0113m l\u012bdz 13mm diametr\u0101 un met\u0101la tros\u0113m l\u012bdz 12mm diamer\u0101. &nbsp; Specifik\u0101cija: Svars:&nbsp;290g.Iztur\u012bba:&nbsp;25kN<\/p>\n","protected":false},"featured_media":0,"template":"","meta":[],"product_brand":[928],"product_cat":[4851,4859,4870],"product_tag":[],"class_list":{"0":"post-76852","1":"product","2":"type-product","3":"status-publish","5":"product_brand-climbing-technology","6":"product_cat-mountaineering-equipment-recreation","7":"product_cat-for-rock-climbing-mountaineering-mountaineering-equipment-recreation","8":"product_cat-pulleys-for-rock-climbing-mountaineering-mountaineering-equipment-recreation","10":"first","11":"instock","12":"shipping-taxable","13":"purchasable","14":"product-type-simple"},"_links":{"self":[{"href":"https:\/\/sezona.lv\/en\/wp-json\/wp\/v2\/product\/76852","targetHints":{"allow":["GET"]}}],"collection":[{"href":"https:\/\/sezona.lv\/en\/wp-json\/wp\/v2\/product"}],"about":[{"href":"https:\/\/sezona.lv\/en\/wp-json\/wp\/v2\/types\/product"}],"wp:attachment":[{"href":"https:\/\/sezona.lv\/en\/wp-json\/wp\/v2\/media?parent=76852"}],"wp:term":[{"taxonomy":"product_brand","embeddable":true,"href":"https:\/\/sezona.lv\/en\/wp-json\/wp\/v2\/product_brand?post=76852"},{"taxonomy":"product_cat","embeddable":true,"href":"https:\/\/sezona.lv\/en\/wp-json\/wp\/v2\/product_cat?post=76852"},{"taxonomy":"product_tag","embeddable":true,"href":"https:\/\/sezona.lv\/en\/wp-json\/wp\/v2\/product_tag?post=76852"}],"curies":[{"name":"wp","href":"https:\/\/api.w.org\/{rel}","templated":true}]}}