{"id":76853,"date":"2025-07-14T14:57:27","date_gmt":"2025-07-14T11:57:27","guid":{"rendered":"https:\/\/demo8.ecube.lv\/sezona.lv\/products\/trisis-climbing-technology-rollnlock\/"},"modified":"2025-07-14T14:57:27","modified_gmt":"2025-07-14T11:57:27","slug":"trisis-climbing-technology-rollnlock","status":"publish","type":"product","link":"https:\/\/sezona.lv\/en\/products\/trisis-climbing-technology-rollnlock\/","title":{"rendered":"Tr\u012bsis Climbing Technology Rollnlock"},"content":{"rendered":"<p align=\"justify\"><span style=\"font-size: x-small\">\u013boti viegls, efekt\u012bvs un kompakts tr\u012bsis un virves saspied\u0113ja apvienojums. Paredz\u0113ts da\u017e\u0101diem darbiem ar virv\u0113m un gl\u0101b&scaron;anas darbiem un mantu izvilk&scaron;anai. Paredz\u0113ts lieto&scaron;anai gan ar virv\u0113m, gan lent\u0101m. Var lietot gan tikai k\u0101 tr\u012bsi, gan k\u0101 virves saspied\u0113ju. Viegli uzst\u0101d\u0101ms un no\u0146emams. To var lietot ar\u012b ka pozicionieri, sevi pozicion\u0113&scaron;anai tuv\u0101k vai t\u0101l\u0101k no enkura punkta. Lieliski darbojas gan uz mitr\u0101m, gan net\u012br\u0101m virv\u0113m.<\/span><\/p>\n<div><\/div>\n<p align=\"justify\"><span style=\"font-size: x-small\"><strong>Specifik\u0101cija:<\/strong><br \/>Svars: 80g<br \/>Virves diam.: 8 &#8211; 13mm<br \/>Lentas platums: 10 &#8211; 16mm<br \/>Iztur\u012bba: 10kN x 2 = 20kN<\/span><\/p>\n<div><\/div>\n<p align=\"justify\"><span style=\"font-size: x-small\">Sertifik\u0101cija: EN 12278:2007, EN 567:1997, CE<\/span><\/p>\n","protected":false},"excerpt":{"rendered":"<p>\u013boti viegls, efekt\u012bvs un kompakts tr\u012bsis un virves saspied\u0113ja apvienojums. Paredz\u0113ts da\u017e\u0101diem darbiem ar virv\u0113m un gl\u0101b&scaron;anas darbiem un mantu izvilk&scaron;anai. Paredz\u0113ts lieto&scaron;anai gan ar virv\u0113m, gan lent\u0101m. Var lietot gan tikai k\u0101 tr\u012bsi, gan k\u0101 virves saspied\u0113ju. Viegli uzst\u0101d\u0101ms un no\u0146emams. To var lietot ar\u012b ka pozicionieri, sevi pozicion\u0113&scaron;anai tuv\u0101k vai t\u0101l\u0101k no enkura [&hellip;]<\/p>\n","protected":false},"featured_media":0,"template":"","meta":[],"product_brand":[928],"product_cat":[4851,4859,4870],"product_tag":[],"class_list":{"0":"post-76853","1":"product","2":"type-product","3":"status-publish","5":"product_brand-climbing-technology","6":"product_cat-mountaineering-equipment-recreation","7":"product_cat-for-rock-climbing-mountaineering-mountaineering-equipment-recreation","8":"product_cat-pulleys-for-rock-climbing-mountaineering-mountaineering-equipment-recreation","10":"first","11":"instock","12":"shipping-taxable","13":"purchasable","14":"product-type-simple"},"_links":{"self":[{"href":"https:\/\/sezona.lv\/en\/wp-json\/wp\/v2\/product\/76853","targetHints":{"allow":["GET"]}}],"collection":[{"href":"https:\/\/sezona.lv\/en\/wp-json\/wp\/v2\/product"}],"about":[{"href":"https:\/\/sezona.lv\/en\/wp-json\/wp\/v2\/types\/product"}],"wp:attachment":[{"href":"https:\/\/sezona.lv\/en\/wp-json\/wp\/v2\/media?parent=76853"}],"wp:term":[{"taxonomy":"product_brand","embeddable":true,"href":"https:\/\/sezona.lv\/en\/wp-json\/wp\/v2\/product_brand?post=76853"},{"taxonomy":"product_cat","embeddable":true,"href":"https:\/\/sezona.lv\/en\/wp-json\/wp\/v2\/product_cat?post=76853"},{"taxonomy":"product_tag","embeddable":true,"href":"https:\/\/sezona.lv\/en\/wp-json\/wp\/v2\/product_tag?post=76853"}],"curies":[{"name":"wp","href":"https:\/\/api.w.org\/{rel}","templated":true}]}}