{"id":76855,"date":"2025-07-14T14:57:29","date_gmt":"2025-07-14T11:57:29","guid":{"rendered":"https:\/\/demo8.ecube.lv\/sezona.lv\/products\/rotors-dmm-axis-swivel-l\/"},"modified":"2025-07-14T14:57:29","modified_gmt":"2025-07-14T11:57:29","slug":"rotors-dmm-axis-swivel-l","status":"publish","type":"product","link":"https:\/\/sezona.lv\/en\/products\/rotors-dmm-axis-swivel-l\/","title":{"rendered":"Rotors DMM Axis swivel L"},"content":{"rendered":"<p align=\"justify\"><span style=\"font-size: x-small\">DMM Axis rotos ir izcili gluds, kompakts un \u013coti iztur\u012bgs. Tas ir veidots no izicli augstv\u0113rt\u012bgiem materi\u0101liem un apr\u012bkots ar ner\u016bs\u0113jo&scaron;\u0101 t\u0113rauda asi un lieliem gult\u0146iem lab\u0101kai efektivit\u0101tei. Katrs rotos apz\u012bm\u0113ts ar individu\u0101lu numuru izseko&scaron;anai. Glud\u0101s malas padara to \u013coti draudz\u012bgu auduma izstr\u0101d\u0101jumiem (cilpas, virves). Pieejams da\u017e\u0101d\u0101s kr\u0101s\u0101s, ar\u012b meln\u0101 taktisk\u0101m oper\u0101cij\u0101m.<\/span><\/p>\n<div><\/div>\n<p align=\"justify\"><strong><span style=\"font-size: x-small\">Specifik\u0101cija:<\/span><\/strong><\/p>\n<table class=\"tech_info_table\" style=\"height: 50px\" border=\"0\" width=\"510\">\n<tbody>\n<tr>\n<th>Modelis<\/th>\n<th>Iztur\u012bba<\/th>\n<th>Darba slodze<\/th>\n<th>izm\u0113ri<\/th>\n<th>Svars<\/th>\n<\/tr>\n<tr>\n<td>Axis Swivel Small<\/td>\n<td>50kN<\/td>\n<td>10kN<\/td>\n<td>96 x 60 x 39mm<\/td>\n<td>184g<\/td>\n<\/tr>\n<\/tbody>\n<\/table>\n<p><span style=\"font-size: x-small\">Sertifik\u0101cija:<br \/>&#8211; CE certified to EN354:2010<br \/>&#8211; Certified to NFPA 1983 (06 ED) Class G<\/span><\/p>\n","protected":false},"excerpt":{"rendered":"<p>DMM Axis rotos ir izcili gluds, kompakts un \u013coti iztur\u012bgs. Tas ir veidots no izicli augstv\u0113rt\u012bgiem materi\u0101liem un apr\u012bkots ar ner\u016bs\u0113jo&scaron;\u0101 t\u0113rauda asi un lieliem gult\u0146iem lab\u0101kai efektivit\u0101tei. Katrs rotos apz\u012bm\u0113ts ar individu\u0101lu numuru izseko&scaron;anai. Glud\u0101s malas padara to \u013coti draudz\u012bgu auduma izstr\u0101d\u0101jumiem (cilpas, virves). Pieejams da\u017e\u0101d\u0101s kr\u0101s\u0101s, ar\u012b meln\u0101 taktisk\u0101m oper\u0101cij\u0101m. Specifik\u0101cija: Modelis Iztur\u012bba [&hellip;]<\/p>\n","protected":false},"featured_media":0,"template":"","meta":[],"product_brand":[965],"product_cat":[4851,4859,4870],"product_tag":[],"class_list":{"0":"post-76855","1":"product","2":"type-product","3":"status-publish","5":"product_brand-dmm","6":"product_cat-mountaineering-equipment-recreation","7":"product_cat-for-rock-climbing-mountaineering-mountaineering-equipment-recreation","8":"product_cat-pulleys-for-rock-climbing-mountaineering-mountaineering-equipment-recreation","10":"first","11":"instock","12":"shipping-taxable","13":"purchasable","14":"product-type-simple"},"_links":{"self":[{"href":"https:\/\/sezona.lv\/en\/wp-json\/wp\/v2\/product\/76855","targetHints":{"allow":["GET"]}}],"collection":[{"href":"https:\/\/sezona.lv\/en\/wp-json\/wp\/v2\/product"}],"about":[{"href":"https:\/\/sezona.lv\/en\/wp-json\/wp\/v2\/types\/product"}],"wp:attachment":[{"href":"https:\/\/sezona.lv\/en\/wp-json\/wp\/v2\/media?parent=76855"}],"wp:term":[{"taxonomy":"product_brand","embeddable":true,"href":"https:\/\/sezona.lv\/en\/wp-json\/wp\/v2\/product_brand?post=76855"},{"taxonomy":"product_cat","embeddable":true,"href":"https:\/\/sezona.lv\/en\/wp-json\/wp\/v2\/product_cat?post=76855"},{"taxonomy":"product_tag","embeddable":true,"href":"https:\/\/sezona.lv\/en\/wp-json\/wp\/v2\/product_tag?post=76855"}],"curies":[{"name":"wp","href":"https:\/\/api.w.org\/{rel}","templated":true}]}}