{"id":76856,"date":"2025-07-14T14:57:29","date_gmt":"2025-07-14T11:57:29","guid":{"rendered":"https:\/\/demo8.ecube.lv\/sezona.lv\/products\/rotors-climbing-technology-twister\/"},"modified":"2025-07-14T14:57:29","modified_gmt":"2025-07-14T11:57:29","slug":"rotors-climbing-technology-twister","status":"publish","type":"product","link":"https:\/\/sezona.lv\/en\/products\/rotors-climbing-technology-twister\/","title":{"rendered":"Rotors Climbing Technology Twister"},"content":{"rendered":"<p align=\"justify\"><span style=\"font-size: x-small\">Rot\u0113jo&scaron;s savienojums uz gult\u0146iem. \u013boti augsta efektivit\u0101te. Viegls un kompakts. Parez\u0113ts kravu cel&scaron;anai, lai nev\u0113rpt virvi kravai rot\u0113jot v\u0113j\u0101.<\/span><\/p>\n<div><\/div>\n<p align=\"justify\"><span style=\"font-size: x-small\"><strong>Specifik\u0101cija:<\/strong><br \/>Iztur\u012bba: 24kN<br \/>Svars: 80g<\/span><\/p>\n<div><\/div>\n<p align=\"justify\"><span style=\"font-size: x-small\">Sertifik\u0101cija: EN 345:2003<\/span><\/p>\n","protected":false},"excerpt":{"rendered":"<p>Rot\u0113jo&scaron;s savienojums uz gult\u0146iem. \u013boti augsta efektivit\u0101te. Viegls un kompakts. Parez\u0113ts kravu cel&scaron;anai, lai nev\u0113rpt virvi kravai rot\u0113jot v\u0113j\u0101. Specifik\u0101cija:Iztur\u012bba: 24kNSvars: 80g Sertifik\u0101cija: EN 345:2003<\/p>\n","protected":false},"featured_media":0,"template":"","meta":[],"product_brand":[928],"product_cat":[4851,4859,4870],"product_tag":[],"class_list":{"0":"post-76856","1":"product","2":"type-product","3":"status-publish","5":"product_brand-climbing-technology","6":"product_cat-mountaineering-equipment-recreation","7":"product_cat-for-rock-climbing-mountaineering-mountaineering-equipment-recreation","8":"product_cat-pulleys-for-rock-climbing-mountaineering-mountaineering-equipment-recreation","10":"first","11":"instock","12":"shipping-taxable","13":"purchasable","14":"product-type-simple"},"_links":{"self":[{"href":"https:\/\/sezona.lv\/en\/wp-json\/wp\/v2\/product\/76856","targetHints":{"allow":["GET"]}}],"collection":[{"href":"https:\/\/sezona.lv\/en\/wp-json\/wp\/v2\/product"}],"about":[{"href":"https:\/\/sezona.lv\/en\/wp-json\/wp\/v2\/types\/product"}],"wp:attachment":[{"href":"https:\/\/sezona.lv\/en\/wp-json\/wp\/v2\/media?parent=76856"}],"wp:term":[{"taxonomy":"product_brand","embeddable":true,"href":"https:\/\/sezona.lv\/en\/wp-json\/wp\/v2\/product_brand?post=76856"},{"taxonomy":"product_cat","embeddable":true,"href":"https:\/\/sezona.lv\/en\/wp-json\/wp\/v2\/product_cat?post=76856"},{"taxonomy":"product_tag","embeddable":true,"href":"https:\/\/sezona.lv\/en\/wp-json\/wp\/v2\/product_tag?post=76856"}],"curies":[{"name":"wp","href":"https:\/\/api.w.org\/{rel}","templated":true}]}}