{"id":76857,"date":"2025-07-14T14:57:30","date_gmt":"2025-07-14T11:57:30","guid":{"rendered":"https:\/\/demo8.ecube.lv\/sezona.lv\/products\/trisis-petzl-partner\/"},"modified":"2025-07-14T14:57:30","modified_gmt":"2025-07-14T11:57:30","slug":"trisis-petzl-partner","status":"publish","type":"product","link":"https:\/\/sezona.lv\/en\/products\/trisis-petzl-partner\/","title":{"rendered":"Tr\u012bsis Petzl Partner"},"content":{"rendered":"<p align=\"justify\"><span style=\"font-size: x-small\">Augstas efektivit\u0101tes viegls un kompakts tr\u012bsis ar kust\u012bg\u0101m s\u0101nu mal\u0101m. Piem\u0113rots da\u017e\u0101du gl\u0101b&scaron;anas un citu darbu veik&scaron;anai. Skritulis, kas mont\u0113ts uz sl\u0113gtu gult\u0146u meh\u0101nisma, nodro&scaron;ina lielisku efektivit\u0101ti.<\/span><\/p>\n<p align=\"justify\"><span style=\"font-size: x-small\"><strong>Specifik\u0101cija:<\/strong><\/span><\/p>\n<p align=\"justify\"><span style=\"font-size: x-small\">Svars: 60g<\/span><\/p>\n<p align=\"justify\"><span style=\"font-size: x-small\">Efektivit\u0101te: 91%<\/span><\/p>\n<p align=\"justify\"><span style=\"font-size: x-small\">Virves diametrs: 7-13mm<\/span><\/p>\n<p align=\"justify\"><span style=\"font-size: x-small\">Max.darba slodze: 2.5&#215;2=5kN<\/span><\/p>\n","protected":false},"excerpt":{"rendered":"<p>Augstas efektivit\u0101tes viegls un kompakts tr\u012bsis ar kust\u012bg\u0101m s\u0101nu mal\u0101m. Piem\u0113rots da\u017e\u0101du gl\u0101b&scaron;anas un citu darbu veik&scaron;anai. Skritulis, kas mont\u0113ts uz sl\u0113gtu gult\u0146u meh\u0101nisma, nodro&scaron;ina lielisku efektivit\u0101ti. Specifik\u0101cija: Svars: 60g Efektivit\u0101te: 91% Virves diametrs: 7-13mm Max.darba slodze: 2.5&#215;2=5kN<\/p>\n","protected":false},"featured_media":0,"template":"","meta":[],"product_brand":[957],"product_cat":[4851,4859,4870],"product_tag":[],"class_list":{"0":"post-76857","1":"product","2":"type-product","3":"status-publish","5":"product_brand-petzl","6":"product_cat-mountaineering-equipment-recreation","7":"product_cat-for-rock-climbing-mountaineering-mountaineering-equipment-recreation","8":"product_cat-pulleys-for-rock-climbing-mountaineering-mountaineering-equipment-recreation","10":"first","11":"instock","12":"shipping-taxable","13":"purchasable","14":"product-type-simple"},"_links":{"self":[{"href":"https:\/\/sezona.lv\/en\/wp-json\/wp\/v2\/product\/76857","targetHints":{"allow":["GET"]}}],"collection":[{"href":"https:\/\/sezona.lv\/en\/wp-json\/wp\/v2\/product"}],"about":[{"href":"https:\/\/sezona.lv\/en\/wp-json\/wp\/v2\/types\/product"}],"wp:attachment":[{"href":"https:\/\/sezona.lv\/en\/wp-json\/wp\/v2\/media?parent=76857"}],"wp:term":[{"taxonomy":"product_brand","embeddable":true,"href":"https:\/\/sezona.lv\/en\/wp-json\/wp\/v2\/product_brand?post=76857"},{"taxonomy":"product_cat","embeddable":true,"href":"https:\/\/sezona.lv\/en\/wp-json\/wp\/v2\/product_cat?post=76857"},{"taxonomy":"product_tag","embeddable":true,"href":"https:\/\/sezona.lv\/en\/wp-json\/wp\/v2\/product_tag?post=76857"}],"curies":[{"name":"wp","href":"https:\/\/api.w.org\/{rel}","templated":true}]}}