{"id":76858,"date":"2025-07-14T14:57:31","date_gmt":"2025-07-14T11:57:31","guid":{"rendered":"https:\/\/demo8.ecube.lv\/sezona.lv\/products\/trisis-climbing-technology-orbiter-s\/"},"modified":"2025-07-14T14:57:31","modified_gmt":"2025-07-14T11:57:31","slug":"trisis-climbing-technology-orbiter-s","status":"publish","type":"product","link":"https:\/\/sezona.lv\/en\/products\/trisis-climbing-technology-orbiter-s\/","title":{"rendered":"Tr\u012bsis Climbing Technology Orbiter S"},"content":{"rendered":"<p><span style=\"font-size: x-small\">Climbing Technology jaunais Orbiter S tr\u012bsis ir paredz\u0113ts kravu cel&scaron;anai, gl\u0101b&scaron;anas darbiem un virvju spriego&scaron;anai. Gult\u0146i nodro&scaron;ina augstu tr\u012b&scaron;a efektivit\u0101ti. Atverama malai, lai viegl\u0101k b\u016btu ielikt virvi. Liels stiprin\u0101juma punkts karab\u012bnei.<\/span><\/p>\n<p><span style=\"font-size: x-small\"><strong><span style=\"color: #800000\">Specifik\u0101cija:<\/span><\/strong><br \/><strong>Svars:<\/strong>&nbsp;180 grami<br \/><strong>Paredz\u0113ts virv\u0113m:&nbsp;<\/strong>diametr\u0101 l\u012bdz 13mm<br \/><strong>Iztur\u012bba:<\/strong>&nbsp;32\/16\/16 kN<br \/><strong>Sertifik\u0101cija:<\/strong>&nbsp;CE 0333 EN 12278:2007<\/span><\/p>\n","protected":false},"excerpt":{"rendered":"<p>Climbing Technology jaunais Orbiter S tr\u012bsis ir paredz\u0113ts kravu cel&scaron;anai, gl\u0101b&scaron;anas darbiem un virvju spriego&scaron;anai. Gult\u0146i nodro&scaron;ina augstu tr\u012b&scaron;a efektivit\u0101ti. Atverama malai, lai viegl\u0101k b\u016btu ielikt virvi. Liels stiprin\u0101juma punkts karab\u012bnei. Specifik\u0101cija:Svars:&nbsp;180 gramiParedz\u0113ts virv\u0113m:&nbsp;diametr\u0101 l\u012bdz 13mmIztur\u012bba:&nbsp;32\/16\/16 kNSertifik\u0101cija:&nbsp;CE 0333 EN 12278:2007<\/p>\n","protected":false},"featured_media":0,"template":"","meta":[],"product_brand":[928],"product_cat":[4851,4859,4870],"product_tag":[],"class_list":{"0":"post-76858","1":"product","2":"type-product","3":"status-publish","5":"product_brand-climbing-technology","6":"product_cat-mountaineering-equipment-recreation","7":"product_cat-for-rock-climbing-mountaineering-mountaineering-equipment-recreation","8":"product_cat-pulleys-for-rock-climbing-mountaineering-mountaineering-equipment-recreation","10":"first","11":"instock","12":"shipping-taxable","13":"purchasable","14":"product-type-simple"},"_links":{"self":[{"href":"https:\/\/sezona.lv\/en\/wp-json\/wp\/v2\/product\/76858","targetHints":{"allow":["GET"]}}],"collection":[{"href":"https:\/\/sezona.lv\/en\/wp-json\/wp\/v2\/product"}],"about":[{"href":"https:\/\/sezona.lv\/en\/wp-json\/wp\/v2\/types\/product"}],"wp:attachment":[{"href":"https:\/\/sezona.lv\/en\/wp-json\/wp\/v2\/media?parent=76858"}],"wp:term":[{"taxonomy":"product_brand","embeddable":true,"href":"https:\/\/sezona.lv\/en\/wp-json\/wp\/v2\/product_brand?post=76858"},{"taxonomy":"product_cat","embeddable":true,"href":"https:\/\/sezona.lv\/en\/wp-json\/wp\/v2\/product_cat?post=76858"},{"taxonomy":"product_tag","embeddable":true,"href":"https:\/\/sezona.lv\/en\/wp-json\/wp\/v2\/product_tag?post=76858"}],"curies":[{"name":"wp","href":"https:\/\/api.w.org\/{rel}","templated":true}]}}