{"id":76859,"date":"2025-07-14T14:57:31","date_gmt":"2025-07-14T11:57:31","guid":{"rendered":"https:\/\/demo8.ecube.lv\/sezona.lv\/products\/trisis-climbing-technology-orbiter-t\/"},"modified":"2025-07-14T14:57:31","modified_gmt":"2025-07-14T11:57:31","slug":"trisis-climbing-technology-orbiter-t","status":"publish","type":"product","link":"https:\/\/sezona.lv\/en\/products\/trisis-climbing-technology-orbiter-t\/","title":{"rendered":"Tr\u012bsis Climbing Technology Orbiter T"},"content":{"rendered":"<p><span style=\"font-size: x-small\">Climbing Technology jaunais Orbiter T dubultais tr\u012bsis, kur&scaron; ir paredz\u0113ts kravu cel&scaron;anai, gl\u0101b&scaron;anas darbiem un virvju spriego&scaron;anai. Skritulis ir mont\u0113ts uz gult\u0146iem, kas nodro&scaron;ina \u013coti augstu tr\u012b&scaron;a efektivit\u0101te. Divi stiprin\u0101juma punkti karab\u012bn\u0113m.<\/span><\/p>\n<p><span style=\"font-size: x-small\"><strong><span style=\"color: #800000\">Specifik\u0101cija:<\/span><\/strong><br \/><strong>Svars:<\/strong>&nbsp;346 grami<br \/><strong>Paredz\u0113ts virv\u0113m:<\/strong>&nbsp;diametr\u0101 l\u012bdz 13mm<br \/><strong>Sertifik\u0101cija:<\/strong>&nbsp;CE 0333 EN 12278:2007<\/span><\/p>\n","protected":false},"excerpt":{"rendered":"<p>Climbing Technology jaunais Orbiter T dubultais tr\u012bsis, kur&scaron; ir paredz\u0113ts kravu cel&scaron;anai, gl\u0101b&scaron;anas darbiem un virvju spriego&scaron;anai. Skritulis ir mont\u0113ts uz gult\u0146iem, kas nodro&scaron;ina \u013coti augstu tr\u012b&scaron;a efektivit\u0101te. Divi stiprin\u0101juma punkti karab\u012bn\u0113m. Specifik\u0101cija:Svars:&nbsp;346 gramiParedz\u0113ts virv\u0113m:&nbsp;diametr\u0101 l\u012bdz 13mmSertifik\u0101cija:&nbsp;CE 0333 EN 12278:2007<\/p>\n","protected":false},"featured_media":0,"template":"","meta":[],"product_brand":[928],"product_cat":[4851,4859,4870],"product_tag":[],"class_list":{"0":"post-76859","1":"product","2":"type-product","3":"status-publish","5":"product_brand-climbing-technology","6":"product_cat-mountaineering-equipment-recreation","7":"product_cat-for-rock-climbing-mountaineering-mountaineering-equipment-recreation","8":"product_cat-pulleys-for-rock-climbing-mountaineering-mountaineering-equipment-recreation","10":"first","11":"instock","12":"shipping-taxable","13":"purchasable","14":"product-type-simple"},"_links":{"self":[{"href":"https:\/\/sezona.lv\/en\/wp-json\/wp\/v2\/product\/76859","targetHints":{"allow":["GET"]}}],"collection":[{"href":"https:\/\/sezona.lv\/en\/wp-json\/wp\/v2\/product"}],"about":[{"href":"https:\/\/sezona.lv\/en\/wp-json\/wp\/v2\/types\/product"}],"wp:attachment":[{"href":"https:\/\/sezona.lv\/en\/wp-json\/wp\/v2\/media?parent=76859"}],"wp:term":[{"taxonomy":"product_brand","embeddable":true,"href":"https:\/\/sezona.lv\/en\/wp-json\/wp\/v2\/product_brand?post=76859"},{"taxonomy":"product_cat","embeddable":true,"href":"https:\/\/sezona.lv\/en\/wp-json\/wp\/v2\/product_cat?post=76859"},{"taxonomy":"product_tag","embeddable":true,"href":"https:\/\/sezona.lv\/en\/wp-json\/wp\/v2\/product_tag?post=76859"}],"curies":[{"name":"wp","href":"https:\/\/api.w.org\/{rel}","templated":true}]}}