{"id":76860,"date":"2025-07-14T14:57:32","date_gmt":"2025-07-14T11:57:32","guid":{"rendered":"https:\/\/demo8.ecube.lv\/sezona.lv\/products\/virves-saspiedejs-petzl-ascension-kreisais\/"},"modified":"2025-07-14T14:57:32","modified_gmt":"2025-07-14T11:57:32","slug":"virves-saspiedejs-petzl-ascension-kreisais","status":"publish","type":"product","link":"https:\/\/sezona.lv\/en\/products\/virves-saspiedejs-petzl-ascension-kreisais\/","title":{"rendered":"Virves saspied\u0113js Petzl Ascension kreisais"},"content":{"rendered":"<p align=\"justify\"><span style=\"font-size: x-small\">Virves saspied\u0113js, jeb \u017eum\u0101rs.&nbsp; \u0112rts rokturis ar papla&scaron;in\u0101tu pamata da\u013cu un r\u0101d\u012bt\u0101jpirksta vietu \u013cauj \u0113rti un efekt\u012bvi p\u0101rvietoties pa nostiprin\u0101tu virvi vai izmantot kravu cel&scaron;anai.&nbsp;<br \/><\/span><\/p>\n<p align=\"justify\"><span style=\"font-size: x-small\"><strong>Specifik\u0101cija:<\/strong><\/span><\/p>\n<p align=\"justify\"><span style=\"font-size: x-small\">Svars: 195g<\/span><\/p>\n<p align=\"justify\"><span style=\"font-size: x-small\">Paredz\u0113ts virv\u0113m: 8-13mm<\/span><\/p>\n<div><\/div>\n<p align=\"justify\"><span style=\"font-size: x-small\">Sertifik\u0101cija: CE EN 567; CE EN 12841<\/span><\/p>\n","protected":false},"excerpt":{"rendered":"<p>Virves saspied\u0113js, jeb \u017eum\u0101rs.&nbsp; \u0112rts rokturis ar papla&scaron;in\u0101tu pamata da\u013cu un r\u0101d\u012bt\u0101jpirksta vietu \u013cauj \u0113rti un efekt\u012bvi p\u0101rvietoties pa nostiprin\u0101tu virvi vai izmantot kravu cel&scaron;anai.&nbsp; Specifik\u0101cija: Svars: 195g Paredz\u0113ts virv\u0113m: 8-13mm Sertifik\u0101cija: CE EN 567; CE EN 12841<\/p>\n","protected":false},"featured_media":0,"template":"","meta":[],"product_brand":[957],"product_cat":[4851,4859,4871],"product_tag":[],"class_list":{"0":"post-76860","1":"product","2":"type-product","3":"status-publish","5":"product_brand-petzl","6":"product_cat-mountaineering-equipment-recreation","7":"product_cat-for-rock-climbing-mountaineering-mountaineering-equipment-recreation","8":"product_cat-rope-ascenders-for-rock-climbing-mountaineering-mountaineering-equipment-recreation","10":"first","11":"instock","12":"shipping-taxable","13":"purchasable","14":"product-type-simple"},"_links":{"self":[{"href":"https:\/\/sezona.lv\/en\/wp-json\/wp\/v2\/product\/76860","targetHints":{"allow":["GET"]}}],"collection":[{"href":"https:\/\/sezona.lv\/en\/wp-json\/wp\/v2\/product"}],"about":[{"href":"https:\/\/sezona.lv\/en\/wp-json\/wp\/v2\/types\/product"}],"wp:attachment":[{"href":"https:\/\/sezona.lv\/en\/wp-json\/wp\/v2\/media?parent=76860"}],"wp:term":[{"taxonomy":"product_brand","embeddable":true,"href":"https:\/\/sezona.lv\/en\/wp-json\/wp\/v2\/product_brand?post=76860"},{"taxonomy":"product_cat","embeddable":true,"href":"https:\/\/sezona.lv\/en\/wp-json\/wp\/v2\/product_cat?post=76860"},{"taxonomy":"product_tag","embeddable":true,"href":"https:\/\/sezona.lv\/en\/wp-json\/wp\/v2\/product_tag?post=76860"}],"curies":[{"name":"wp","href":"https:\/\/api.w.org\/{rel}","templated":true}]}}