{"id":76861,"date":"2025-07-14T14:57:33","date_gmt":"2025-07-14T11:57:33","guid":{"rendered":"https:\/\/demo8.ecube.lv\/sezona.lv\/products\/virves-saspiedejs-climbing-technology-quick-step-labais\/"},"modified":"2025-07-14T14:57:33","modified_gmt":"2025-07-14T11:57:33","slug":"virves-saspiedejs-climbing-technology-quick-step-labais","status":"publish","type":"product","link":"https:\/\/sezona.lv\/en\/products\/virves-saspiedejs-climbing-technology-quick-step-labais\/","title":{"rendered":"Virves saspied\u0113js Climbing Technology Quick Step labais"},"content":{"rendered":"<p align=\"justify\"><span style=\"font-size: x-small\">Viegls, efekt\u012bvs un kompakts. Quick Step ir lab\u0101s k\u0101jas virves saspied\u0113js, ko stiprina pie z\u0101baka, lai atvieglotu k\u0101p&scaron;anu pa vertik\u0101li nostiprin\u0101tu virvi.<\/span><\/p>\n<div>\n<ul>\n<li><span style=\"font-size: x-small\">Apr\u012bkots ar patent\u0113tu&nbsp;<strong>anti-jamming release system,&nbsp;<\/strong>kas atvieglo vierves ielik&scaron;anu un dro&scaron;u p\u0101rvieto&scaron;anos pa to.<\/span><\/li>\n<li><span style=\"font-size: x-small\">Pateicoties pa&scaron;att\u012br\u012b&scaron;anas funkcijai Quick Step labi str\u0101d\u0101 gan ar saus\u0101m, gan net\u012br\u0101m, dub\u013cain\u0101m un slapj\u0101m virv\u0113m.<\/span><\/li>\n<li><span style=\"font-size: x-small\">Viegli regul\u0113jams.<\/span><\/li>\n<li><span style=\"font-size: x-small\">Labi nobalans\u0113ts, nev\u0113rpjas pie slodzes<\/span><\/li>\n<li><span style=\"font-size: x-small\">Apak&scaron;\u0113j\u0101 cilpa pastiprin\u0101ta pret nodilumu<\/span><\/li>\n<\/ul>\n<\/div>\n<p align=\"justify\"><span style=\"font-size: x-small\">Kombin\u0101cij\u0101 ar kr\u016b&scaron;u (CHEST) vai rokas saspied\u0113ju (Quick-UP) vai Quick&#8217;Arbor dubulto virves saspied\u0113ju veido ide\u0101lu sist\u0113mu, lai efekt\u012bvi p\u0101rvietotos pa vertik\u0101l\u0101m virv\u0113m. Paredz\u0113ts darbam ar kokiem vai darbam augstum\u0101.<\/span><\/p>\n<div><\/div>\n<p align=\"justify\"><span style=\"font-size: x-small\">Specifik\u0101cija:<\/span><\/p>\n<p align=\"justify\"><span style=\"font-size: x-small\">Virves diametrs: 8-13mm<br \/>Svars: 197g<\/span><\/p>\n","protected":false},"excerpt":{"rendered":"<p>Viegls, efekt\u012bvs un kompakts. Quick Step ir lab\u0101s k\u0101jas virves saspied\u0113js, ko stiprina pie z\u0101baka, lai atvieglotu k\u0101p&scaron;anu pa vertik\u0101li nostiprin\u0101tu virvi. Apr\u012bkots ar patent\u0113tu&nbsp;anti-jamming release system,&nbsp;kas atvieglo vierves ielik&scaron;anu un dro&scaron;u p\u0101rvieto&scaron;anos pa to. Pateicoties pa&scaron;att\u012br\u012b&scaron;anas funkcijai Quick Step labi str\u0101d\u0101 gan ar saus\u0101m, gan net\u012br\u0101m, dub\u013cain\u0101m un slapj\u0101m virv\u0113m. Viegli regul\u0113jams. Labi nobalans\u0113ts, [&hellip;]<\/p>\n","protected":false},"featured_media":0,"template":"","meta":[],"product_brand":[928],"product_cat":[4851,4859,4871],"product_tag":[],"class_list":{"0":"post-76861","1":"product","2":"type-product","3":"status-publish","5":"product_brand-climbing-technology","6":"product_cat-mountaineering-equipment-recreation","7":"product_cat-for-rock-climbing-mountaineering-mountaineering-equipment-recreation","8":"product_cat-rope-ascenders-for-rock-climbing-mountaineering-mountaineering-equipment-recreation","10":"first","11":"instock","12":"shipping-taxable","13":"purchasable","14":"product-type-simple"},"_links":{"self":[{"href":"https:\/\/sezona.lv\/en\/wp-json\/wp\/v2\/product\/76861","targetHints":{"allow":["GET"]}}],"collection":[{"href":"https:\/\/sezona.lv\/en\/wp-json\/wp\/v2\/product"}],"about":[{"href":"https:\/\/sezona.lv\/en\/wp-json\/wp\/v2\/types\/product"}],"wp:attachment":[{"href":"https:\/\/sezona.lv\/en\/wp-json\/wp\/v2\/media?parent=76861"}],"wp:term":[{"taxonomy":"product_brand","embeddable":true,"href":"https:\/\/sezona.lv\/en\/wp-json\/wp\/v2\/product_brand?post=76861"},{"taxonomy":"product_cat","embeddable":true,"href":"https:\/\/sezona.lv\/en\/wp-json\/wp\/v2\/product_cat?post=76861"},{"taxonomy":"product_tag","embeddable":true,"href":"https:\/\/sezona.lv\/en\/wp-json\/wp\/v2\/product_tag?post=76861"}],"curies":[{"name":"wp","href":"https:\/\/api.w.org\/{rel}","templated":true}]}}