{"id":76863,"date":"2025-07-14T14:57:35","date_gmt":"2025-07-14T11:57:35","guid":{"rendered":"https:\/\/demo8.ecube.lv\/sezona.lv\/products\/virves-saspiedejs-petzl-tibloc-b01bn\/"},"modified":"2025-07-14T14:57:35","modified_gmt":"2025-07-14T11:57:35","slug":"virves-saspiedejs-petzl-tibloc-b01bn","status":"publish","type":"product","link":"https:\/\/sezona.lv\/en\/products\/virves-saspiedejs-petzl-tibloc-b01bn\/","title":{"rendered":"Virves saspied\u0113js Petzl Tibloc B01BN"},"content":{"rendered":"<p>\u013boti viegls, kompakts, daudzfunkcion\u0101ls un uzticams virves saspied\u0113js  (\u017eum\u0101rs), piem\u0113rots pacel&scaron;anai, vilk&scaron;anas sist\u0113mu uzst\u0101d\u012b&scaron;anai, da\u017e\u0101d\u0101m  \u0101rk\u0101rtas situ\u0101cij\u0101m.<br \/> Hrom\u0113ta t\u0113rauda ekscentrs ar le\u0146\u0137veida zobiem un pa&scaron;att\u012bro&scaron;u gultni  dro&scaron;i notur virvi &#8211; pat neraugoties uz net\u012brumiem vai sniegu un  apledojumu. <br \/> \u0112rti lietojams ar sl\u0113dzo&scaron;aj\u0101m karab\u012bn\u0113m, piem\u0113ram, Am`D, Attache, William u.c. <br \/> Sertifik\u0101cija: CE EN 567, EAC<\/p>\n<p><span>Paredz\u0113ts virv\u0113m: 8-11mm<\/span><br \/><span>Svars: 40g<\/span><br \/><span>Sertifik\u0101cija: CE EN 567, UIAA<\/span><\/p>\n","protected":false},"excerpt":{"rendered":"<p>\u013boti viegls, kompakts, daudzfunkcion\u0101ls un uzticams virves saspied\u0113js (\u017eum\u0101rs), piem\u0113rots pacel&scaron;anai, vilk&scaron;anas sist\u0113mu uzst\u0101d\u012b&scaron;anai, da\u017e\u0101d\u0101m \u0101rk\u0101rtas situ\u0101cij\u0101m. Hrom\u0113ta t\u0113rauda ekscentrs ar le\u0146\u0137veida zobiem un pa&scaron;att\u012bro&scaron;u gultni dro&scaron;i notur virvi &#8211; pat neraugoties uz net\u012brumiem vai sniegu un apledojumu. \u0112rti lietojams ar sl\u0113dzo&scaron;aj\u0101m karab\u012bn\u0113m, piem\u0113ram, Am`D, Attache, William u.c. Sertifik\u0101cija: CE EN 567, EAC Paredz\u0113ts virv\u0113m: [&hellip;]<\/p>\n","protected":false},"featured_media":0,"template":"","meta":[],"product_brand":[957],"product_cat":[4640,4851,4859,4871],"product_tag":[],"class_list":{"0":"post-76863","1":"product","2":"type-product","3":"status-publish","5":"product_brand-petzl","6":"product_cat-recreation","7":"product_cat-mountaineering-equipment-recreation","8":"product_cat-for-rock-climbing-mountaineering-mountaineering-equipment-recreation","9":"product_cat-rope-ascenders-for-rock-climbing-mountaineering-mountaineering-equipment-recreation","11":"first","12":"instock","13":"shipping-taxable","14":"purchasable","15":"product-type-simple"},"_links":{"self":[{"href":"https:\/\/sezona.lv\/en\/wp-json\/wp\/v2\/product\/76863","targetHints":{"allow":["GET"]}}],"collection":[{"href":"https:\/\/sezona.lv\/en\/wp-json\/wp\/v2\/product"}],"about":[{"href":"https:\/\/sezona.lv\/en\/wp-json\/wp\/v2\/types\/product"}],"wp:attachment":[{"href":"https:\/\/sezona.lv\/en\/wp-json\/wp\/v2\/media?parent=76863"}],"wp:term":[{"taxonomy":"product_brand","embeddable":true,"href":"https:\/\/sezona.lv\/en\/wp-json\/wp\/v2\/product_brand?post=76863"},{"taxonomy":"product_cat","embeddable":true,"href":"https:\/\/sezona.lv\/en\/wp-json\/wp\/v2\/product_cat?post=76863"},{"taxonomy":"product_tag","embeddable":true,"href":"https:\/\/sezona.lv\/en\/wp-json\/wp\/v2\/product_tag?post=76863"}],"curies":[{"name":"wp","href":"https:\/\/api.w.org\/{rel}","templated":true}]}}