{"id":76867,"date":"2025-07-14T14:57:39","date_gmt":"2025-07-14T11:57:39","guid":{"rendered":"https:\/\/demo8.ecube.lv\/sezona.lv\/products\/klinsu-ieliktnis-dmm-wallnuts-zils-8\/"},"modified":"2025-07-14T14:57:39","modified_gmt":"2025-07-14T11:57:39","slug":"klinsu-ieliktnis-dmm-wallnuts-zils-8","status":"publish","type":"product","link":"https:\/\/sezona.lv\/en\/products\/klinsu-ieliktnis-dmm-wallnuts-zils-8\/","title":{"rendered":"Klin\u0161u ieliktnis DMM Wallnuts zils 8"},"content":{"rendered":"<p align=\"justify\"><span style=\"font-size: x-small\">DMM Wallnuts ir vieni no popul\u0101r\u0101kajiem klin&scaron;u ielikt\u0146iem pasaul\u0113. Pateicoties to formai tie viegli un dro&scaron;i iegu\u013c plais\u0101s. Katram izm\u0113ram sava kr\u0101sa. Wallnut 1 &#8211; 11 komplekts ar da\u017eiem vid\u0113jo un mazo izm\u0113ru papildin\u0101jumiem ir pamata komplekts jebkuram kalnos k\u0101p\u0113jam. Pieejami ar\u012b atsevi&scaron;\u0137i.<\/span><\/p>\n<p align=\"justify\">&nbsp;<\/p>\n<p align=\"justify\">&nbsp;<\/p>\n<table style=\"height: 229px\" border=\"0\" cellspacing=\"0\" cellpadding=\"0\" width=\"408\">\n<colgroup>\n<col width=\"163\"><\/col>\n<col width=\"77\"><\/col>\n<col span=\"2\" width=\"64\"><\/col>\n<\/colgroup>\n<tbody>\n<tr>\n<td width=\"163\" height=\"20\">Izm\u0113rs<\/td>\n<td width=\"77\">Iztur\u012bba, kN<\/td>\n<td width=\"64\">Svars, g<\/td>\n<\/tr>\n<tr>\n<td class=\"xl63\" height=\"20\">Wallnut No.1<\/td>\n<td class=\"xl65\">7\/4<\/td>\n<td align=\"right\">15<\/td>\n<\/tr>\n<tr>\n<td class=\"xl63\" height=\"20\">Wallnut No.2<\/td>\n<td class=\"xl63\" align=\"right\">9<\/td>\n<td align=\"right\">26<\/td>\n<\/tr>\n<tr>\n<td class=\"xl63\" height=\"20\">Wallnut No.3<\/td>\n<td class=\"xl63\" align=\"right\">11<\/td>\n<td align=\"right\">28<\/td>\n<\/tr>\n<tr>\n<td class=\"xl63\" height=\"20\">Wallnut No.4<\/td>\n<td class=\"xl63\" align=\"right\">12<\/td>\n<td align=\"right\">30<\/td>\n<\/tr>\n<tr>\n<td class=\"xl63\" height=\"20\">Wallnut No.5<\/td>\n<td class=\"xl63\" align=\"right\">12<\/td>\n<td align=\"right\">32<\/td>\n<\/tr>\n<tr>\n<td class=\"xl63\" height=\"20\">Wallnut No.6<\/td>\n<td class=\"xl63\" align=\"right\">12<\/td>\n<td align=\"right\">39<\/td>\n<\/tr>\n<tr>\n<td class=\"xl63\" height=\"20\">Wallnut No.7<\/td>\n<td class=\"xl63\" align=\"right\">12<\/td>\n<td align=\"right\">40<\/td>\n<\/tr>\n<tr>\n<td class=\"xl63\" height=\"20\">Wallnut No.8<\/td>\n<td class=\"xl63\" align=\"right\">12<\/td>\n<td align=\"right\">45<\/td>\n<\/tr>\n<tr>\n<td class=\"xl63\" height=\"20\">Wallnut No.9<\/td>\n<td class=\"xl63\" align=\"right\">12<\/td>\n<td align=\"right\">50<\/td>\n<\/tr>\n<tr>\n<td class=\"xl63\" height=\"20\">Wallnut No.10<\/td>\n<td class=\"xl63\" align=\"right\">12<\/td>\n<td align=\"right\">56<\/td>\n<\/tr>\n<tr>\n<td class=\"xl63\" height=\"20\">Wallnut No.11<\/td>\n<td class=\"xl63\" align=\"right\">12<\/td>\n<td align=\"right\">68<\/td>\n<\/tr>\n<\/tbody>\n<\/table>\n<p>&nbsp;<\/p>\n","protected":false},"excerpt":{"rendered":"<p>DMM Wallnuts ir vieni no popul\u0101r\u0101kajiem klin&scaron;u ielikt\u0146iem pasaul\u0113. Pateicoties to formai tie viegli un dro&scaron;i iegu\u013c plais\u0101s. Katram izm\u0113ram sava kr\u0101sa. Wallnut 1 &#8211; 11 komplekts ar da\u017eiem vid\u0113jo un mazo izm\u0113ru papildin\u0101jumiem ir pamata komplekts jebkuram kalnos k\u0101p\u0113jam. Pieejami ar\u012b atsevi&scaron;\u0137i. &nbsp; &nbsp; Izm\u0113rs Iztur\u012bba, kN Svars, g Wallnut No.1 7\/4 15 Wallnut [&hellip;]<\/p>\n","protected":false},"featured_media":0,"template":"","meta":[],"product_brand":[965],"product_cat":[4851,4859,4872],"product_tag":[],"class_list":{"0":"post-76867","1":"product","2":"type-product","3":"status-publish","5":"product_brand-dmm","6":"product_cat-mountaineering-equipment-recreation","7":"product_cat-for-rock-climbing-mountaineering-mountaineering-equipment-recreation","8":"product_cat-friends-and-belays-for-rock-climbing-mountaineering-mountaineering-equipment-recreation","10":"first","11":"instock","12":"shipping-taxable","13":"purchasable","14":"product-type-simple"},"_links":{"self":[{"href":"https:\/\/sezona.lv\/en\/wp-json\/wp\/v2\/product\/76867","targetHints":{"allow":["GET"]}}],"collection":[{"href":"https:\/\/sezona.lv\/en\/wp-json\/wp\/v2\/product"}],"about":[{"href":"https:\/\/sezona.lv\/en\/wp-json\/wp\/v2\/types\/product"}],"wp:attachment":[{"href":"https:\/\/sezona.lv\/en\/wp-json\/wp\/v2\/media?parent=76867"}],"wp:term":[{"taxonomy":"product_brand","embeddable":true,"href":"https:\/\/sezona.lv\/en\/wp-json\/wp\/v2\/product_brand?post=76867"},{"taxonomy":"product_cat","embeddable":true,"href":"https:\/\/sezona.lv\/en\/wp-json\/wp\/v2\/product_cat?post=76867"},{"taxonomy":"product_tag","embeddable":true,"href":"https:\/\/sezona.lv\/en\/wp-json\/wp\/v2\/product_tag?post=76867"}],"curies":[{"name":"wp","href":"https:\/\/api.w.org\/{rel}","templated":true}]}}