{"id":76869,"date":"2025-07-14T14:57:41","date_gmt":"2025-07-14T11:57:41","guid":{"rendered":"https:\/\/demo8.ecube.lv\/sezona.lv\/products\/klinsu-ieliktnu-komplekts-dmm-wallnuts-7-11\/"},"modified":"2025-07-14T14:57:41","modified_gmt":"2025-07-14T11:57:41","slug":"klinsu-ieliktnu-komplekts-dmm-wallnuts-7-11","status":"publish","type":"product","link":"https:\/\/sezona.lv\/en\/products\/klinsu-ieliktnu-komplekts-dmm-wallnuts-7-11\/","title":{"rendered":"Klin\u0161u ielikt\u0146u komplekts DMM Wallnuts 7 &#8211; 11"},"content":{"rendered":"<p><span>DMM Wallnuts ir vieni no popul\u0101r\u0101kajiem klin&scaron;u ielikt\u0146iem pasaul\u0113. Pateicoties to formai tie viegli un dro&scaron;i iegu\u013c plais\u0101s. Katram izm\u0113ram sava kr\u0101sa.<\/span><\/p>\n","protected":false},"excerpt":{"rendered":"<p>DMM Wallnuts ir vieni no popul\u0101r\u0101kajiem klin&scaron;u ielikt\u0146iem pasaul\u0113. Pateicoties to formai tie viegli un dro&scaron;i iegu\u013c plais\u0101s. Katram izm\u0113ram sava kr\u0101sa.<\/p>\n","protected":false},"featured_media":0,"template":"","meta":[],"product_brand":[965],"product_cat":[4851,4859,4872],"product_tag":[],"class_list":{"0":"post-76869","1":"product","2":"type-product","3":"status-publish","5":"product_brand-dmm","6":"product_cat-mountaineering-equipment-recreation","7":"product_cat-for-rock-climbing-mountaineering-mountaineering-equipment-recreation","8":"product_cat-friends-and-belays-for-rock-climbing-mountaineering-mountaineering-equipment-recreation","10":"first","11":"instock","12":"shipping-taxable","13":"purchasable","14":"product-type-simple"},"_links":{"self":[{"href":"https:\/\/sezona.lv\/en\/wp-json\/wp\/v2\/product\/76869","targetHints":{"allow":["GET"]}}],"collection":[{"href":"https:\/\/sezona.lv\/en\/wp-json\/wp\/v2\/product"}],"about":[{"href":"https:\/\/sezona.lv\/en\/wp-json\/wp\/v2\/types\/product"}],"wp:attachment":[{"href":"https:\/\/sezona.lv\/en\/wp-json\/wp\/v2\/media?parent=76869"}],"wp:term":[{"taxonomy":"product_brand","embeddable":true,"href":"https:\/\/sezona.lv\/en\/wp-json\/wp\/v2\/product_brand?post=76869"},{"taxonomy":"product_cat","embeddable":true,"href":"https:\/\/sezona.lv\/en\/wp-json\/wp\/v2\/product_cat?post=76869"},{"taxonomy":"product_tag","embeddable":true,"href":"https:\/\/sezona.lv\/en\/wp-json\/wp\/v2\/product_tag?post=76869"}],"curies":[{"name":"wp","href":"https:\/\/api.w.org\/{rel}","templated":true}]}}