{"id":76871,"date":"2025-07-14T14:57:42","date_gmt":"2025-07-14T11:57:42","guid":{"rendered":"https:\/\/demo8.ecube.lv\/sezona.lv\/products\/klinsu-ieliktnu-komplekts-dmm-alloy-offsets-7-11\/"},"modified":"2025-07-14T14:57:42","modified_gmt":"2025-07-14T11:57:42","slug":"klinsu-ieliktnu-komplekts-dmm-alloy-offsets-7-11","status":"publish","type":"product","link":"https:\/\/sezona.lv\/en\/products\/klinsu-ieliktnu-komplekts-dmm-alloy-offsets-7-11\/","title":{"rendered":"Klin\u0161u ielikt\u0146u komplekts DMM Alloy Offsets 7-11"},"content":{"rendered":"<p align=\"justify\"><span style=\"font-size: x-small\">DMM Alloy Offsets veidoti p\u0113c HB Climbing (Hugh Banner) klasisko asimetrisko ielikt\u0146u parauga un formas. Nedaudz uzlaboti un tehnolo\u0123iski att\u012bst\u012btaki, &scaron;ie DMM ielikt\u0146i noder\u0113s tur, kur klasiskie-simetriskie ilikt\u0146i labi netur\u0113sies &#8211; pamat\u0101 plais\u0101s, kuras dzi\u013cum\u0101 ir &scaron;aur\u0101kas nek\u0101 virspus\u0113 (V-veida).<\/span><\/p>\n<div><\/div>\n<p align=\"justify\"><span style=\"font-size: x-small\">Komplekt\u0101 5 ielikt\u0146i (7 &#8211; 11).<\/span><\/p>\n<div><\/div>\n<p align=\"justify\"><span style=\"font-size: x-small\">Specifik\u0101cija:<\/span><\/p>\n<table class=\"tech_info_table\" style=\"height: 129px\" border=\"0\" width=\"443\">\n<tbody>\n<tr>\n<th>Numurs<\/th>\n<th>Svars<\/th>\n<th>Iztur\u012bba<\/th>\n<th>Kr\u0101sa<\/th>\n<\/tr>\n<tr>\n<td>Alloy Offset 7<\/td>\n<td>27g<\/td>\n<td>12kN<\/td>\n<td>zelta<\/td>\n<\/tr>\n<tr>\n<td>Alloy Offset 8<\/td>\n<td>30g<\/td>\n<td>12kN<\/td>\n<td>zila<\/td>\n<\/tr>\n<tr>\n<td>Alloy Offset 9<\/td>\n<td>37g<\/td>\n<td>12kN<\/td>\n<td>sarkana<\/td>\n<\/tr>\n<tr>\n<td>Alloy Offset 10<\/td>\n<td>45g<\/td>\n<td>12kN<\/td>\n<td>pel\u0113ka<\/td>\n<\/tr>\n<tr>\n<td>Alloy Offset 11<\/td>\n<td>56g<\/td>\n<td>12kN<\/td>\n<td>viegli zila<\/td>\n<\/tr>\n<\/tbody>\n<\/table>\n","protected":false},"excerpt":{"rendered":"<p>DMM Alloy Offsets veidoti p\u0113c HB Climbing (Hugh Banner) klasisko asimetrisko ielikt\u0146u parauga un formas. Nedaudz uzlaboti un tehnolo\u0123iski att\u012bst\u012btaki, &scaron;ie DMM ielikt\u0146i noder\u0113s tur, kur klasiskie-simetriskie ilikt\u0146i labi netur\u0113sies &#8211; pamat\u0101 plais\u0101s, kuras dzi\u013cum\u0101 ir &scaron;aur\u0101kas nek\u0101 virspus\u0113 (V-veida). Komplekt\u0101 5 ielikt\u0146i (7 &#8211; 11). Specifik\u0101cija: Numurs Svars Iztur\u012bba Kr\u0101sa Alloy Offset 7 27g [&hellip;]<\/p>\n","protected":false},"featured_media":0,"template":"","meta":[],"product_brand":[965],"product_cat":[4851,4859,4872],"product_tag":[],"class_list":{"0":"post-76871","1":"product","2":"type-product","3":"status-publish","5":"product_brand-dmm","6":"product_cat-mountaineering-equipment-recreation","7":"product_cat-for-rock-climbing-mountaineering-mountaineering-equipment-recreation","8":"product_cat-friends-and-belays-for-rock-climbing-mountaineering-mountaineering-equipment-recreation","10":"first","11":"instock","12":"shipping-taxable","13":"purchasable","14":"product-type-simple"},"_links":{"self":[{"href":"https:\/\/sezona.lv\/en\/wp-json\/wp\/v2\/product\/76871","targetHints":{"allow":["GET"]}}],"collection":[{"href":"https:\/\/sezona.lv\/en\/wp-json\/wp\/v2\/product"}],"about":[{"href":"https:\/\/sezona.lv\/en\/wp-json\/wp\/v2\/types\/product"}],"wp:attachment":[{"href":"https:\/\/sezona.lv\/en\/wp-json\/wp\/v2\/media?parent=76871"}],"wp:term":[{"taxonomy":"product_brand","embeddable":true,"href":"https:\/\/sezona.lv\/en\/wp-json\/wp\/v2\/product_brand?post=76871"},{"taxonomy":"product_cat","embeddable":true,"href":"https:\/\/sezona.lv\/en\/wp-json\/wp\/v2\/product_cat?post=76871"},{"taxonomy":"product_tag","embeddable":true,"href":"https:\/\/sezona.lv\/en\/wp-json\/wp\/v2\/product_tag?post=76871"}],"curies":[{"name":"wp","href":"https:\/\/api.w.org\/{rel}","templated":true}]}}