{"id":76872,"date":"2025-07-14T14:57:43","date_gmt":"2025-07-14T11:57:43","guid":{"rendered":"https:\/\/demo8.ecube.lv\/sezona.lv\/products\/klinsu-ieliktnu-komplekts-dmm-hb-brass-offsets\/"},"modified":"2025-07-14T14:57:43","modified_gmt":"2025-07-14T11:57:43","slug":"klinsu-ieliktnu-komplekts-dmm-hb-brass-offsets","status":"publish","type":"product","link":"https:\/\/sezona.lv\/en\/products\/klinsu-ieliktnu-komplekts-dmm-hb-brass-offsets\/","title":{"rendered":"Klin\u0161u ielikt\u0146u komplekts DMM HB Brass Offsets"},"content":{"rendered":"<p align=\"justify\"><span style=\"font-size: x-small\">HB Brass Offsets ir super mazi, mikro asimteriskie klin&scaron;u ielikt\u0146i vis&scaron;aur\u0101kaj\u0101m palis\u0101m. Tie papildin\u0101s j\u016bsu dro&scaron;in\u0101&scaron;anas iesp\u0113jas l\u012bdz maksimuma un pav\u0113rs ce\u013cu jaun\u0101m iesp\u0113jam un robe\u017e\u0101m. 7 izm\u0113ri. Iziclo iztur\u012bbu nodro&scaron;in\u0101s misi\u0146a un sudraba sakaus\u0113jums.<\/span><\/p>\n<div><\/div>\n<p align=\"justify\"><strong><span style=\"font-size: x-small\">Specifik\u0101cija:<\/span><\/strong><\/p>\n<table class=\"tech_info_table\" style=\"height: 169px\" border=\"0\" width=\"558\">\n<tbody>\n<tr>\n<th>izm\u0113rs<\/th>\n<th>Svars<\/th>\n<th>Iztur\u012bba<\/th>\n<\/tr>\n<tr>\n<td>HB Brass Offset 0<\/td>\n<td>4g<\/td>\n<td>2kN<\/td>\n<\/tr>\n<tr>\n<td>HB Brass Offset 1<\/td>\n<td>7g<\/td>\n<td>4kN<\/td>\n<\/tr>\n<tr>\n<td>HB Brass Offset 2<\/td>\n<td>9g<\/td>\n<td>5kN<\/td>\n<\/tr>\n<tr>\n<td>HB Brass Offset 3<\/td>\n<td>10g<\/td>\n<td>5kN<\/td>\n<\/tr>\n<tr>\n<td>HB Brass Offset 4<\/td>\n<td>14g<\/td>\n<td>7kN<\/td>\n<\/tr>\n<tr>\n<td>HB Brass Offset 5<\/td>\n<td>17g<\/td>\n<td>7kN<\/td>\n<\/tr>\n<tr>\n<td>HB Brass Offset 6<\/td>\n<td>24g<\/td>\n<td>10kN<\/td>\n<\/tr>\n<\/tbody>\n<\/table>\n","protected":false},"excerpt":{"rendered":"<p>HB Brass Offsets ir super mazi, mikro asimteriskie klin&scaron;u ielikt\u0146i vis&scaron;aur\u0101kaj\u0101m palis\u0101m. Tie papildin\u0101s j\u016bsu dro&scaron;in\u0101&scaron;anas iesp\u0113jas l\u012bdz maksimuma un pav\u0113rs ce\u013cu jaun\u0101m iesp\u0113jam un robe\u017e\u0101m. 7 izm\u0113ri. Iziclo iztur\u012bbu nodro&scaron;in\u0101s misi\u0146a un sudraba sakaus\u0113jums. Specifik\u0101cija: izm\u0113rs Svars Iztur\u012bba HB Brass Offset 0 4g 2kN HB Brass Offset 1 7g 4kN HB Brass Offset 2 [&hellip;]<\/p>\n","protected":false},"featured_media":0,"template":"","meta":[],"product_brand":[965],"product_cat":[4851,4859,4872],"product_tag":[],"class_list":{"0":"post-76872","1":"product","2":"type-product","3":"status-publish","5":"product_brand-dmm","6":"product_cat-mountaineering-equipment-recreation","7":"product_cat-for-rock-climbing-mountaineering-mountaineering-equipment-recreation","8":"product_cat-friends-and-belays-for-rock-climbing-mountaineering-mountaineering-equipment-recreation","10":"first","11":"instock","12":"shipping-taxable","13":"purchasable","14":"product-type-simple"},"_links":{"self":[{"href":"https:\/\/sezona.lv\/en\/wp-json\/wp\/v2\/product\/76872","targetHints":{"allow":["GET"]}}],"collection":[{"href":"https:\/\/sezona.lv\/en\/wp-json\/wp\/v2\/product"}],"about":[{"href":"https:\/\/sezona.lv\/en\/wp-json\/wp\/v2\/types\/product"}],"wp:attachment":[{"href":"https:\/\/sezona.lv\/en\/wp-json\/wp\/v2\/media?parent=76872"}],"wp:term":[{"taxonomy":"product_brand","embeddable":true,"href":"https:\/\/sezona.lv\/en\/wp-json\/wp\/v2\/product_brand?post=76872"},{"taxonomy":"product_cat","embeddable":true,"href":"https:\/\/sezona.lv\/en\/wp-json\/wp\/v2\/product_cat?post=76872"},{"taxonomy":"product_tag","embeddable":true,"href":"https:\/\/sezona.lv\/en\/wp-json\/wp\/v2\/product_tag?post=76872"}],"curies":[{"name":"wp","href":"https:\/\/api.w.org\/{rel}","templated":true}]}}