{"id":76876,"date":"2025-07-14T14:57:47","date_gmt":"2025-07-14T11:57:47","guid":{"rendered":"https:\/\/demo8.ecube.lv\/sezona.lv\/products\/klinsu-hex-dmm-torque-nut-zila-4\/"},"modified":"2025-07-14T14:57:47","modified_gmt":"2025-07-14T11:57:47","slug":"klinsu-hex-dmm-torque-nut-zila-4","status":"publish","type":"product","link":"https:\/\/sezona.lv\/en\/products\/klinsu-hex-dmm-torque-nut-zila-4\/","title":{"rendered":"Klin\u0161u Hex DMM Torque Nut zila 4"},"content":{"rendered":"<p align=\"justify\"><span style=\"font-size: x-small\">Klin&scaron;u HEX veida ielikt\u0146i ar Dyneema cilpu, kas ir pagarin\u0101ma un sa\u012bsin\u0101ma p\u0113c vajadz\u012bbas. Paredz\u0113ti pla&scaron;\u0101m plais\u0101m. Hexi ir lieliski piem\u0113roti ziemas k\u0101p&scaron;anai, jo tos ir viegli ielikt pat sasalu&scaron;\u0101s klin&scaron;u plais\u0101s. Lielie Hex izm\u0113ri lieliski sp\u0113j aizst\u0101t lielos frendus, t\u0101d\u0113j\u0101di J\u016bs varat ietaup\u012bt svaru k\u0101pjot.<\/span><span style=\"font-size: x-small\"><br \/><\/span><\/p>\n<div><\/div>\n<p><strong><span style=\"font-size: x-small\">Specifik\u0101cija:<\/span><\/strong><\/p>\n<p>&nbsp;<\/p>\n<table border=\"1\" cellspacing=\"1\" cellpadding=\"1\" width=\"400\">\n<tbody>\n<tr>\n<td>Torque Nut 1<\/td>\n<td>54g<\/td>\n<td>za\u013c&scaron;<\/td>\n<td>14kN<\/td>\n<td>16.00 EUR<\/td>\n<\/tr>\n<tr>\n<td>Torque Nut 2<\/td>\n<td>70g<\/td>\n<td>sarkans<\/td>\n<td>14kN<\/td>\n<td>16.00 EUR<\/td>\n<\/tr>\n<tr>\n<td>Torque Nut 3<\/td>\n<td>104g<\/td>\n<td>zelta<\/td>\n<td>14kN<\/td>\n<td>16.00 EUR<\/td>\n<\/tr>\n<tr>\n<td>Torque Nut 4<\/td>\n<td>146g<\/td>\n<td>zils<\/td>\n<td>14kN<\/td>\n<td>16.00 EUR<\/p>\n<\/td>\n<\/tr>\n<\/tbody>\n<\/table>\n","protected":false},"excerpt":{"rendered":"<p>Klin&scaron;u HEX veida ielikt\u0146i ar Dyneema cilpu, kas ir pagarin\u0101ma un sa\u012bsin\u0101ma p\u0113c vajadz\u012bbas. Paredz\u0113ti pla&scaron;\u0101m plais\u0101m. Hexi ir lieliski piem\u0113roti ziemas k\u0101p&scaron;anai, jo tos ir viegli ielikt pat sasalu&scaron;\u0101s klin&scaron;u plais\u0101s. Lielie Hex izm\u0113ri lieliski sp\u0113j aizst\u0101t lielos frendus, t\u0101d\u0113j\u0101di J\u016bs varat ietaup\u012bt svaru k\u0101pjot. Specifik\u0101cija: &nbsp; Torque Nut 1 54g za\u013c&scaron; 14kN 16.00 [&hellip;]<\/p>\n","protected":false},"featured_media":0,"template":"","meta":[],"product_brand":[965],"product_cat":[4851,4859,4872],"product_tag":[],"class_list":{"0":"post-76876","1":"product","2":"type-product","3":"status-publish","5":"product_brand-dmm","6":"product_cat-mountaineering-equipment-recreation","7":"product_cat-for-rock-climbing-mountaineering-mountaineering-equipment-recreation","8":"product_cat-friends-and-belays-for-rock-climbing-mountaineering-mountaineering-equipment-recreation","10":"first","11":"instock","12":"shipping-taxable","13":"purchasable","14":"product-type-simple"},"_links":{"self":[{"href":"https:\/\/sezona.lv\/en\/wp-json\/wp\/v2\/product\/76876","targetHints":{"allow":["GET"]}}],"collection":[{"href":"https:\/\/sezona.lv\/en\/wp-json\/wp\/v2\/product"}],"about":[{"href":"https:\/\/sezona.lv\/en\/wp-json\/wp\/v2\/types\/product"}],"wp:attachment":[{"href":"https:\/\/sezona.lv\/en\/wp-json\/wp\/v2\/media?parent=76876"}],"wp:term":[{"taxonomy":"product_brand","embeddable":true,"href":"https:\/\/sezona.lv\/en\/wp-json\/wp\/v2\/product_brand?post=76876"},{"taxonomy":"product_cat","embeddable":true,"href":"https:\/\/sezona.lv\/en\/wp-json\/wp\/v2\/product_cat?post=76876"},{"taxonomy":"product_tag","embeddable":true,"href":"https:\/\/sezona.lv\/en\/wp-json\/wp\/v2\/product_tag?post=76876"}],"curies":[{"name":"wp","href":"https:\/\/api.w.org\/{rel}","templated":true}]}}