{"id":76877,"date":"2025-07-14T14:57:47","date_gmt":"2025-07-14T11:57:47","guid":{"rendered":"https:\/\/demo8.ecube.lv\/sezona.lv\/products\/enkura-skruve-climbing-technology-anchor-bolt-10\/"},"modified":"2025-07-14T14:57:47","modified_gmt":"2025-07-14T11:57:47","slug":"enkura-skruve-climbing-technology-anchor-bolt-10","status":"publish","type":"product","link":"https:\/\/sezona.lv\/en\/products\/enkura-skruve-climbing-technology-anchor-bolt-10\/","title":{"rendered":"Enkura skr\u016bve Climbing Technology ANCHOR BOLT 10"},"content":{"rendered":"<p align=\"justify\"><span style=\"font-size: x-small\">Enkurs 10mm skr\u016bv\u0113m ar uzgriezni un diviem izple&scaron;an\u0101s elementiem. Ner\u016bs\u0113jo&scaron;ais t\u0113rauds (AISI 304). Kop\u0101 ar Plate 10mm stiprin\u0101juma punktu veido EN 795 un EN959 atbilsto&scaron;u dro&scaron;\u012bbas punktu.<\/span><\/p>\n<div><\/div>\n<p align=\"justify\"><span style=\"font-size: x-small\">Paredz\u0113ts betonam\/dzelzsbetona, ka\u013c\u0137akmens un gran\u012bta strukt\u016br\u0101m.<\/span><\/p>\n<div><\/div>\n<p align=\"justify\"><span style=\"font-size: x-small\"><strong>Specifik\u0101cija:<\/strong><\/span><\/p>\n<p align=\"justify\"><span style=\"font-size: x-small\">Svars: 62g.<br \/>Urb&scaron;anas dzi\u013cums: 90mm<\/span><\/p>\n<div><\/div>\n<p align=\"justify\"><span style=\"font-size: x-small\">Diametrs: 10mm<\/span><\/p>\n","protected":false},"excerpt":{"rendered":"<p>Enkurs 10mm skr\u016bv\u0113m ar uzgriezni un diviem izple&scaron;an\u0101s elementiem. Ner\u016bs\u0113jo&scaron;ais t\u0113rauds (AISI 304). Kop\u0101 ar Plate 10mm stiprin\u0101juma punktu veido EN 795 un EN959 atbilsto&scaron;u dro&scaron;\u012bbas punktu. Paredz\u0113ts betonam\/dzelzsbetona, ka\u013c\u0137akmens un gran\u012bta strukt\u016br\u0101m. Specifik\u0101cija: Svars: 62g.Urb&scaron;anas dzi\u013cums: 90mm Diametrs: 10mm<\/p>\n","protected":false},"featured_media":0,"template":"","meta":[],"product_brand":[928],"product_cat":[4851,4859,4872],"product_tag":[],"class_list":{"0":"post-76877","1":"product","2":"type-product","3":"status-publish","5":"product_brand-climbing-technology","6":"product_cat-mountaineering-equipment-recreation","7":"product_cat-for-rock-climbing-mountaineering-mountaineering-equipment-recreation","8":"product_cat-friends-and-belays-for-rock-climbing-mountaineering-mountaineering-equipment-recreation","10":"first","11":"instock","12":"shipping-taxable","13":"purchasable","14":"product-type-simple"},"_links":{"self":[{"href":"https:\/\/sezona.lv\/en\/wp-json\/wp\/v2\/product\/76877","targetHints":{"allow":["GET"]}}],"collection":[{"href":"https:\/\/sezona.lv\/en\/wp-json\/wp\/v2\/product"}],"about":[{"href":"https:\/\/sezona.lv\/en\/wp-json\/wp\/v2\/types\/product"}],"wp:attachment":[{"href":"https:\/\/sezona.lv\/en\/wp-json\/wp\/v2\/media?parent=76877"}],"wp:term":[{"taxonomy":"product_brand","embeddable":true,"href":"https:\/\/sezona.lv\/en\/wp-json\/wp\/v2\/product_brand?post=76877"},{"taxonomy":"product_cat","embeddable":true,"href":"https:\/\/sezona.lv\/en\/wp-json\/wp\/v2\/product_cat?post=76877"},{"taxonomy":"product_tag","embeddable":true,"href":"https:\/\/sezona.lv\/en\/wp-json\/wp\/v2\/product_tag?post=76877"}],"curies":[{"name":"wp","href":"https:\/\/api.w.org\/{rel}","templated":true}]}}