{"id":76878,"date":"2025-07-14T14:57:48","date_gmt":"2025-07-14T11:57:48","guid":{"rendered":"https:\/\/demo8.ecube.lv\/sezona.lv\/products\/enkura-stacija-climbing-technology-plates-belay-station\/"},"modified":"2025-07-14T14:57:48","modified_gmt":"2025-07-14T11:57:48","slug":"enkura-stacija-climbing-technology-plates-belay-station","status":"publish","type":"product","link":"https:\/\/sezona.lv\/en\/products\/enkura-stacija-climbing-technology-plates-belay-station\/","title":{"rendered":"Enkura stacija Climbing Technology Plates Belay Station"},"content":{"rendered":"<p align=\"justify\"><span style=\"font-size: x-small\">Stacija ar diviem nolai&scaron;an\u0101s ri\u0146\u0137iem. 10mm skr\u016bves. Paredz\u0113ta gan m\u0101ksl\u012bgaj\u0101m klin&scaron;u sien\u0101m, gan ar\u012b lai nostiprin\u0101tu uz \u012bstaj\u0101m klint\u012bm vai ar\u012b uz betona kostrukcij\u0101m.<br \/><\/span><\/p>\n<p align=\"justify\"><span style=\"font-size: x-small\"><strong>Specifik\u0101cija:<\/strong><\/span><\/p>\n<div><\/div>\n<p align=\"justify\"><span style=\"font-size: x-small\">Sertifik\u0101cija:<strong>&nbsp;<\/strong>EN 959:2007<\/span><\/p>\n<div><\/div>\n<p align=\"justify\"><span style=\"font-size: x-small\">Iztur\u012bba: 15\/25kN<\/span><\/p>\n","protected":false},"excerpt":{"rendered":"<p>Stacija ar diviem nolai&scaron;an\u0101s ri\u0146\u0137iem. 10mm skr\u016bves. Paredz\u0113ta gan m\u0101ksl\u012bgaj\u0101m klin&scaron;u sien\u0101m, gan ar\u012b lai nostiprin\u0101tu uz \u012bstaj\u0101m klint\u012bm vai ar\u012b uz betona kostrukcij\u0101m. Specifik\u0101cija: Sertifik\u0101cija:&nbsp;EN 959:2007 Iztur\u012bba: 15\/25kN<\/p>\n","protected":false},"featured_media":0,"template":"","meta":[],"product_brand":[928],"product_cat":[4851,4859,4872],"product_tag":[],"class_list":{"0":"post-76878","1":"product","2":"type-product","3":"status-publish","5":"product_brand-climbing-technology","6":"product_cat-mountaineering-equipment-recreation","7":"product_cat-for-rock-climbing-mountaineering-mountaineering-equipment-recreation","8":"product_cat-friends-and-belays-for-rock-climbing-mountaineering-mountaineering-equipment-recreation","10":"first","11":"instock","12":"shipping-taxable","13":"purchasable","14":"product-type-simple"},"_links":{"self":[{"href":"https:\/\/sezona.lv\/en\/wp-json\/wp\/v2\/product\/76878","targetHints":{"allow":["GET"]}}],"collection":[{"href":"https:\/\/sezona.lv\/en\/wp-json\/wp\/v2\/product"}],"about":[{"href":"https:\/\/sezona.lv\/en\/wp-json\/wp\/v2\/types\/product"}],"wp:attachment":[{"href":"https:\/\/sezona.lv\/en\/wp-json\/wp\/v2\/media?parent=76878"}],"wp:term":[{"taxonomy":"product_brand","embeddable":true,"href":"https:\/\/sezona.lv\/en\/wp-json\/wp\/v2\/product_brand?post=76878"},{"taxonomy":"product_cat","embeddable":true,"href":"https:\/\/sezona.lv\/en\/wp-json\/wp\/v2\/product_cat?post=76878"},{"taxonomy":"product_tag","embeddable":true,"href":"https:\/\/sezona.lv\/en\/wp-json\/wp\/v2\/product_tag?post=76878"}],"curies":[{"name":"wp","href":"https:\/\/api.w.org\/{rel}","templated":true}]}}