{"id":76880,"date":"2025-07-14T14:57:50","date_gmt":"2025-07-14T11:57:50","guid":{"rendered":"https:\/\/demo8.ecube.lv\/sezona.lv\/products\/klinsu-akis-climbing-technology-universal-15cm\/"},"modified":"2025-07-14T14:57:50","modified_gmt":"2025-07-14T11:57:50","slug":"klinsu-akis-climbing-technology-universal-15cm","status":"publish","type":"product","link":"https:\/\/sezona.lv\/en\/products\/klinsu-akis-climbing-technology-universal-15cm\/","title":{"rendered":"Klin\u0161u \u0101\u0137is Climbing Technology Universal 15cm"},"content":{"rendered":"<p align=\"justify\"><span style=\"font-size: x-small\">Univers\u0101ls klin&scaron;u \u0101\u0137is visa veida plais\u0101m. Peredz\u0113ts lieto&scaron;anai &#8220;m\u012bkst\u0101&#8221; klint\u012b, piem\u0113ram, ka\u013c\u0137akmens (limestone).Pieejami da\u017e\u0101dos garumos. P tipa \u0101\u0137i dom\u0101ti statiskai slodzei, S &#8211; kritiena notur\u0113&scaron;anai.<\/span><\/p>\n<table class=\"tabella\" border=\"1\" width=\"100%\">\n<tbody>\n<tr>\n<td class=\"menu\"><strong>Universal 10cm<br \/><\/strong><\/td>\n<td>10cm<\/td>\n<td>6cm<\/td>\n<td>P<\/td>\n<td>71 g<\/td>\n<\/tr>\n<tr>\n<td class=\"menu\"><strong>Universal 12cm<\/strong><\/td>\n<td>12cm<\/td>\n<td>8cm<\/td>\n<td>P<\/td>\n<td>87 g<\/td>\n<\/tr>\n<tr>\n<td class=\"menu\"><strong>Universal 15cm<\/strong><\/td>\n<td>15cm<\/td>\n<td>10<\/td>\n<td>S<\/td>\n<td>112 g<\/td>\n<\/tr>\n<\/tbody>\n<\/table>\n","protected":false},"excerpt":{"rendered":"<p>Univers\u0101ls klin&scaron;u \u0101\u0137is visa veida plais\u0101m. Peredz\u0113ts lieto&scaron;anai &#8220;m\u012bkst\u0101&#8221; klint\u012b, piem\u0113ram, ka\u013c\u0137akmens (limestone).Pieejami da\u017e\u0101dos garumos. P tipa \u0101\u0137i dom\u0101ti statiskai slodzei, S &#8211; kritiena notur\u0113&scaron;anai. Universal 10cm 10cm 6cm P 71 g Universal 12cm 12cm 8cm P 87 g Universal 15cm 15cm 10 S 112 g<\/p>\n","protected":false},"featured_media":0,"template":"","meta":[],"product_brand":[928],"product_cat":[4851,4859,4872],"product_tag":[],"class_list":{"0":"post-76880","1":"product","2":"type-product","3":"status-publish","5":"product_brand-climbing-technology","6":"product_cat-mountaineering-equipment-recreation","7":"product_cat-for-rock-climbing-mountaineering-mountaineering-equipment-recreation","8":"product_cat-friends-and-belays-for-rock-climbing-mountaineering-mountaineering-equipment-recreation","10":"first","11":"instock","12":"shipping-taxable","13":"purchasable","14":"product-type-simple"},"_links":{"self":[{"href":"https:\/\/sezona.lv\/en\/wp-json\/wp\/v2\/product\/76880","targetHints":{"allow":["GET"]}}],"collection":[{"href":"https:\/\/sezona.lv\/en\/wp-json\/wp\/v2\/product"}],"about":[{"href":"https:\/\/sezona.lv\/en\/wp-json\/wp\/v2\/types\/product"}],"wp:attachment":[{"href":"https:\/\/sezona.lv\/en\/wp-json\/wp\/v2\/media?parent=76880"}],"wp:term":[{"taxonomy":"product_brand","embeddable":true,"href":"https:\/\/sezona.lv\/en\/wp-json\/wp\/v2\/product_brand?post=76880"},{"taxonomy":"product_cat","embeddable":true,"href":"https:\/\/sezona.lv\/en\/wp-json\/wp\/v2\/product_cat?post=76880"},{"taxonomy":"product_tag","embeddable":true,"href":"https:\/\/sezona.lv\/en\/wp-json\/wp\/v2\/product_tag?post=76880"}],"curies":[{"name":"wp","href":"https:\/\/api.w.org\/{rel}","templated":true}]}}