{"id":76881,"date":"2025-07-14T14:57:50","date_gmt":"2025-07-14T11:57:50","guid":{"rendered":"https:\/\/demo8.ecube.lv\/sezona.lv\/products\/klinsu-akis-climbing-technology-angle-narrow\/"},"modified":"2025-07-14T14:57:50","modified_gmt":"2025-07-14T11:57:50","slug":"klinsu-akis-climbing-technology-angle-narrow","status":"publish","type":"product","link":"https:\/\/sezona.lv\/en\/products\/klinsu-akis-climbing-technology-angle-narrow\/","title":{"rendered":"Klin\u0161u \u0101\u0137is Climbing Technology Angle Narrow"},"content":{"rendered":"<p align=\"justify\"><span style=\"font-size: x-small\">Klin&scaron;u \u0101\u0137i vid\u0113ja izm\u0113ra plais\u0101m. Pieejami da\u017e\u0101dos garumos. Izmantot uz ciet\u0101m klint\u012bm, piem\u0113ram, gran\u012bta.&nbsp;<br \/><\/span><\/p>\n<div><\/div>\n<p align=\"justify\"><span style=\"font-size: x-small\">Specifik\u0101cija:<\/span><\/p>\n<table class=\"tabella\" border=\"1\" width=\"100%\">\n<thead>\n<tr>\n<th class=\"avviso\" rowspan=\"2\">Kods<\/th>\n<th class=\"avviso2\" colspan=\"2\">garums cm<\/th>\n<th class=\"avviso\" rowspan=\"2\">CE<br \/>UIAA<\/th>\n<th rowspan=\"2\"><img decoding=\"async\" src=\"http:\/\/www.climbingtechnology.it\/ebusiness\/2712.gif\" alt=\"\" \/><\/th>\n<\/tr>\n<tr>\n<th class=\"avviso2\">kop\u0101<\/th>\n<th class=\"avviso2\">spals<\/th>\n<\/tr>\n<\/thead>\n<tbody>\n<tr>\n<td class=\"menu\"><strong>3A251110<\/strong><\/td>\n<td>11<\/td>\n<td>7,5<\/td>\n<td>P<\/td>\n<td>75 g<\/td>\n<\/tr>\n<tr>\n<td class=\"menu\"><strong>3A251140<\/strong><\/td>\n<td>14<\/td>\n<td>10,5<\/td>\n<td>S<\/td>\n<td>101 g<\/p>\n<\/td>\n<\/tr>\n<\/tbody>\n<\/table>\n","protected":false},"excerpt":{"rendered":"<p>Klin&scaron;u \u0101\u0137i vid\u0113ja izm\u0113ra plais\u0101m. Pieejami da\u017e\u0101dos garumos. Izmantot uz ciet\u0101m klint\u012bm, piem\u0113ram, gran\u012bta.&nbsp; Specifik\u0101cija: Kods garums cm CEUIAA kop\u0101 spals 3A251110 11 7,5 P 75 g 3A251140 14 10,5 S 101 g<\/p>\n","protected":false},"featured_media":0,"template":"","meta":[],"product_brand":[928],"product_cat":[4851,4859,4872],"product_tag":[],"class_list":{"0":"post-76881","1":"product","2":"type-product","3":"status-publish","5":"product_brand-climbing-technology","6":"product_cat-mountaineering-equipment-recreation","7":"product_cat-for-rock-climbing-mountaineering-mountaineering-equipment-recreation","8":"product_cat-friends-and-belays-for-rock-climbing-mountaineering-mountaineering-equipment-recreation","10":"first","11":"instock","12":"shipping-taxable","13":"purchasable","14":"product-type-simple"},"_links":{"self":[{"href":"https:\/\/sezona.lv\/en\/wp-json\/wp\/v2\/product\/76881","targetHints":{"allow":["GET"]}}],"collection":[{"href":"https:\/\/sezona.lv\/en\/wp-json\/wp\/v2\/product"}],"about":[{"href":"https:\/\/sezona.lv\/en\/wp-json\/wp\/v2\/types\/product"}],"wp:attachment":[{"href":"https:\/\/sezona.lv\/en\/wp-json\/wp\/v2\/media?parent=76881"}],"wp:term":[{"taxonomy":"product_brand","embeddable":true,"href":"https:\/\/sezona.lv\/en\/wp-json\/wp\/v2\/product_brand?post=76881"},{"taxonomy":"product_cat","embeddable":true,"href":"https:\/\/sezona.lv\/en\/wp-json\/wp\/v2\/product_cat?post=76881"},{"taxonomy":"product_tag","embeddable":true,"href":"https:\/\/sezona.lv\/en\/wp-json\/wp\/v2\/product_tag?post=76881"}],"curies":[{"name":"wp","href":"https:\/\/api.w.org\/{rel}","templated":true}]}}