{"id":76884,"date":"2025-07-14T14:57:53","date_gmt":"2025-07-14T11:57:53","guid":{"rendered":"https:\/\/demo8.ecube.lv\/sezona.lv\/products\/klinsu-akis-climbing-technology-blade-10cm\/"},"modified":"2025-07-14T14:57:53","modified_gmt":"2025-07-14T11:57:53","slug":"klinsu-akis-climbing-technology-blade-10cm","status":"publish","type":"product","link":"https:\/\/sezona.lv\/en\/products\/klinsu-akis-climbing-technology-blade-10cm\/","title":{"rendered":"Klin\u0161u \u0101\u0137is Climbing Technology Blade 10cm"},"content":{"rendered":"<p align=\"justify\"><span style=\"font-size: x-small\">Klin&scaron;u \u0101\u0137is Blade ir paredz\u0113ts lieto&scaron;anai \u013coti tiev\u0101s plais\u0101s. To ir paredz\u0113ts lietot ciet\u0101s klint\u012bs, piem\u0113ram, gran\u012bt\u0101. Gal\u0101 ir divi stiprin\u0101juma caurumi priek&scaron; karab\u012bn\u0113m.&nbsp;<br \/><\/span><\/p>\n<div><\/div>\n<p align=\"justify\"><strong><span style=\"font-size: x-small\">Specifik\u0101cija:<\/span><\/strong><\/p>\n<table class=\"tabella\" style=\"height: 113px\" border=\"1\" width=\"495\">\n<thead>\n<tr>\n<th class=\"avviso\" rowspan=\"2\">kods<\/th>\n<th class=\"avviso2\" colspan=\"2\">garums cm<\/th>\n<th class=\"avviso\" rowspan=\"2\">CE<br \/>UIAA<\/th>\n<th rowspan=\"2\"><\/th>\n<\/tr>\n<tr>\n<th class=\"avviso2\">kop\u0101<\/th>\n<th class=\"avviso2\">asmens<\/th>\n<\/tr>\n<\/thead>\n<tbody>\n<tr>\n<td class=\"menu\"><strong>3A255070<\/strong><\/td>\n<td>7<\/td>\n<td>4<\/td>\n<td>P<\/td>\n<td>48 g<\/td>\n<\/tr>\n<tr>\n<td class=\"menu\"><strong>3A255085<\/strong><\/td>\n<td>8,5<\/td>\n<td>5,5<\/td>\n<td>P<\/td>\n<td>55 g<\/td>\n<\/tr>\n<tr>\n<td class=\"menu\"><strong>3A255100<\/strong><\/td>\n<td>10<\/td>\n<td>7<\/td>\n<td>P<\/td>\n<td>62 g<\/td>\n<\/tr>\n<\/tbody>\n<\/table>\n","protected":false},"excerpt":{"rendered":"<p>Klin&scaron;u \u0101\u0137is Blade ir paredz\u0113ts lieto&scaron;anai \u013coti tiev\u0101s plais\u0101s. To ir paredz\u0113ts lietot ciet\u0101s klint\u012bs, piem\u0113ram, gran\u012bt\u0101. Gal\u0101 ir divi stiprin\u0101juma caurumi priek&scaron; karab\u012bn\u0113m.&nbsp; Specifik\u0101cija: kods garums cm CEUIAA kop\u0101 asmens 3A255070 7 4 P 48 g 3A255085 8,5 5,5 P 55 g 3A255100 10 7 P 62 g<\/p>\n","protected":false},"featured_media":0,"template":"","meta":[],"product_brand":[928],"product_cat":[4851,4859,4872],"product_tag":[],"class_list":{"0":"post-76884","1":"product","2":"type-product","3":"status-publish","5":"product_brand-climbing-technology","6":"product_cat-mountaineering-equipment-recreation","7":"product_cat-for-rock-climbing-mountaineering-mountaineering-equipment-recreation","8":"product_cat-friends-and-belays-for-rock-climbing-mountaineering-mountaineering-equipment-recreation","10":"first","11":"instock","12":"shipping-taxable","13":"purchasable","14":"product-type-simple"},"_links":{"self":[{"href":"https:\/\/sezona.lv\/en\/wp-json\/wp\/v2\/product\/76884","targetHints":{"allow":["GET"]}}],"collection":[{"href":"https:\/\/sezona.lv\/en\/wp-json\/wp\/v2\/product"}],"about":[{"href":"https:\/\/sezona.lv\/en\/wp-json\/wp\/v2\/types\/product"}],"wp:attachment":[{"href":"https:\/\/sezona.lv\/en\/wp-json\/wp\/v2\/media?parent=76884"}],"wp:term":[{"taxonomy":"product_brand","embeddable":true,"href":"https:\/\/sezona.lv\/en\/wp-json\/wp\/v2\/product_brand?post=76884"},{"taxonomy":"product_cat","embeddable":true,"href":"https:\/\/sezona.lv\/en\/wp-json\/wp\/v2\/product_cat?post=76884"},{"taxonomy":"product_tag","embeddable":true,"href":"https:\/\/sezona.lv\/en\/wp-json\/wp\/v2\/product_tag?post=76884"}],"curies":[{"name":"wp","href":"https:\/\/api.w.org\/{rel}","templated":true}]}}