{"id":76885,"date":"2025-07-14T14:57:53","date_gmt":"2025-07-14T11:57:53","guid":{"rendered":"https:\/\/demo8.ecube.lv\/sezona.lv\/products\/klinsu-akis-climbing-technology-eye-round\/"},"modified":"2025-07-14T14:57:53","modified_gmt":"2025-07-14T11:57:53","slug":"klinsu-akis-climbing-technology-eye-round","status":"publish","type":"product","link":"https:\/\/sezona.lv\/en\/products\/klinsu-akis-climbing-technology-eye-round\/","title":{"rendered":"Klin\u0161u \u0101\u0137is Climbing Technology Eye Round"},"content":{"rendered":"<p align=\"justify\"><span style=\"font-size: x-small\">Klin&scaron;u \u0101\u0137is Eye Round ir paredz\u0113ts lieto&scaron;anai uz m\u012bkst\u0101m klint\u012bm, piem\u0113ram, ka\u013c\u0137akmens (limestone). Liekot to iek&scaron;\u0101 plais\u0101, tas deform\u0113jas un piel\u0101gojas plaisas formai. \u0100\u0137a gal\u0101 ir plats caurums kur ievietot karab\u012bni.<br \/><\/span><\/p>\n<p align=\"justify\"><strong><span style=\"font-size: x-small\">Specifik\u0101cija:<\/span><\/strong><\/p>\n<p align=\"justify\"><span style=\"font-size: x-small\">Garums: 12cm<\/span><\/p>\n<p align=\"justify\"><span style=\"font-size: x-small\">Sertifik\u0101cija: EN 569, CE 0333<\/span><\/p>\n","protected":false},"excerpt":{"rendered":"<p>Klin&scaron;u \u0101\u0137is Eye Round ir paredz\u0113ts lieto&scaron;anai uz m\u012bkst\u0101m klint\u012bm, piem\u0113ram, ka\u013c\u0137akmens (limestone). Liekot to iek&scaron;\u0101 plais\u0101, tas deform\u0113jas un piel\u0101gojas plaisas formai. \u0100\u0137a gal\u0101 ir plats caurums kur ievietot karab\u012bni. Specifik\u0101cija: Garums: 12cm Sertifik\u0101cija: EN 569, CE 0333<\/p>\n","protected":false},"featured_media":0,"template":"","meta":[],"product_brand":[928],"product_cat":[4851,4859,4872],"product_tag":[],"class_list":{"0":"post-76885","1":"product","2":"type-product","3":"status-publish","5":"product_brand-climbing-technology","6":"product_cat-mountaineering-equipment-recreation","7":"product_cat-for-rock-climbing-mountaineering-mountaineering-equipment-recreation","8":"product_cat-friends-and-belays-for-rock-climbing-mountaineering-mountaineering-equipment-recreation","10":"first","11":"instock","12":"shipping-taxable","13":"purchasable","14":"product-type-simple"},"_links":{"self":[{"href":"https:\/\/sezona.lv\/en\/wp-json\/wp\/v2\/product\/76885","targetHints":{"allow":["GET"]}}],"collection":[{"href":"https:\/\/sezona.lv\/en\/wp-json\/wp\/v2\/product"}],"about":[{"href":"https:\/\/sezona.lv\/en\/wp-json\/wp\/v2\/types\/product"}],"wp:attachment":[{"href":"https:\/\/sezona.lv\/en\/wp-json\/wp\/v2\/media?parent=76885"}],"wp:term":[{"taxonomy":"product_brand","embeddable":true,"href":"https:\/\/sezona.lv\/en\/wp-json\/wp\/v2\/product_brand?post=76885"},{"taxonomy":"product_cat","embeddable":true,"href":"https:\/\/sezona.lv\/en\/wp-json\/wp\/v2\/product_cat?post=76885"},{"taxonomy":"product_tag","embeddable":true,"href":"https:\/\/sezona.lv\/en\/wp-json\/wp\/v2\/product_tag?post=76885"}],"curies":[{"name":"wp","href":"https:\/\/api.w.org\/{rel}","templated":true}]}}