{"id":76886,"date":"2025-07-14T14:57:54","date_gmt":"2025-07-14T11:57:54","guid":{"rendered":"https:\/\/demo8.ecube.lv\/sezona.lv\/products\/ieliktnu-atslega-climbing-technology-nuts-tool\/"},"modified":"2025-07-14T14:57:54","modified_gmt":"2025-07-14T11:57:54","slug":"ieliktnu-atslega-climbing-technology-nuts-tool","status":"publish","type":"product","link":"https:\/\/sezona.lv\/en\/products\/ieliktnu-atslega-climbing-technology-nuts-tool\/","title":{"rendered":"Ielikt\u0146u atsl\u0113ga Climbing Technology Nuts tool"},"content":{"rendered":"<p align=\"justify\"><span style=\"font-size: x-small\">\u013boti viegla, bet iztur\u012bga ielikt\u0146u un frendu atsl\u0113ga ar 17mm uzgrie\u017e\u0146a atsl\u0113gu un pude\u013ca attais\u0101mo. Ielikt\u0146u atsl\u0113ga ir b\u016btiska ekip\u0113juma sast\u0101vda\u013ca tradicion\u0101lajai klin&scaron;u k\u0101p&scaron;anai, jo ar t\u0101s pal\u012bdz\u012bbu var iz\u0146emt no plais\u0101m klin&scaron;u ielikt\u0146us un frendus.<br \/><\/span><\/p>\n<div><\/div>\n<p align=\"justify\"><span style=\"font-size: x-small\">Svars: 60g.<\/span><\/p>\n","protected":false},"excerpt":{"rendered":"<p>\u013boti viegla, bet iztur\u012bga ielikt\u0146u un frendu atsl\u0113ga ar 17mm uzgrie\u017e\u0146a atsl\u0113gu un pude\u013ca attais\u0101mo. Ielikt\u0146u atsl\u0113ga ir b\u016btiska ekip\u0113juma sast\u0101vda\u013ca tradicion\u0101lajai klin&scaron;u k\u0101p&scaron;anai, jo ar t\u0101s pal\u012bdz\u012bbu var iz\u0146emt no plais\u0101m klin&scaron;u ielikt\u0146us un frendus. Svars: 60g.<\/p>\n","protected":false},"featured_media":0,"template":"","meta":[],"product_brand":[928],"product_cat":[4851,4859,4872],"product_tag":[],"class_list":{"0":"post-76886","1":"product","2":"type-product","3":"status-publish","5":"product_brand-climbing-technology","6":"product_cat-mountaineering-equipment-recreation","7":"product_cat-for-rock-climbing-mountaineering-mountaineering-equipment-recreation","8":"product_cat-friends-and-belays-for-rock-climbing-mountaineering-mountaineering-equipment-recreation","10":"first","11":"instock","12":"shipping-taxable","13":"purchasable","14":"product-type-simple"},"_links":{"self":[{"href":"https:\/\/sezona.lv\/en\/wp-json\/wp\/v2\/product\/76886","targetHints":{"allow":["GET"]}}],"collection":[{"href":"https:\/\/sezona.lv\/en\/wp-json\/wp\/v2\/product"}],"about":[{"href":"https:\/\/sezona.lv\/en\/wp-json\/wp\/v2\/types\/product"}],"wp:attachment":[{"href":"https:\/\/sezona.lv\/en\/wp-json\/wp\/v2\/media?parent=76886"}],"wp:term":[{"taxonomy":"product_brand","embeddable":true,"href":"https:\/\/sezona.lv\/en\/wp-json\/wp\/v2\/product_brand?post=76886"},{"taxonomy":"product_cat","embeddable":true,"href":"https:\/\/sezona.lv\/en\/wp-json\/wp\/v2\/product_cat?post=76886"},{"taxonomy":"product_tag","embeddable":true,"href":"https:\/\/sezona.lv\/en\/wp-json\/wp\/v2\/product_tag?post=76886"}],"curies":[{"name":"wp","href":"https:\/\/api.w.org\/{rel}","templated":true}]}}