{"id":76887,"date":"2025-07-14T14:57:55","date_gmt":"2025-07-14T11:57:55","guid":{"rendered":"https:\/\/demo8.ecube.lv\/sezona.lv\/products\/ieliktnu-atslega-dmm-nutbuster\/"},"modified":"2025-07-14T14:57:55","modified_gmt":"2025-07-14T11:57:55","slug":"ieliktnu-atslega-dmm-nutbuster","status":"publish","type":"product","link":"https:\/\/sezona.lv\/en\/products\/ieliktnu-atslega-dmm-nutbuster\/","title":{"rendered":"Ielikt\u0146u atsl\u0113ga DMM Nutbuster"},"content":{"rendered":"<p align=\"justify\"><span style=\"font-size: x-small\">DMM Nutbuster ielikt\u0146u atsl\u0113ga ir paredz\u0113ta, lai iz\u0146emtu no klin&scaron;u plaisas \u0101r\u0101 ielikt\u0146us vai frendus. \u0112rts un ergonomisks rokturis. &Scaron;im instrumentam ir \u013coti zems svars. Nepiecie&scaron;ama ekip\u0113juma sast\u0101vda\u013ca jebkuram, kur&scaron; k\u0101pj klin&scaron;u mar&scaron;rutus ar tradicion\u0101lo dro&scaron;in\u0101&scaron;anu. Roktur\u012b ir 10mm uzgrie\u017e\u0146u atsl\u0113ga, lai nepiecie&scaron;am\u012bbas gad\u012bjum\u0101 var\u0113tu piegriezt klin&scaron;u \u0101\u0137us. Gumijas uzgalis liel\u0101kam komfortam turot to rok\u0101.<\/span><\/p>\n<p><span style=\"font-size: x-small\"><strong><span style=\"color: #800000\">Svars:<\/span><\/strong>&nbsp;40 grami<\/span><\/p>\n","protected":false},"excerpt":{"rendered":"<p>DMM Nutbuster ielikt\u0146u atsl\u0113ga ir paredz\u0113ta, lai iz\u0146emtu no klin&scaron;u plaisas \u0101r\u0101 ielikt\u0146us vai frendus. \u0112rts un ergonomisks rokturis. &Scaron;im instrumentam ir \u013coti zems svars. Nepiecie&scaron;ama ekip\u0113juma sast\u0101vda\u013ca jebkuram, kur&scaron; k\u0101pj klin&scaron;u mar&scaron;rutus ar tradicion\u0101lo dro&scaron;in\u0101&scaron;anu. Roktur\u012b ir 10mm uzgrie\u017e\u0146u atsl\u0113ga, lai nepiecie&scaron;am\u012bbas gad\u012bjum\u0101 var\u0113tu piegriezt klin&scaron;u \u0101\u0137us. Gumijas uzgalis liel\u0101kam komfortam turot to rok\u0101. [&hellip;]<\/p>\n","protected":false},"featured_media":0,"template":"","meta":[],"product_brand":[965],"product_cat":[4851,4859,4872],"product_tag":[],"class_list":{"0":"post-76887","1":"product","2":"type-product","3":"status-publish","5":"product_brand-dmm","6":"product_cat-mountaineering-equipment-recreation","7":"product_cat-for-rock-climbing-mountaineering-mountaineering-equipment-recreation","8":"product_cat-friends-and-belays-for-rock-climbing-mountaineering-mountaineering-equipment-recreation","10":"first","11":"instock","12":"shipping-taxable","13":"purchasable","14":"product-type-simple"},"_links":{"self":[{"href":"https:\/\/sezona.lv\/en\/wp-json\/wp\/v2\/product\/76887","targetHints":{"allow":["GET"]}}],"collection":[{"href":"https:\/\/sezona.lv\/en\/wp-json\/wp\/v2\/product"}],"about":[{"href":"https:\/\/sezona.lv\/en\/wp-json\/wp\/v2\/types\/product"}],"wp:attachment":[{"href":"https:\/\/sezona.lv\/en\/wp-json\/wp\/v2\/media?parent=76887"}],"wp:term":[{"taxonomy":"product_brand","embeddable":true,"href":"https:\/\/sezona.lv\/en\/wp-json\/wp\/v2\/product_brand?post=76887"},{"taxonomy":"product_cat","embeddable":true,"href":"https:\/\/sezona.lv\/en\/wp-json\/wp\/v2\/product_cat?post=76887"},{"taxonomy":"product_tag","embeddable":true,"href":"https:\/\/sezona.lv\/en\/wp-json\/wp\/v2\/product_tag?post=76887"}],"curies":[{"name":"wp","href":"https:\/\/api.w.org\/{rel}","templated":true}]}}