{"id":76888,"date":"2025-07-14T14:57:56","date_gmt":"2025-07-14T11:57:56","guid":{"rendered":"https:\/\/demo8.ecube.lv\/sezona.lv\/products\/ledusskruve-black-diamond-express-ice-screw-10\/"},"modified":"2025-07-14T14:57:56","modified_gmt":"2025-07-14T11:57:56","slug":"ledusskruve-black-diamond-express-ice-screw-10","status":"publish","type":"product","link":"https:\/\/sezona.lv\/en\/products\/ledusskruve-black-diamond-express-ice-screw-10\/","title":{"rendered":"Ledusskr\u016bve Black Diamond Express Ice Screw 10"},"content":{"rendered":"<p align=\"justify\"><span style=\"font-size: x-small\">Vis\u0113rt\u0101k\u0101 t\u0113rauda ledusskr\u016bve, ar rot\u0113jo&scaron;u rokturi viegl\u0101kai skr\u016bves ieskr\u016bv\u0113&scaron;anai led\u016b. Uzlabota zobu \u0123eometrija \u013caus viegl\u0101k uzs\u0101kt skr\u016bv\u0113&scaron;anu.<\/span><\/p>\n<div><\/div>\n<p align=\"justify\"><span style=\"font-size: x-small\">Sertifik\u0101cija: CE<\/span><\/p>\n","protected":false},"excerpt":{"rendered":"<p>Vis\u0113rt\u0101k\u0101 t\u0113rauda ledusskr\u016bve, ar rot\u0113jo&scaron;u rokturi viegl\u0101kai skr\u016bves ieskr\u016bv\u0113&scaron;anai led\u016b. Uzlabota zobu \u0123eometrija \u013caus viegl\u0101k uzs\u0101kt skr\u016bv\u0113&scaron;anu. Sertifik\u0101cija: CE<\/p>\n","protected":false},"featured_media":0,"template":"","meta":[],"product_brand":[946],"product_cat":[4851,4859,4873],"product_tag":[],"class_list":{"0":"post-76888","1":"product","2":"type-product","3":"status-publish","5":"product_brand-black-diamond","6":"product_cat-mountaineering-equipment-recreation","7":"product_cat-for-rock-climbing-mountaineering-mountaineering-equipment-recreation","8":"product_cat-ice-screws-and-snow-anchors-for-rock-climbing-mountaineering-mountaineering-equipment-recreation","10":"first","11":"instock","12":"shipping-taxable","13":"purchasable","14":"product-type-simple"},"_links":{"self":[{"href":"https:\/\/sezona.lv\/en\/wp-json\/wp\/v2\/product\/76888","targetHints":{"allow":["GET"]}}],"collection":[{"href":"https:\/\/sezona.lv\/en\/wp-json\/wp\/v2\/product"}],"about":[{"href":"https:\/\/sezona.lv\/en\/wp-json\/wp\/v2\/types\/product"}],"wp:attachment":[{"href":"https:\/\/sezona.lv\/en\/wp-json\/wp\/v2\/media?parent=76888"}],"wp:term":[{"taxonomy":"product_brand","embeddable":true,"href":"https:\/\/sezona.lv\/en\/wp-json\/wp\/v2\/product_brand?post=76888"},{"taxonomy":"product_cat","embeddable":true,"href":"https:\/\/sezona.lv\/en\/wp-json\/wp\/v2\/product_cat?post=76888"},{"taxonomy":"product_tag","embeddable":true,"href":"https:\/\/sezona.lv\/en\/wp-json\/wp\/v2\/product_tag?post=76888"}],"curies":[{"name":"wp","href":"https:\/\/api.w.org\/{rel}","templated":true}]}}