{"id":76890,"date":"2025-07-14T14:57:57","date_gmt":"2025-07-14T11:57:57","guid":{"rendered":"https:\/\/demo8.ecube.lv\/sezona.lv\/products\/abalakova-akis-grivel-candela\/"},"modified":"2025-07-14T14:57:57","modified_gmt":"2025-07-14T11:57:57","slug":"abalakova-akis-grivel-candela","status":"publish","type":"product","link":"https:\/\/sezona.lv\/en\/products\/abalakova-akis-grivel-candela\/","title":{"rendered":"Abalakova \u0101\u0137is Grivel Candela"},"content":{"rendered":"<p><span>Univers\u0101ls instruments ledus izt\u012br\u012b&scaron;anai no ledusskr\u016bv\u0113m, virves nogrie&scaron;anai. Viegli piestiprin\u0101ms pie sist\u0113mas. Izmanto lai izvilktu virv\u012bti kad tiek veidotas nolai&scaron;an\u0101s stacijas ar Abalakova metodi.<\/span><\/p>\n","protected":false},"excerpt":{"rendered":"<p>Univers\u0101ls instruments ledus izt\u012br\u012b&scaron;anai no ledusskr\u016bv\u0113m, virves nogrie&scaron;anai. Viegli piestiprin\u0101ms pie sist\u0113mas. Izmanto lai izvilktu virv\u012bti kad tiek veidotas nolai&scaron;an\u0101s stacijas ar Abalakova metodi.<\/p>\n","protected":false},"featured_media":0,"template":"","meta":[],"product_brand":[966],"product_cat":[4851,4859,4873],"product_tag":[],"class_list":{"0":"post-76890","1":"product","2":"type-product","3":"status-publish","5":"product_brand-grivel","6":"product_cat-mountaineering-equipment-recreation","7":"product_cat-for-rock-climbing-mountaineering-mountaineering-equipment-recreation","8":"product_cat-ice-screws-and-snow-anchors-for-rock-climbing-mountaineering-mountaineering-equipment-recreation","10":"first","11":"instock","12":"shipping-taxable","13":"purchasable","14":"product-type-simple"},"_links":{"self":[{"href":"https:\/\/sezona.lv\/en\/wp-json\/wp\/v2\/product\/76890","targetHints":{"allow":["GET"]}}],"collection":[{"href":"https:\/\/sezona.lv\/en\/wp-json\/wp\/v2\/product"}],"about":[{"href":"https:\/\/sezona.lv\/en\/wp-json\/wp\/v2\/types\/product"}],"wp:attachment":[{"href":"https:\/\/sezona.lv\/en\/wp-json\/wp\/v2\/media?parent=76890"}],"wp:term":[{"taxonomy":"product_brand","embeddable":true,"href":"https:\/\/sezona.lv\/en\/wp-json\/wp\/v2\/product_brand?post=76890"},{"taxonomy":"product_cat","embeddable":true,"href":"https:\/\/sezona.lv\/en\/wp-json\/wp\/v2\/product_cat?post=76890"},{"taxonomy":"product_tag","embeddable":true,"href":"https:\/\/sezona.lv\/en\/wp-json\/wp\/v2\/product_tag?post=76890"}],"curies":[{"name":"wp","href":"https:\/\/api.w.org\/{rel}","templated":true}]}}