{"id":76891,"date":"2025-07-14T14:57:58","date_gmt":"2025-07-14T11:57:58","guid":{"rendered":"https:\/\/demo8.ecube.lv\/sezona.lv\/products\/abalakova-akis-petzl-multihook\/"},"modified":"2025-07-14T14:57:58","modified_gmt":"2025-07-14T11:57:58","slug":"abalakova-akis-petzl-multihook","status":"publish","type":"product","link":"https:\/\/sezona.lv\/en\/products\/abalakova-akis-petzl-multihook\/","title":{"rendered":"Abalakova \u0101\u0137is Petzl Multihook"},"content":{"rendered":"<p align=\"justify\"><span style=\"font-size: x-small\">Petzl Multihook abalakova \u0101\u0137is ir multifunkcion\u0101ls instruments. To var izmantot gan dro&scaron;in\u0101&scaron;anas staciju izveidei led\u016b ar Abalakova metodi, gan ar\u012b k\u0101 ielikt\u0146u atsl\u0113gu, lai izvilktu no plais\u0101m klin&scaron;u ielikt\u0146us vai frendus. Roktur\u012b ir 8mm uzgrie\u017e\u0146u atsl\u0113ga enkuru skr\u016bvju pievilk&scaron;anai.<\/span><\/p>\n<p align=\"justify\"><span style=\"font-size: x-small\">Garums: 28cm<\/span><\/p>\n","protected":false},"excerpt":{"rendered":"<p>Petzl Multihook abalakova \u0101\u0137is ir multifunkcion\u0101ls instruments. To var izmantot gan dro&scaron;in\u0101&scaron;anas staciju izveidei led\u016b ar Abalakova metodi, gan ar\u012b k\u0101 ielikt\u0146u atsl\u0113gu, lai izvilktu no plais\u0101m klin&scaron;u ielikt\u0146us vai frendus. Roktur\u012b ir 8mm uzgrie\u017e\u0146u atsl\u0113ga enkuru skr\u016bvju pievilk&scaron;anai. Garums: 28cm<\/p>\n","protected":false},"featured_media":0,"template":"","meta":[],"product_brand":[957],"product_cat":[4851,4859,4873],"product_tag":[],"class_list":{"0":"post-76891","1":"product","2":"type-product","3":"status-publish","5":"product_brand-petzl","6":"product_cat-mountaineering-equipment-recreation","7":"product_cat-for-rock-climbing-mountaineering-mountaineering-equipment-recreation","8":"product_cat-ice-screws-and-snow-anchors-for-rock-climbing-mountaineering-mountaineering-equipment-recreation","10":"first","11":"instock","12":"shipping-taxable","13":"purchasable","14":"product-type-simple"},"_links":{"self":[{"href":"https:\/\/sezona.lv\/en\/wp-json\/wp\/v2\/product\/76891","targetHints":{"allow":["GET"]}}],"collection":[{"href":"https:\/\/sezona.lv\/en\/wp-json\/wp\/v2\/product"}],"about":[{"href":"https:\/\/sezona.lv\/en\/wp-json\/wp\/v2\/types\/product"}],"wp:attachment":[{"href":"https:\/\/sezona.lv\/en\/wp-json\/wp\/v2\/media?parent=76891"}],"wp:term":[{"taxonomy":"product_brand","embeddable":true,"href":"https:\/\/sezona.lv\/en\/wp-json\/wp\/v2\/product_brand?post=76891"},{"taxonomy":"product_cat","embeddable":true,"href":"https:\/\/sezona.lv\/en\/wp-json\/wp\/v2\/product_cat?post=76891"},{"taxonomy":"product_tag","embeddable":true,"href":"https:\/\/sezona.lv\/en\/wp-json\/wp\/v2\/product_tag?post=76891"}],"curies":[{"name":"wp","href":"https:\/\/api.w.org\/{rel}","templated":true}]}}