{"id":76892,"date":"2025-07-14T14:57:59","date_gmt":"2025-07-14T11:57:59","guid":{"rendered":"https:\/\/demo8.ecube.lv\/sezona.lv\/products\/somina-ledusskruvem-black-diamond-ice-screw-up\/"},"modified":"2025-07-14T14:57:59","modified_gmt":"2025-07-14T11:57:59","slug":"somina-ledusskruvem-black-diamond-ice-screw-up","status":"publish","type":"product","link":"https:\/\/sezona.lv\/en\/products\/somina-ledusskruvem-black-diamond-ice-screw-up\/","title":{"rendered":"Somi\u0146a ledusskr\u016bv\u0113m Black Diamond Ice Screw Up"},"content":{"rendered":"<p><span>\u0112rta un kompakta ledusskr\u016bvju transporta soma. Vieta 6 ledusskr\u016bv\u0113m.<\/span><\/p>\n","protected":false},"excerpt":{"rendered":"<p>\u0112rta un kompakta ledusskr\u016bvju transporta soma. Vieta 6 ledusskr\u016bv\u0113m.<\/p>\n","protected":false},"featured_media":0,"template":"","meta":[],"product_brand":[946],"product_cat":[4851,4859,4873],"product_tag":[],"class_list":{"0":"post-76892","1":"product","2":"type-product","3":"status-publish","5":"product_brand-black-diamond","6":"product_cat-mountaineering-equipment-recreation","7":"product_cat-for-rock-climbing-mountaineering-mountaineering-equipment-recreation","8":"product_cat-ice-screws-and-snow-anchors-for-rock-climbing-mountaineering-mountaineering-equipment-recreation","10":"first","11":"instock","12":"shipping-taxable","13":"purchasable","14":"product-type-simple"},"_links":{"self":[{"href":"https:\/\/sezona.lv\/en\/wp-json\/wp\/v2\/product\/76892","targetHints":{"allow":["GET"]}}],"collection":[{"href":"https:\/\/sezona.lv\/en\/wp-json\/wp\/v2\/product"}],"about":[{"href":"https:\/\/sezona.lv\/en\/wp-json\/wp\/v2\/types\/product"}],"wp:attachment":[{"href":"https:\/\/sezona.lv\/en\/wp-json\/wp\/v2\/media?parent=76892"}],"wp:term":[{"taxonomy":"product_brand","embeddable":true,"href":"https:\/\/sezona.lv\/en\/wp-json\/wp\/v2\/product_brand?post=76892"},{"taxonomy":"product_cat","embeddable":true,"href":"https:\/\/sezona.lv\/en\/wp-json\/wp\/v2\/product_cat?post=76892"},{"taxonomy":"product_tag","embeddable":true,"href":"https:\/\/sezona.lv\/en\/wp-json\/wp\/v2\/product_tag?post=76892"}],"curies":[{"name":"wp","href":"https:\/\/api.w.org\/{rel}","templated":true}]}}