{"id":76893,"date":"2025-07-14T14:58:00","date_gmt":"2025-07-14T11:58:00","guid":{"rendered":"https:\/\/demo8.ecube.lv\/sezona.lv\/products\/atsaite-climbing-technology-ice-hook\/"},"modified":"2025-07-14T14:58:00","modified_gmt":"2025-07-14T11:58:00","slug":"atsaite-climbing-technology-ice-hook","status":"publish","type":"product","link":"https:\/\/sezona.lv\/en\/products\/atsaite-climbing-technology-ice-hook\/","title":{"rendered":"Atsaite Climbing Technology Ice Hook"},"content":{"rendered":"<p align=\"justify\"><span style=\"font-size: x-small\">Speci\u0101la atsaite ledusskr\u016bv\u0113m, kura ir uzliekama tie&scaron;i uz ledusskr\u016bves ar ri\u0146\u0137a pal\u012bdz\u012bbu. Tas \u013cauj b\u016bt piedro&scaron;in\u0101tam pie ledusskr\u016bves jau taj\u0101 br\u012bd\u012b kad skr\u016bv\u0113jat ledusskr\u016bvi led\u016b. Dyneema cilpas gal\u0101 ir Climbing Technology Fly Weight karab\u012bne. &Scaron;\u012bs atsaites svars ir zem\u0101ks nek\u0101 parastai atsaitei ar div\u0101m karab\u012bn\u0113m.<\/span><\/p>\n<p align=\"justify\"><span style=\"font-size: x-small\"><strong>Specifik\u0101cija:<\/strong><\/span><\/p>\n<p align=\"justify\"><span style=\"font-size: x-small\">Svars: 68g<\/span><\/p>\n<p align=\"justify\"><span style=\"font-size: x-small\">Garums: 17cm<\/span><\/p>\n<p align=\"justify\"><span style=\"font-size: x-small\">Iztur\u012bba: 22kN<\/span><\/p>\n<p align=\"justify\"><span style=\"font-size: x-small\">Sertefik\u0101cija: EN 566, EN 12275<\/span><\/p>\n","protected":false},"excerpt":{"rendered":"<p>Speci\u0101la atsaite ledusskr\u016bv\u0113m, kura ir uzliekama tie&scaron;i uz ledusskr\u016bves ar ri\u0146\u0137a pal\u012bdz\u012bbu. Tas \u013cauj b\u016bt piedro&scaron;in\u0101tam pie ledusskr\u016bves jau taj\u0101 br\u012bd\u012b kad skr\u016bv\u0113jat ledusskr\u016bvi led\u016b. Dyneema cilpas gal\u0101 ir Climbing Technology Fly Weight karab\u012bne. &Scaron;\u012bs atsaites svars ir zem\u0101ks nek\u0101 parastai atsaitei ar div\u0101m karab\u012bn\u0113m. Specifik\u0101cija: Svars: 68g Garums: 17cm Iztur\u012bba: 22kN Sertefik\u0101cija: EN 566, [&hellip;]<\/p>\n","protected":false},"featured_media":0,"template":"","meta":[],"product_brand":[928],"product_cat":[4851,4859,4873],"product_tag":[],"class_list":{"0":"post-76893","1":"product","2":"type-product","3":"status-publish","5":"product_brand-climbing-technology","6":"product_cat-mountaineering-equipment-recreation","7":"product_cat-for-rock-climbing-mountaineering-mountaineering-equipment-recreation","8":"product_cat-ice-screws-and-snow-anchors-for-rock-climbing-mountaineering-mountaineering-equipment-recreation","10":"first","11":"instock","12":"shipping-taxable","13":"purchasable","14":"product-type-simple"},"_links":{"self":[{"href":"https:\/\/sezona.lv\/en\/wp-json\/wp\/v2\/product\/76893","targetHints":{"allow":["GET"]}}],"collection":[{"href":"https:\/\/sezona.lv\/en\/wp-json\/wp\/v2\/product"}],"about":[{"href":"https:\/\/sezona.lv\/en\/wp-json\/wp\/v2\/types\/product"}],"wp:attachment":[{"href":"https:\/\/sezona.lv\/en\/wp-json\/wp\/v2\/media?parent=76893"}],"wp:term":[{"taxonomy":"product_brand","embeddable":true,"href":"https:\/\/sezona.lv\/en\/wp-json\/wp\/v2\/product_brand?post=76893"},{"taxonomy":"product_cat","embeddable":true,"href":"https:\/\/sezona.lv\/en\/wp-json\/wp\/v2\/product_cat?post=76893"},{"taxonomy":"product_tag","embeddable":true,"href":"https:\/\/sezona.lv\/en\/wp-json\/wp\/v2\/product_tag?post=76893"}],"curies":[{"name":"wp","href":"https:\/\/api.w.org\/{rel}","templated":true}]}}