{"id":76894,"date":"2025-07-14T14:58:00","date_gmt":"2025-07-14T11:58:00","guid":{"rendered":"https:\/\/demo8.ecube.lv\/sezona.lv\/products\/sniega-enkurs-dmm-deadman\/"},"modified":"2025-07-14T14:58:00","modified_gmt":"2025-07-14T11:58:00","slug":"sniega-enkurs-dmm-deadman","status":"publish","type":"product","link":"https:\/\/sezona.lv\/en\/products\/sniega-enkurs-dmm-deadman\/","title":{"rendered":"Sniega enkurs DMM Deadman"},"content":{"rendered":"<p><span style=\"font-size: x-small\">DMM Deadman ir speci\u0101ls sniega enkurs, kuru lieto, lai izveidotu dro&scaron;in\u0101&scaron;anas punktus sniega nog\u0101z\u0113s, kur nav iesp\u0113jama cita veida dro&scaron;in\u0101&scaron;ana. Lieliski noder k\u0101pjot st\u0101vus sniega kulu\u0101rus. Speci\u0101las formas met\u0101la pl\u0101ksne nodro&scaron;in\u0101s maksim\u0101lu sa\u0137eri ar sniegu. Pie t\u0101s ir piestiprin\u0101ta 4mm tros\u012bte, kur\u0101 tiek \u0101\u0137\u0113ta karab\u012bne vai atsaite.<\/span><br \/><span style=\"font-size: x-small\"><br \/><strong>Svars:<\/strong>&nbsp;360 grami<\/span><\/p>\n","protected":false},"excerpt":{"rendered":"<p>DMM Deadman ir speci\u0101ls sniega enkurs, kuru lieto, lai izveidotu dro&scaron;in\u0101&scaron;anas punktus sniega nog\u0101z\u0113s, kur nav iesp\u0113jama cita veida dro&scaron;in\u0101&scaron;ana. Lieliski noder k\u0101pjot st\u0101vus sniega kulu\u0101rus. Speci\u0101las formas met\u0101la pl\u0101ksne nodro&scaron;in\u0101s maksim\u0101lu sa\u0137eri ar sniegu. Pie t\u0101s ir piestiprin\u0101ta 4mm tros\u012bte, kur\u0101 tiek \u0101\u0137\u0113ta karab\u012bne vai atsaite.Svars:&nbsp;360 grami<\/p>\n","protected":false},"featured_media":0,"template":"","meta":[],"product_brand":[965],"product_cat":[4851,4859,4873],"product_tag":[],"class_list":{"0":"post-76894","1":"product","2":"type-product","3":"status-publish","5":"product_brand-dmm","6":"product_cat-mountaineering-equipment-recreation","7":"product_cat-for-rock-climbing-mountaineering-mountaineering-equipment-recreation","8":"product_cat-ice-screws-and-snow-anchors-for-rock-climbing-mountaineering-mountaineering-equipment-recreation","10":"first","11":"instock","12":"shipping-taxable","13":"purchasable","14":"product-type-simple"},"_links":{"self":[{"href":"https:\/\/sezona.lv\/en\/wp-json\/wp\/v2\/product\/76894","targetHints":{"allow":["GET"]}}],"collection":[{"href":"https:\/\/sezona.lv\/en\/wp-json\/wp\/v2\/product"}],"about":[{"href":"https:\/\/sezona.lv\/en\/wp-json\/wp\/v2\/types\/product"}],"wp:attachment":[{"href":"https:\/\/sezona.lv\/en\/wp-json\/wp\/v2\/media?parent=76894"}],"wp:term":[{"taxonomy":"product_brand","embeddable":true,"href":"https:\/\/sezona.lv\/en\/wp-json\/wp\/v2\/product_brand?post=76894"},{"taxonomy":"product_cat","embeddable":true,"href":"https:\/\/sezona.lv\/en\/wp-json\/wp\/v2\/product_cat?post=76894"},{"taxonomy":"product_tag","embeddable":true,"href":"https:\/\/sezona.lv\/en\/wp-json\/wp\/v2\/product_tag?post=76894"}],"curies":[{"name":"wp","href":"https:\/\/api.w.org\/{rel}","templated":true}]}}