{"id":76896,"date":"2025-07-14T14:58:02","date_gmt":"2025-07-14T11:58:02","guid":{"rendered":"https:\/\/demo8.ecube.lv\/sezona.lv\/products\/plaksne-climbing-technology-cheese-plate-s\/"},"modified":"2025-07-14T14:58:02","modified_gmt":"2025-07-14T11:58:02","slug":"plaksne-climbing-technology-cheese-plate-s","status":"publish","type":"product","link":"https:\/\/sezona.lv\/en\/products\/plaksne-climbing-technology-cheese-plate-s\/","title":{"rendered":"Pl\u0101ksne Climbing Technology Cheese plate S"},"content":{"rendered":"<p align=\"justify\"><span style=\"font-size: x-small\">Alum\u012bnija pl\u0101ksne darba vides organiz\u0113&scaron;anai un vair\u0101ku enkuru sist\u0113mas veido&scaron;anai. Noder\u012bga virvju spriego&scaron;anai, kravu cel&scaron;anai un gl\u0101b&scaron;anas darbu organiz\u0113&scaron;anai. Da\u017e\u0101di izm\u0113ri ar da\u017e\u0101du enkura punktu caurumu skaitu. Pl\u0101ksne pal\u012bdz vien\u0101dot slodzi. Viegla un iztur\u012bga, izgatavota no iztur\u012bga un viegla alum\u012bnija.<br \/><\/span><\/p>\n<div><\/div>\n<p align=\"justify\"><span style=\"font-size: x-small\"><strong>Specifik\u0101cija:<\/strong><br \/>Svars: 75g<br \/>Iztur\u012bba: L 45kN; S 36kN<br \/><\/span><\/p>\n<div><\/div>\n<p align=\"justify\"><span style=\"font-size: x-small\">Sertifik\u0101cija: EN 12275:1998<\/span><\/p>\n","protected":false},"excerpt":{"rendered":"<p>Alum\u012bnija pl\u0101ksne darba vides organiz\u0113&scaron;anai un vair\u0101ku enkuru sist\u0113mas veido&scaron;anai. Noder\u012bga virvju spriego&scaron;anai, kravu cel&scaron;anai un gl\u0101b&scaron;anas darbu organiz\u0113&scaron;anai. Da\u017e\u0101di izm\u0113ri ar da\u017e\u0101du enkura punktu caurumu skaitu. Pl\u0101ksne pal\u012bdz vien\u0101dot slodzi. Viegla un iztur\u012bga, izgatavota no iztur\u012bga un viegla alum\u012bnija. Specifik\u0101cija:Svars: 75gIztur\u012bba: L 45kN; S 36kN Sertifik\u0101cija: EN 12275:1998<\/p>\n","protected":false},"featured_media":0,"template":"","meta":[],"product_brand":[928],"product_cat":[4851,4859,4874],"product_tag":[],"class_list":{"0":"post-76896","1":"product","2":"type-product","3":"status-publish","5":"product_brand-climbing-technology","6":"product_cat-mountaineering-equipment-recreation","7":"product_cat-for-rock-climbing-mountaineering-mountaineering-equipment-recreation","8":"product_cat-other-accessories-for-rock-climbing-mountaineering-mountaineering-equipment-recreation","10":"first","11":"instock","12":"shipping-taxable","13":"purchasable","14":"product-type-simple"},"_links":{"self":[{"href":"https:\/\/sezona.lv\/en\/wp-json\/wp\/v2\/product\/76896","targetHints":{"allow":["GET"]}}],"collection":[{"href":"https:\/\/sezona.lv\/en\/wp-json\/wp\/v2\/product"}],"about":[{"href":"https:\/\/sezona.lv\/en\/wp-json\/wp\/v2\/types\/product"}],"wp:attachment":[{"href":"https:\/\/sezona.lv\/en\/wp-json\/wp\/v2\/media?parent=76896"}],"wp:term":[{"taxonomy":"product_brand","embeddable":true,"href":"https:\/\/sezona.lv\/en\/wp-json\/wp\/v2\/product_brand?post=76896"},{"taxonomy":"product_cat","embeddable":true,"href":"https:\/\/sezona.lv\/en\/wp-json\/wp\/v2\/product_cat?post=76896"},{"taxonomy":"product_tag","embeddable":true,"href":"https:\/\/sezona.lv\/en\/wp-json\/wp\/v2\/product_tag?post=76896"}],"curies":[{"name":"wp","href":"https:\/\/api.w.org\/{rel}","templated":true}]}}