{"id":76899,"date":"2025-07-14T14:58:05","date_gmt":"2025-07-14T11:58:05","guid":{"rendered":"https:\/\/demo8.ecube.lv\/sezona.lv\/products\/savienojums-dmm-thimble-8mm-t\/"},"modified":"2025-07-14T14:58:05","modified_gmt":"2025-07-14T11:58:05","slug":"savienojums-dmm-thimble-8mm-t","status":"publish","type":"product","link":"https:\/\/sezona.lv\/en\/products\/savienojums-dmm-thimble-8mm-t\/","title":{"rendered":"Savienojums DMM Thimble 8mm T"},"content":{"rendered":"<p align=\"justify\"><span style=\"font-size: x-small\">Pakavveida ner\u016bs\u0113jo&scaron;\u0101 t\u0113rauda savienojums. Var izmantot gan ar virvi, gan trosi.<\/span><\/p>\n<div><\/div>\n<p align=\"justify\"><span style=\"font-size: x-small\">Specigfik\u0101cia:<br \/>Iztur\u012bba: 23N;<\/span><\/p>\n","protected":false},"excerpt":{"rendered":"<p>Pakavveida ner\u016bs\u0113jo&scaron;\u0101 t\u0113rauda savienojums. Var izmantot gan ar virvi, gan trosi. Specigfik\u0101cia:Iztur\u012bba: 23N;<\/p>\n","protected":false},"featured_media":0,"template":"","meta":[],"product_brand":[965],"product_cat":[4851,4859,4874],"product_tag":[],"class_list":{"0":"post-76899","1":"product","2":"type-product","3":"status-publish","5":"product_brand-dmm","6":"product_cat-mountaineering-equipment-recreation","7":"product_cat-for-rock-climbing-mountaineering-mountaineering-equipment-recreation","8":"product_cat-other-accessories-for-rock-climbing-mountaineering-mountaineering-equipment-recreation","10":"first","11":"instock","12":"shipping-taxable","13":"purchasable","14":"product-type-simple"},"_links":{"self":[{"href":"https:\/\/sezona.lv\/en\/wp-json\/wp\/v2\/product\/76899","targetHints":{"allow":["GET"]}}],"collection":[{"href":"https:\/\/sezona.lv\/en\/wp-json\/wp\/v2\/product"}],"about":[{"href":"https:\/\/sezona.lv\/en\/wp-json\/wp\/v2\/types\/product"}],"wp:attachment":[{"href":"https:\/\/sezona.lv\/en\/wp-json\/wp\/v2\/media?parent=76899"}],"wp:term":[{"taxonomy":"product_brand","embeddable":true,"href":"https:\/\/sezona.lv\/en\/wp-json\/wp\/v2\/product_brand?post=76899"},{"taxonomy":"product_cat","embeddable":true,"href":"https:\/\/sezona.lv\/en\/wp-json\/wp\/v2\/product_cat?post=76899"},{"taxonomy":"product_tag","embeddable":true,"href":"https:\/\/sezona.lv\/en\/wp-json\/wp\/v2\/product_tag?post=76899"}],"curies":[{"name":"wp","href":"https:\/\/api.w.org\/{rel}","templated":true}]}}