{"id":76900,"date":"2025-07-14T14:58:06","date_gmt":"2025-07-14T11:58:06","guid":{"rendered":"https:\/\/demo8.ecube.lv\/sezona.lv\/products\/akis-climbing-technology-fifi-tool\/"},"modified":"2025-07-14T14:58:06","modified_gmt":"2025-07-14T11:58:06","slug":"akis-climbing-technology-fifi-tool","status":"publish","type":"product","link":"https:\/\/sezona.lv\/en\/products\/akis-climbing-technology-fifi-tool\/","title":{"rendered":"\u0100\u0137is Climbing Technology Fifi tool"},"content":{"rendered":"<p align=\"justify\"><span style=\"font-size: x-small\">\u013boti kompakts, viegls un funkcion\u0101ls Fifi \u0101\u0137is sevis vai kravas somas pozicion\u0113&scaron;anai, k\u0101pjot ar m\u0101ksl\u012bgiem atbalsta punktiem. Apak&scaron;\u0113jie tr\u012bs caurumi ar 7mm pal\u012bgvirvi \u013caus piel\u0101got \u0101\u0137i jebkurai poz\u012bcijai.<\/span><\/p>\n<div><\/div>\n<p align=\"justify\"><span style=\"font-size: x-small\">Svars: 35g<\/span><\/p>\n","protected":false},"excerpt":{"rendered":"<p>\u013boti kompakts, viegls un funkcion\u0101ls Fifi \u0101\u0137is sevis vai kravas somas pozicion\u0113&scaron;anai, k\u0101pjot ar m\u0101ksl\u012bgiem atbalsta punktiem. Apak&scaron;\u0113jie tr\u012bs caurumi ar 7mm pal\u012bgvirvi \u013caus piel\u0101got \u0101\u0137i jebkurai poz\u012bcijai. Svars: 35g<\/p>\n","protected":false},"featured_media":0,"template":"","meta":[],"product_brand":[928],"product_cat":[4851,4859,4874],"product_tag":[],"class_list":{"0":"post-76900","1":"product","2":"type-product","3":"status-publish","5":"product_brand-climbing-technology","6":"product_cat-mountaineering-equipment-recreation","7":"product_cat-for-rock-climbing-mountaineering-mountaineering-equipment-recreation","8":"product_cat-other-accessories-for-rock-climbing-mountaineering-mountaineering-equipment-recreation","10":"first","11":"instock","12":"shipping-taxable","13":"purchasable","14":"product-type-simple"},"_links":{"self":[{"href":"https:\/\/sezona.lv\/en\/wp-json\/wp\/v2\/product\/76900","targetHints":{"allow":["GET"]}}],"collection":[{"href":"https:\/\/sezona.lv\/en\/wp-json\/wp\/v2\/product"}],"about":[{"href":"https:\/\/sezona.lv\/en\/wp-json\/wp\/v2\/types\/product"}],"wp:attachment":[{"href":"https:\/\/sezona.lv\/en\/wp-json\/wp\/v2\/media?parent=76900"}],"wp:term":[{"taxonomy":"product_brand","embeddable":true,"href":"https:\/\/sezona.lv\/en\/wp-json\/wp\/v2\/product_brand?post=76900"},{"taxonomy":"product_cat","embeddable":true,"href":"https:\/\/sezona.lv\/en\/wp-json\/wp\/v2\/product_cat?post=76900"},{"taxonomy":"product_tag","embeddable":true,"href":"https:\/\/sezona.lv\/en\/wp-json\/wp\/v2\/product_tag?post=76900"}],"curies":[{"name":"wp","href":"https:\/\/api.w.org\/{rel}","templated":true}]}}