{"id":76901,"date":"2025-07-14T14:58:07","date_gmt":"2025-07-14T11:58:07","guid":{"rendered":"https:\/\/demo8.ecube.lv\/sezona.lv\/products\/akis-black-diamond-talon-hook\/"},"modified":"2025-07-14T14:58:07","modified_gmt":"2025-07-14T11:58:07","slug":"akis-black-diamond-talon-hook","status":"publish","type":"product","link":"https:\/\/sezona.lv\/en\/products\/akis-black-diamond-talon-hook\/","title":{"rendered":"\u0100\u0137is Black Diamond Talon hook"},"content":{"rendered":"<p><span style=\"font-size: x-small\">Univers\u0101ls \u0101\u0137is (Skyhook) ar trijiem da\u017e\u0101diem \u0101\u0137iem. Izmanto k\u0101p&scaron;anai ar m\u0101ksl\u012bgajiem atbalsta punktiem. Der mal\u0101m un caurumiem no 4.8 &#8211; 13 mm.<\/span><\/p>\n<p>&nbsp;<\/p>\n<p><span style=\"font-size: x-small\">Svars: 48g.<\/span><\/p>\n","protected":false},"excerpt":{"rendered":"<p>Univers\u0101ls \u0101\u0137is (Skyhook) ar trijiem da\u017e\u0101diem \u0101\u0137iem. Izmanto k\u0101p&scaron;anai ar m\u0101ksl\u012bgajiem atbalsta punktiem. Der mal\u0101m un caurumiem no 4.8 &#8211; 13 mm. &nbsp; Svars: 48g.<\/p>\n","protected":false},"featured_media":0,"template":"","meta":[],"product_brand":[946],"product_cat":[4851,4859,4874],"product_tag":[],"class_list":{"0":"post-76901","1":"product","2":"type-product","3":"status-publish","5":"product_brand-black-diamond","6":"product_cat-mountaineering-equipment-recreation","7":"product_cat-for-rock-climbing-mountaineering-mountaineering-equipment-recreation","8":"product_cat-other-accessories-for-rock-climbing-mountaineering-mountaineering-equipment-recreation","10":"first","11":"instock","12":"shipping-taxable","13":"purchasable","14":"product-type-simple"},"_links":{"self":[{"href":"https:\/\/sezona.lv\/en\/wp-json\/wp\/v2\/product\/76901","targetHints":{"allow":["GET"]}}],"collection":[{"href":"https:\/\/sezona.lv\/en\/wp-json\/wp\/v2\/product"}],"about":[{"href":"https:\/\/sezona.lv\/en\/wp-json\/wp\/v2\/types\/product"}],"wp:attachment":[{"href":"https:\/\/sezona.lv\/en\/wp-json\/wp\/v2\/media?parent=76901"}],"wp:term":[{"taxonomy":"product_brand","embeddable":true,"href":"https:\/\/sezona.lv\/en\/wp-json\/wp\/v2\/product_brand?post=76901"},{"taxonomy":"product_cat","embeddable":true,"href":"https:\/\/sezona.lv\/en\/wp-json\/wp\/v2\/product_cat?post=76901"},{"taxonomy":"product_tag","embeddable":true,"href":"https:\/\/sezona.lv\/en\/wp-json\/wp\/v2\/product_tag?post=76901"}],"curies":[{"name":"wp","href":"https:\/\/api.w.org\/{rel}","templated":true}]}}