{"id":76902,"date":"2025-07-14T14:58:07","date_gmt":"2025-07-14T11:58:07","guid":{"rendered":"https:\/\/demo8.ecube.lv\/sezona.lv\/products\/trenina-delis-hrt-safety-holds-traininng-board-1\/"},"modified":"2025-07-14T14:58:07","modified_gmt":"2025-07-14T11:58:07","slug":"trenina-delis-hrt-safety-holds-traininng-board-1","status":"publish","type":"product","link":"https:\/\/sezona.lv\/en\/products\/trenina-delis-hrt-safety-holds-traininng-board-1\/","title":{"rendered":"Treni\u0146a d\u0113lis HRT Safety Holds Traininng board 1"},"content":{"rendered":"<p><span>Treni\u0146a d\u0113lis &#8211; fingerboard.<\/span><\/p>\n","protected":false},"excerpt":{"rendered":"<p>Treni\u0146a d\u0113lis &#8211; fingerboard.<\/p>\n","protected":false},"featured_media":0,"template":"","meta":[],"product_brand":[],"product_cat":[4851,4859,4874],"product_tag":[],"class_list":{"0":"post-76902","1":"product","2":"type-product","3":"status-publish","5":"product_cat-mountaineering-equipment-recreation","6":"product_cat-for-rock-climbing-mountaineering-mountaineering-equipment-recreation","7":"product_cat-other-accessories-for-rock-climbing-mountaineering-mountaineering-equipment-recreation","9":"first","10":"instock","11":"shipping-taxable","12":"purchasable","13":"product-type-simple"},"_links":{"self":[{"href":"https:\/\/sezona.lv\/en\/wp-json\/wp\/v2\/product\/76902","targetHints":{"allow":["GET"]}}],"collection":[{"href":"https:\/\/sezona.lv\/en\/wp-json\/wp\/v2\/product"}],"about":[{"href":"https:\/\/sezona.lv\/en\/wp-json\/wp\/v2\/types\/product"}],"wp:attachment":[{"href":"https:\/\/sezona.lv\/en\/wp-json\/wp\/v2\/media?parent=76902"}],"wp:term":[{"taxonomy":"product_brand","embeddable":true,"href":"https:\/\/sezona.lv\/en\/wp-json\/wp\/v2\/product_brand?post=76902"},{"taxonomy":"product_cat","embeddable":true,"href":"https:\/\/sezona.lv\/en\/wp-json\/wp\/v2\/product_cat?post=76902"},{"taxonomy":"product_tag","embeddable":true,"href":"https:\/\/sezona.lv\/en\/wp-json\/wp\/v2\/product_tag?post=76902"}],"curies":[{"name":"wp","href":"https:\/\/api.w.org\/{rel}","templated":true}]}}