{"id":76905,"date":"2025-07-14T14:58:10","date_gmt":"2025-07-14T11:58:10","guid":{"rendered":"https:\/\/demo8.ecube.lv\/sezona.lv\/products\/plaksteris-climbing-technology-fingers-save-5cm-x-10m\/"},"modified":"2025-07-14T14:58:10","modified_gmt":"2025-07-14T11:58:10","slug":"plaksteris-climbing-technology-fingers-save-5cm-x-10m","status":"publish","type":"product","link":"https:\/\/sezona.lv\/en\/products\/plaksteris-climbing-technology-fingers-save-5cm-x-10m\/","title":{"rendered":"Pl\u0101ksteris Climbing Technology Fingers Save 5cm x 10m"},"content":{"rendered":"<p align=\"justify\"><span style=\"font-size: x-small\">Roku t\u012b&scaron;anas (taping) pl\u0101ksteris klin&scaron;u k\u0101p\u0113jiem. \u012apa&scaron;i iztur\u012bgs. Aizsarg\u0101 rokas un pirkstus k\u0101pjot pa plais\u0101m.<br \/><\/span><\/p>\n<p>&nbsp;<\/p>\n<p><span style=\"color: #800000;font-size: x-small\"><strong>Specifik\u0101cija:<\/strong><\/span><span style=\"font-size: x-small\"><br \/>Izm\u0113rs: L izm\u0113rs 5cm x 10m; S izm\u0113rs 1.5cm x 10m<\/span><\/p>\n","protected":false},"excerpt":{"rendered":"<p>Roku t\u012b&scaron;anas (taping) pl\u0101ksteris klin&scaron;u k\u0101p\u0113jiem. \u012apa&scaron;i iztur\u012bgs. Aizsarg\u0101 rokas un pirkstus k\u0101pjot pa plais\u0101m. &nbsp; Specifik\u0101cija:Izm\u0113rs: L izm\u0113rs 5cm x 10m; S izm\u0113rs 1.5cm x 10m<\/p>\n","protected":false},"featured_media":0,"template":"","meta":[],"product_brand":[928],"product_cat":[4851,4859,4874],"product_tag":[],"class_list":{"0":"post-76905","1":"product","2":"type-product","3":"status-publish","5":"product_brand-climbing-technology","6":"product_cat-mountaineering-equipment-recreation","7":"product_cat-for-rock-climbing-mountaineering-mountaineering-equipment-recreation","8":"product_cat-other-accessories-for-rock-climbing-mountaineering-mountaineering-equipment-recreation","10":"first","11":"instock","12":"shipping-taxable","13":"purchasable","14":"product-type-simple"},"_links":{"self":[{"href":"https:\/\/sezona.lv\/en\/wp-json\/wp\/v2\/product\/76905","targetHints":{"allow":["GET"]}}],"collection":[{"href":"https:\/\/sezona.lv\/en\/wp-json\/wp\/v2\/product"}],"about":[{"href":"https:\/\/sezona.lv\/en\/wp-json\/wp\/v2\/types\/product"}],"wp:attachment":[{"href":"https:\/\/sezona.lv\/en\/wp-json\/wp\/v2\/media?parent=76905"}],"wp:term":[{"taxonomy":"product_brand","embeddable":true,"href":"https:\/\/sezona.lv\/en\/wp-json\/wp\/v2\/product_brand?post=76905"},{"taxonomy":"product_cat","embeddable":true,"href":"https:\/\/sezona.lv\/en\/wp-json\/wp\/v2\/product_cat?post=76905"},{"taxonomy":"product_tag","embeddable":true,"href":"https:\/\/sezona.lv\/en\/wp-json\/wp\/v2\/product_tag?post=76905"}],"curies":[{"name":"wp","href":"https:\/\/api.w.org\/{rel}","templated":true}]}}