{"id":76906,"date":"2025-07-14T14:58:10","date_gmt":"2025-07-14T11:58:10","guid":{"rendered":"https:\/\/demo8.ecube.lv\/sezona.lv\/products\/plaksteris-dmm-finger-tape\/"},"modified":"2025-07-14T14:58:10","modified_gmt":"2025-07-14T11:58:10","slug":"plaksteris-dmm-finger-tape","status":"publish","type":"product","link":"https:\/\/sezona.lv\/en\/products\/plaksteris-dmm-finger-tape\/","title":{"rendered":"Pl\u0101ksteris DMM Finger tape"},"content":{"rendered":"<p align=\"justify\"><span style=\"font-size: x-small\">DMM Finger Tape pl\u0101ksteris ir speci\u0101li izstr\u0101d\u0101ts k\u0101p\u0113jiem, lai pasarg\u0101tu pirkstus no traum\u0101m. K\u0101pjot daudz un sare\u017e\u0123\u012btus mar&scaron;rutus j\u016bs pasarg\u0101siet savus pirkstus no as\u0101m klint\u012bm. Speci\u0101lais pl\u0101ksteris ir m\u012bksts un pietiekami lip\u012bgs. Noder\u012bga lieta gan bolderingam, gan ar\u012b klin&scaron;u k\u0101p&scaron;anai.<\/span><span style=\"font-size: x-small\"><br \/><\/span><\/p>\n<p><span style=\"font-size: x-small\"><strong><span style=\"color: #800000\">Specifik\u0101cija:<\/span><\/strong><br \/><strong>Platums:<\/strong>&nbsp;2.5 cm<br \/><strong>Garums:<\/strong>&nbsp;10 metri<\/span><\/p>\n","protected":false},"excerpt":{"rendered":"<p>DMM Finger Tape pl\u0101ksteris ir speci\u0101li izstr\u0101d\u0101ts k\u0101p\u0113jiem, lai pasarg\u0101tu pirkstus no traum\u0101m. K\u0101pjot daudz un sare\u017e\u0123\u012btus mar&scaron;rutus j\u016bs pasarg\u0101siet savus pirkstus no as\u0101m klint\u012bm. Speci\u0101lais pl\u0101ksteris ir m\u012bksts un pietiekami lip\u012bgs. Noder\u012bga lieta gan bolderingam, gan ar\u012b klin&scaron;u k\u0101p&scaron;anai. Specifik\u0101cija:Platums:&nbsp;2.5 cmGarums:&nbsp;10 metri<\/p>\n","protected":false},"featured_media":0,"template":"","meta":[],"product_brand":[965],"product_cat":[4851,4859,4874],"product_tag":[],"class_list":{"0":"post-76906","1":"product","2":"type-product","3":"status-publish","5":"product_brand-dmm","6":"product_cat-mountaineering-equipment-recreation","7":"product_cat-for-rock-climbing-mountaineering-mountaineering-equipment-recreation","8":"product_cat-other-accessories-for-rock-climbing-mountaineering-mountaineering-equipment-recreation","10":"first","11":"instock","12":"shipping-taxable","13":"purchasable","14":"product-type-simple"},"_links":{"self":[{"href":"https:\/\/sezona.lv\/en\/wp-json\/wp\/v2\/product\/76906","targetHints":{"allow":["GET"]}}],"collection":[{"href":"https:\/\/sezona.lv\/en\/wp-json\/wp\/v2\/product"}],"about":[{"href":"https:\/\/sezona.lv\/en\/wp-json\/wp\/v2\/types\/product"}],"wp:attachment":[{"href":"https:\/\/sezona.lv\/en\/wp-json\/wp\/v2\/media?parent=76906"}],"wp:term":[{"taxonomy":"product_brand","embeddable":true,"href":"https:\/\/sezona.lv\/en\/wp-json\/wp\/v2\/product_brand?post=76906"},{"taxonomy":"product_cat","embeddable":true,"href":"https:\/\/sezona.lv\/en\/wp-json\/wp\/v2\/product_cat?post=76906"},{"taxonomy":"product_tag","embeddable":true,"href":"https:\/\/sezona.lv\/en\/wp-json\/wp\/v2\/product_tag?post=76906"}],"curies":[{"name":"wp","href":"https:\/\/api.w.org\/{rel}","templated":true}]}}