{"id":76907,"date":"2025-07-14T14:58:11","date_gmt":"2025-07-14T11:58:11","guid":{"rendered":"https:\/\/demo8.ecube.lv\/sezona.lv\/products\/boulderinga-birstes-black-diamond-2\/"},"modified":"2025-07-14T14:58:11","modified_gmt":"2025-07-14T11:58:11","slug":"boulderinga-birstes-black-diamond-2","status":"publish","type":"product","link":"https:\/\/sezona.lv\/en\/products\/boulderinga-birstes-black-diamond-2\/","title":{"rendered":"Boulderinga birstes Black Diamond"},"content":{"rendered":"<p><span style=\"font-size: x-small\">Black Diamond birst\u012b&scaron;u komplekts, lai not\u012br\u012btu aiz\u0137eres no magn\u0113zija un net\u012brumiem gan boulderingam, gan ar\u012b sporta k\u0101p&scaron;anai. Piem\u0113rotas lieto&scaron;anai gan uz \u012bst\u0101m klint\u012bm, gan ar\u012b uz m\u0101ksl\u012bgaj\u0101m klin&scaron;u sien\u0101m. Komplekt\u0101 ietilpst 3 maza izm\u0113ra birst\u012btes, 1 vid\u0113ja izm\u0113ra un 1 liela izm\u0113ra birste.<\/span><\/p>\n<p>&nbsp;<\/p>\n<p><span style=\"font-size: x-small\">Svars: 120g<\/span><\/p>\n","protected":false},"excerpt":{"rendered":"<p>Black Diamond birst\u012b&scaron;u komplekts, lai not\u012br\u012btu aiz\u0137eres no magn\u0113zija un net\u012brumiem gan boulderingam, gan ar\u012b sporta k\u0101p&scaron;anai. Piem\u0113rotas lieto&scaron;anai gan uz \u012bst\u0101m klint\u012bm, gan ar\u012b uz m\u0101ksl\u012bgaj\u0101m klin&scaron;u sien\u0101m. Komplekt\u0101 ietilpst 3 maza izm\u0113ra birst\u012btes, 1 vid\u0113ja izm\u0113ra un 1 liela izm\u0113ra birste. &nbsp; Svars: 120g<\/p>\n","protected":false},"featured_media":0,"template":"","meta":[],"product_brand":[946],"product_cat":[4851,4859,4874],"product_tag":[],"class_list":{"0":"post-76907","1":"product","2":"type-product","3":"status-publish","5":"product_brand-black-diamond","6":"product_cat-mountaineering-equipment-recreation","7":"product_cat-for-rock-climbing-mountaineering-mountaineering-equipment-recreation","8":"product_cat-other-accessories-for-rock-climbing-mountaineering-mountaineering-equipment-recreation","10":"first","11":"instock","12":"shipping-taxable","13":"purchasable","14":"product-type-simple"},"_links":{"self":[{"href":"https:\/\/sezona.lv\/en\/wp-json\/wp\/v2\/product\/76907","targetHints":{"allow":["GET"]}}],"collection":[{"href":"https:\/\/sezona.lv\/en\/wp-json\/wp\/v2\/product"}],"about":[{"href":"https:\/\/sezona.lv\/en\/wp-json\/wp\/v2\/types\/product"}],"wp:attachment":[{"href":"https:\/\/sezona.lv\/en\/wp-json\/wp\/v2\/media?parent=76907"}],"wp:term":[{"taxonomy":"product_brand","embeddable":true,"href":"https:\/\/sezona.lv\/en\/wp-json\/wp\/v2\/product_brand?post=76907"},{"taxonomy":"product_cat","embeddable":true,"href":"https:\/\/sezona.lv\/en\/wp-json\/wp\/v2\/product_cat?post=76907"},{"taxonomy":"product_tag","embeddable":true,"href":"https:\/\/sezona.lv\/en\/wp-json\/wp\/v2\/product_tag?post=76907"}],"curies":[{"name":"wp","href":"https:\/\/api.w.org\/{rel}","templated":true}]}}