{"id":76908,"date":"2025-07-14T14:58:13","date_gmt":"2025-07-14T11:58:13","guid":{"rendered":"https:\/\/demo8.ecube.lv\/sezona.lv\/products\/nolaisanas-ierice-climbing-technology-sparrow\/"},"modified":"2025-07-14T14:58:13","modified_gmt":"2025-07-14T11:58:13","slug":"nolaisanas-ierice-climbing-technology-sparrow","status":"publish","type":"product","link":"https:\/\/sezona.lv\/en\/products\/nolaisanas-ierice-climbing-technology-sparrow\/","title":{"rendered":"Nolai\u0161an\u0101s ier\u012bce Climbing Technology Sparrow"},"content":{"rendered":"<p align=\"justify\"><span style=\"font-size: x-small\">SPARROW ir innovat\u012bva, daudzfunkcion\u0101la, pa&scaron;blo\u0137\u0113jo&scaron;a nolai&scaron;an\u0101s un dro&scaron;in\u0101&scaron;anas ier\u012bce darbaum augstum\u0101 un gl\u0101b&scaron;anas darbiem. T\u0101 paredz\u0113ta gan da\u017e\u0101du darbu augstum\u0101 veik&scaron;anai, gan k\u0101p\u0113ja dro&scaron;in\u0101&scaron;anai, kravas cel&scaron;anai un gl\u0101b&scaron;anas oper\u0101ciju veik&scaron;anai.<\/span><\/p>\n<div><\/div>\n<p align=\"justify\"><span style=\"font-size: x-small\">Sertifik\u0101cija::<\/span><\/p>\n<div>\n<ul class=\"txt\">\n<li><span style=\"font-size: x-small\">nolai&scaron;an\u0101s ier\u012bce &#8211; EN 12841:2006-C<\/span><\/li>\n<li><span style=\"font-size: x-small\">gl\u0101b&scaron;anas darbiem &#8211; EN 341:2011-2A.<\/span><\/li>\n<li><span style=\"font-size: x-small\">saveitojama tikai ar statiskaj\u0101m un pus-statiskaj\u0101m virv\u0113m &#8211;&nbsp; EN 1891 tips A &#8211; 10.5 &divide; 11mm, k\u0101 ar\u012b dinamiskaj\u0101m virv\u0113m.<\/span><\/li>\n<\/ul>\n<\/div>\n<p align=\"justify\"><span style=\"font-size: x-small\">Specifik\u0101cija:<br \/>Svars: 520g.<br \/>EN 12841:2006-C &#8211; 10.5mm &#8211; 11mm virv\u0113m<br \/>EN 341:2011-2A &#8211; 11mm virv\u0113m<br \/>SPARROW priek&scaron;roc\u012bbas:<\/span><\/p>\n<div><\/div>\n<p align=\"justify\"><span style=\"font-size: x-small\">A &#8211; SPARROW ier\u012bce ir apr\u012bkota ar papildus bremz\u0113&scaron;anas \u0101\u0137i virve, lai viegl\u0101k un \u0113rt\u0101k kontrol\u0113tu nolai&scaron;an\u0101s procesu vai nolai\u017eot lielus smagumus. \u0100kis ir apr\u012bots ar atsperi, lai gad\u012bjum\u0101, kad tas nav nepiecie&scaron;ams, tas nemais\u012btos un atrastos korpusa iek&scaron;puis\u0113.<\/span><\/p>\n<div><\/div>\n<p align=\"justify\"><span style=\"font-size: x-small\">B &#8211; kust\u012bga dro&scaron;\u012bbas pl\u0101ksne, kas \u013cauj nomain\u012bt virvi neat\u0101\u0137\u0113jot ier\u012bci no karab\u012bnes un mazinot risku to nomest vai pazaud\u0113t.<\/span><\/p>\n<div><\/div>\n<p align=\"justify\"><span style=\"font-size: x-small\">C &#8211; daudzfunkcion\u0101ls rokturis, kas autom\u0101tiski vienm\u0113r atrgie\u017eas s\u0101kuma st\u0101vokl\u012b. Ar to iesp\u0113jams atblo\u0137\u0113t virvi un kontrol\u0113t nolai&scaron;anos turot br\u012bv\u0101s virves galu, pozicion\u0113t sevi darba st\u0101vokl\u012b neizmantojot virves noblo\u0137\u0113&scaron;anu ar mezgliem, novietot to glab\u0101&scaron;anas st\u0101vokl\u012b.<\/span><\/p>\n<div><\/div>\n<p align=\"justify\"><span style=\"font-size: x-small\">Ier\u012bce ir apr\u012bkota ar EBS sist\u0113mu, kas samazinanolai&scaron;an\u0101s \u0101trumu, ja rokturis ir strauji norauts uz leju.<\/span><\/p>\n","protected":false},"excerpt":{"rendered":"<p>SPARROW ir innovat\u012bva, daudzfunkcion\u0101la, pa&scaron;blo\u0137\u0113jo&scaron;a nolai&scaron;an\u0101s un dro&scaron;in\u0101&scaron;anas ier\u012bce darbaum augstum\u0101 un gl\u0101b&scaron;anas darbiem. T\u0101 paredz\u0113ta gan da\u017e\u0101du darbu augstum\u0101 veik&scaron;anai, gan k\u0101p\u0113ja dro&scaron;in\u0101&scaron;anai, kravas cel&scaron;anai un gl\u0101b&scaron;anas oper\u0101ciju veik&scaron;anai. Sertifik\u0101cija:: nolai&scaron;an\u0101s ier\u012bce &#8211; EN 12841:2006-C gl\u0101b&scaron;anas darbiem &#8211; EN 341:2011-2A. saveitojama tikai ar statiskaj\u0101m un pus-statiskaj\u0101m virv\u0113m &#8211;&nbsp; EN 1891 tips A &#8211; 10.5 [&hellip;]<\/p>\n","protected":false},"featured_media":0,"template":"","meta":[],"product_brand":[928],"product_cat":[4851,4875,4877],"product_tag":[],"class_list":{"0":"post-76908","1":"product","2":"type-product","3":"status-publish","5":"product_brand-climbing-technology","6":"product_cat-mountaineering-equipment-recreation","7":"product_cat-for-work-at-height-mountaineering-equipment-recreation","8":"product_cat-safety-and-descent-devices-en-dupcheck-461-for-work-at-height-mountaineering-equipment-recreation","10":"first","11":"instock","12":"shipping-taxable","13":"purchasable","14":"product-type-simple"},"_links":{"self":[{"href":"https:\/\/sezona.lv\/en\/wp-json\/wp\/v2\/product\/76908","targetHints":{"allow":["GET"]}}],"collection":[{"href":"https:\/\/sezona.lv\/en\/wp-json\/wp\/v2\/product"}],"about":[{"href":"https:\/\/sezona.lv\/en\/wp-json\/wp\/v2\/types\/product"}],"wp:attachment":[{"href":"https:\/\/sezona.lv\/en\/wp-json\/wp\/v2\/media?parent=76908"}],"wp:term":[{"taxonomy":"product_brand","embeddable":true,"href":"https:\/\/sezona.lv\/en\/wp-json\/wp\/v2\/product_brand?post=76908"},{"taxonomy":"product_cat","embeddable":true,"href":"https:\/\/sezona.lv\/en\/wp-json\/wp\/v2\/product_cat?post=76908"},{"taxonomy":"product_tag","embeddable":true,"href":"https:\/\/sezona.lv\/en\/wp-json\/wp\/v2\/product_tag?post=76908"}],"curies":[{"name":"wp","href":"https:\/\/api.w.org\/{rel}","templated":true}]}}