{"id":76909,"date":"2025-07-14T14:58:13","date_gmt":"2025-07-14T11:58:13","guid":{"rendered":"https:\/\/demo8.ecube.lv\/sezona.lv\/products\/nolaisanas-plaksne-climbing-technology-otto-rescue\/"},"modified":"2025-07-14T14:58:13","modified_gmt":"2025-07-14T11:58:13","slug":"nolaisanas-plaksne-climbing-technology-otto-rescue","status":"publish","type":"product","link":"https:\/\/sezona.lv\/en\/products\/nolaisanas-plaksne-climbing-technology-otto-rescue\/","title":{"rendered":"Nolai\u0161an\u0101s pl\u0101ksne Climbing Technology Otto Rescue"},"content":{"rendered":"<p align=\"justify\"><span style=\"font-size: x-small\">Liela izm\u0113ra nolai&scaron;an\u0101s pl\u0101ksne astotnieka form\u0101 ar papildus aus\u012bm. &Scaron;\u012bs ausis ir dom\u0101tas, lai rad\u012btu papildus berzi, t\u0101d\u0113j\u0101di kontrol\u0113jot nolai&scaron;an\u0101s \u0101trumu. T\u0101s \u013cauj ar\u012b blo\u0137\u0113t virvi. Otto Rescue ir lieliski piem\u0113rots smagu kravu nolai&scaron;anai un gl\u0101b&scaron;anas darbu veik&scaron;anai.<\/span><\/p>\n<p align=\"justify\"><strong><span style=\"color: #800000;font-size: x-small\">Specifik\u0101cija:<\/span><\/strong><\/p>\n<div><\/div>\n<p align=\"justify\"><span style=\"font-size: x-small\">Iztur\u012bba: 40kN<br \/>Svars: 243g.<br \/>Paredz\u0113ts virv\u0113m diametr\u0101: 9 &#8211; 16mm.<\/span><\/p>\n","protected":false},"excerpt":{"rendered":"<p>Liela izm\u0113ra nolai&scaron;an\u0101s pl\u0101ksne astotnieka form\u0101 ar papildus aus\u012bm. &Scaron;\u012bs ausis ir dom\u0101tas, lai rad\u012btu papildus berzi, t\u0101d\u0113j\u0101di kontrol\u0113jot nolai&scaron;an\u0101s \u0101trumu. T\u0101s \u013cauj ar\u012b blo\u0137\u0113t virvi. Otto Rescue ir lieliski piem\u0113rots smagu kravu nolai&scaron;anai un gl\u0101b&scaron;anas darbu veik&scaron;anai. Specifik\u0101cija: Iztur\u012bba: 40kNSvars: 243g.Paredz\u0113ts virv\u0113m diametr\u0101: 9 &#8211; 16mm.<\/p>\n","protected":false},"featured_media":0,"template":"","meta":[],"product_brand":[928],"product_cat":[4851,4875,4877],"product_tag":[],"class_list":{"0":"post-76909","1":"product","2":"type-product","3":"status-publish","5":"product_brand-climbing-technology","6":"product_cat-mountaineering-equipment-recreation","7":"product_cat-for-work-at-height-mountaineering-equipment-recreation","8":"product_cat-safety-and-descent-devices-en-dupcheck-461-for-work-at-height-mountaineering-equipment-recreation","10":"first","11":"instock","12":"shipping-taxable","13":"purchasable","14":"product-type-simple"},"_links":{"self":[{"href":"https:\/\/sezona.lv\/en\/wp-json\/wp\/v2\/product\/76909","targetHints":{"allow":["GET"]}}],"collection":[{"href":"https:\/\/sezona.lv\/en\/wp-json\/wp\/v2\/product"}],"about":[{"href":"https:\/\/sezona.lv\/en\/wp-json\/wp\/v2\/types\/product"}],"wp:attachment":[{"href":"https:\/\/sezona.lv\/en\/wp-json\/wp\/v2\/media?parent=76909"}],"wp:term":[{"taxonomy":"product_brand","embeddable":true,"href":"https:\/\/sezona.lv\/en\/wp-json\/wp\/v2\/product_brand?post=76909"},{"taxonomy":"product_cat","embeddable":true,"href":"https:\/\/sezona.lv\/en\/wp-json\/wp\/v2\/product_cat?post=76909"},{"taxonomy":"product_tag","embeddable":true,"href":"https:\/\/sezona.lv\/en\/wp-json\/wp\/v2\/product_tag?post=76909"}],"curies":[{"name":"wp","href":"https:\/\/api.w.org\/{rel}","templated":true}]}}