{"id":76910,"date":"2025-07-14T14:58:14","date_gmt":"2025-07-14T11:58:14","guid":{"rendered":"https:\/\/demo8.ecube.lv\/sezona.lv\/products\/trisis-dmm-hitch-climber-rapide\/"},"modified":"2025-07-14T14:58:14","modified_gmt":"2025-07-14T11:58:14","slug":"trisis-dmm-hitch-climber-rapide","status":"publish","type":"product","link":"https:\/\/sezona.lv\/en\/products\/trisis-dmm-hitch-climber-rapide\/","title":{"rendered":"Tr\u012bsis DMM Hitch Climber Rapide"},"content":{"rendered":"<p align=\"justify\"><span style=\"font-size: x-small\">Alum\u012bnija tr\u012bsis ar 3 stiprin\u0101juma punktiem un augstu efektivit\u0101ti &#8211; 90%. Piem\u0113rot da\u017e\u0101du gl\u0101b&scaron;anas darbu veik&scaron;anai un darbiem ar kokiem.<\/span><\/p>\n<div><\/div>\n<p align=\"justify\"><span style=\"font-size: x-small\"><strong>Specifik\u0101cija:<\/strong><br \/>Svars: 120g;<br \/>Virves diametrs: &lt; 14mm;<br \/>Iztur\u012bba: 2 x 15kN<\/span><\/p>\n","protected":false},"excerpt":{"rendered":"<p>Alum\u012bnija tr\u012bsis ar 3 stiprin\u0101juma punktiem un augstu efektivit\u0101ti &#8211; 90%. Piem\u0113rot da\u017e\u0101du gl\u0101b&scaron;anas darbu veik&scaron;anai un darbiem ar kokiem. Specifik\u0101cija:Svars: 120g;Virves diametrs: &lt; 14mm;Iztur\u012bba: 2 x 15kN<\/p>\n","protected":false},"featured_media":0,"template":"","meta":[],"product_brand":[965],"product_cat":[4851,4875,4878],"product_tag":[],"class_list":{"0":"post-76910","1":"product","2":"type-product","3":"status-publish","5":"product_brand-dmm","6":"product_cat-mountaineering-equipment-recreation","7":"product_cat-for-work-at-height-mountaineering-equipment-recreation","8":"product_cat-pulleys-en-dupcheck-169-for-work-at-height-mountaineering-equipment-recreation","10":"first","11":"instock","12":"shipping-taxable","13":"purchasable","14":"product-type-simple"},"_links":{"self":[{"href":"https:\/\/sezona.lv\/en\/wp-json\/wp\/v2\/product\/76910","targetHints":{"allow":["GET"]}}],"collection":[{"href":"https:\/\/sezona.lv\/en\/wp-json\/wp\/v2\/product"}],"about":[{"href":"https:\/\/sezona.lv\/en\/wp-json\/wp\/v2\/types\/product"}],"wp:attachment":[{"href":"https:\/\/sezona.lv\/en\/wp-json\/wp\/v2\/media?parent=76910"}],"wp:term":[{"taxonomy":"product_brand","embeddable":true,"href":"https:\/\/sezona.lv\/en\/wp-json\/wp\/v2\/product_brand?post=76910"},{"taxonomy":"product_cat","embeddable":true,"href":"https:\/\/sezona.lv\/en\/wp-json\/wp\/v2\/product_cat?post=76910"},{"taxonomy":"product_tag","embeddable":true,"href":"https:\/\/sezona.lv\/en\/wp-json\/wp\/v2\/product_tag?post=76910"}],"curies":[{"name":"wp","href":"https:\/\/api.w.org\/{rel}","templated":true}]}}