{"id":76911,"date":"2025-07-14T14:58:15","date_gmt":"2025-07-14T11:58:15","guid":{"rendered":"https:\/\/demo8.ecube.lv\/sezona.lv\/products\/trisis-dmm-pinto\/"},"modified":"2025-07-14T14:58:15","modified_gmt":"2025-07-14T11:58:15","slug":"trisis-dmm-pinto","status":"publish","type":"product","link":"https:\/\/sezona.lv\/en\/products\/trisis-dmm-pinto\/","title":{"rendered":"Tr\u012bsis DMM Pinto"},"content":{"rendered":"<p align=\"justify\"><span style=\"font-size: x-small\">Viegls, iztur\u012bgs un efekt\u012bvs trisis ar fiks\u0113t\u0101m s\u0101nu mal\u0101m un gult\u0146iem. Ide\u0101li piem\u0113rots arboristiem, gl\u0101b\u0113jiem, tr\u012b&scaron;u sist\u0113m\u0101m, kur minim\u0101la berze ir visb\u016btisk\u0101k\u0101.<\/span><\/p>\n<div><\/div>\n<p align=\"justify\"><span style=\"font-size: x-small\"><strong>Specifik\u0101cija:<\/strong><\/span><\/p>\n<p align=\"justify\"><span style=\"font-size: x-small\"><span style=\"font-size: x-small\">Sertifik\u0101cija: CE EN 12278:1998\/ UIAA<\/span><br \/>Iztur\u012bba: 50kN<br \/>Svars: 111g<\/span><\/p>\n","protected":false},"excerpt":{"rendered":"<p>Viegls, iztur\u012bgs un efekt\u012bvs trisis ar fiks\u0113t\u0101m s\u0101nu mal\u0101m un gult\u0146iem. Ide\u0101li piem\u0113rots arboristiem, gl\u0101b\u0113jiem, tr\u012b&scaron;u sist\u0113m\u0101m, kur minim\u0101la berze ir visb\u016btisk\u0101k\u0101. Specifik\u0101cija: Sertifik\u0101cija: CE EN 12278:1998\/ UIAAIztur\u012bba: 50kNSvars: 111g<\/p>\n","protected":false},"featured_media":0,"template":"","meta":[],"product_brand":[965],"product_cat":[4851,4875,4878],"product_tag":[],"class_list":{"0":"post-76911","1":"product","2":"type-product","3":"status-publish","5":"product_brand-dmm","6":"product_cat-mountaineering-equipment-recreation","7":"product_cat-for-work-at-height-mountaineering-equipment-recreation","8":"product_cat-pulleys-en-dupcheck-169-for-work-at-height-mountaineering-equipment-recreation","10":"first","11":"instock","12":"shipping-taxable","13":"purchasable","14":"product-type-simple"},"_links":{"self":[{"href":"https:\/\/sezona.lv\/en\/wp-json\/wp\/v2\/product\/76911","targetHints":{"allow":["GET"]}}],"collection":[{"href":"https:\/\/sezona.lv\/en\/wp-json\/wp\/v2\/product"}],"about":[{"href":"https:\/\/sezona.lv\/en\/wp-json\/wp\/v2\/types\/product"}],"wp:attachment":[{"href":"https:\/\/sezona.lv\/en\/wp-json\/wp\/v2\/media?parent=76911"}],"wp:term":[{"taxonomy":"product_brand","embeddable":true,"href":"https:\/\/sezona.lv\/en\/wp-json\/wp\/v2\/product_brand?post=76911"},{"taxonomy":"product_cat","embeddable":true,"href":"https:\/\/sezona.lv\/en\/wp-json\/wp\/v2\/product_cat?post=76911"},{"taxonomy":"product_tag","embeddable":true,"href":"https:\/\/sezona.lv\/en\/wp-json\/wp\/v2\/product_tag?post=76911"}],"curies":[{"name":"wp","href":"https:\/\/api.w.org\/{rel}","templated":true}]}}