{"id":76912,"date":"2025-07-14T14:58:15","date_gmt":"2025-07-14T11:58:15","guid":{"rendered":"https:\/\/demo8.ecube.lv\/sezona.lv\/products\/trisis-dmm-hitch-climber\/"},"modified":"2025-07-14T14:58:15","modified_gmt":"2025-07-14T11:58:15","slug":"trisis-dmm-hitch-climber","status":"publish","type":"product","link":"https:\/\/sezona.lv\/en\/products\/trisis-dmm-hitch-climber\/","title":{"rendered":"Tr\u012bsis DMM Hitch Climber"},"content":{"rendered":"<p align=\"justify\"><span style=\"font-size: x-small\">DMM Hitch Climber tr\u012bsis paredz\u0113ts arboristiem vai gl\u0101b&scaron;anas darbiem, kur nepiecie&scaron;amas specifiskas oper\u0101cijas ar virv\u0113m. Apa\u013c\u0101s malas ir saudz\u012bgas pret auduma da\u013c\u0101m un virv\u0113m. To var izmantot gan, k\u0101 parastu tr\u012bsi, bet papildus stiprin\u0101juma iesp\u0113jas \u013cauj to izmantot daudz efekt\u012bv\u0101k.<\/span><\/p>\n<div><\/div>\n<p align=\"justify\"><span style=\"font-size: x-small\">vair\u0101k par &scaron;\u012b tr\u012b&scaron;a izmanto&scaron;anu arborisma vajadz\u012bb\u0101m:&nbsp;<a href=\"http:\/\/www.treemagineers.com\/downloads.php\" target=\"new\">www.treemagineers.com<\/a><\/span><\/p>\n<div><\/div>\n<p align=\"justify\"><span style=\"font-size: x-small\">Speficik\u0101cija:<\/span><\/p>\n<table class=\"tech_info_table\" border=\"0\">\n<tbody>\n<tr>\n<th>&nbsp;<\/th>\n<th>Iztur\u012bba<\/th>\n<th>Darba slodze<\/th>\n<th>Virves diametrs<\/th>\n<th>izm\u0113rs<\/th>\n<th>Svars<\/th>\n<\/tr>\n<tr>\n<td>Hitch Climber Triple Attachment Pulley sarkans<\/td>\n<td>30kN<\/td>\n<td>6kN<\/td>\n<td>max 14mm<\/td>\n<td>94 x 68 x 33mm<\/td>\n<td>133g<\/td>\n<\/tr>\n<\/tbody>\n<\/table>\n<p><span style=\"font-size: x-small\">Sertifik\u0101cija: EN12278:2007 (Tr\u012b&scaron;i) , EN795(B):2012 (Stiprin\u0101juma punkti) and NFPA 1983 (2012 Edition) Class T rating<\/span><\/p>\n","protected":false},"excerpt":{"rendered":"<p>DMM Hitch Climber tr\u012bsis paredz\u0113ts arboristiem vai gl\u0101b&scaron;anas darbiem, kur nepiecie&scaron;amas specifiskas oper\u0101cijas ar virv\u0113m. Apa\u013c\u0101s malas ir saudz\u012bgas pret auduma da\u013c\u0101m un virv\u0113m. To var izmantot gan, k\u0101 parastu tr\u012bsi, bet papildus stiprin\u0101juma iesp\u0113jas \u013cauj to izmantot daudz efekt\u012bv\u0101k. vair\u0101k par &scaron;\u012b tr\u012b&scaron;a izmanto&scaron;anu arborisma vajadz\u012bb\u0101m:&nbsp;www.treemagineers.com Speficik\u0101cija: &nbsp; Iztur\u012bba Darba slodze Virves diametrs izm\u0113rs [&hellip;]<\/p>\n","protected":false},"featured_media":0,"template":"","meta":[],"product_brand":[965],"product_cat":[4851,4875,4878],"product_tag":[],"class_list":{"0":"post-76912","1":"product","2":"type-product","3":"status-publish","5":"product_brand-dmm","6":"product_cat-mountaineering-equipment-recreation","7":"product_cat-for-work-at-height-mountaineering-equipment-recreation","8":"product_cat-pulleys-en-dupcheck-169-for-work-at-height-mountaineering-equipment-recreation","10":"first","11":"instock","12":"shipping-taxable","13":"purchasable","14":"product-type-simple"},"_links":{"self":[{"href":"https:\/\/sezona.lv\/en\/wp-json\/wp\/v2\/product\/76912","targetHints":{"allow":["GET"]}}],"collection":[{"href":"https:\/\/sezona.lv\/en\/wp-json\/wp\/v2\/product"}],"about":[{"href":"https:\/\/sezona.lv\/en\/wp-json\/wp\/v2\/types\/product"}],"wp:attachment":[{"href":"https:\/\/sezona.lv\/en\/wp-json\/wp\/v2\/media?parent=76912"}],"wp:term":[{"taxonomy":"product_brand","embeddable":true,"href":"https:\/\/sezona.lv\/en\/wp-json\/wp\/v2\/product_brand?post=76912"},{"taxonomy":"product_cat","embeddable":true,"href":"https:\/\/sezona.lv\/en\/wp-json\/wp\/v2\/product_cat?post=76912"},{"taxonomy":"product_tag","embeddable":true,"href":"https:\/\/sezona.lv\/en\/wp-json\/wp\/v2\/product_tag?post=76912"}],"curies":[{"name":"wp","href":"https:\/\/api.w.org\/{rel}","templated":true}]}}